{"id":21288,"date":"2023-05-09T10:20:16","date_gmt":"2023-05-09T13:20:16","guid":{"rendered":"https:\/\/www.ejercito.mil.uy\/?page_id=21288"},"modified":"2023-06-08T10:19:03","modified_gmt":"2023-06-08T13:19:03","slug":"manual-de-identidad-grafica","status":"publish","type":"page","link":"https:\/\/www.ejercito.mil.uy\/index.php\/manual-de-identidad-grafica\/","title":{"rendered":"Manual de identidad gr\u00e1fica"},"content":{"rendered":"\n<div style=\"height:22px\" aria-hidden=\"true\" class=\"wp-block-spacer\"><\/div>\n\n\n\n<p>Este manual re\u00fane las herramientas b\u00e1sicas para el uso correcto y aplicaci\u00f3n gr\u00e1\ufb01ca del imagopo (escudo m\u00e1s el texto) del Ej\u00e9rcito Nacional, en todas sus posibles expresiones.<\/p>\n\n\n\n<div style=\"height:22px\" aria-hidden=\"true\" class=\"wp-block-spacer\"><\/div>\n\n\n\n<p>Ha sido ideado ante la necesidad de que todos los integrantes de la Fuerza, comprendan, apliquen y repliquen el imagopo del Ej\u00e9rcito Nacional de manera correcta.<\/p>\n\n\n\n<div style=\"height:22px\" aria-hidden=\"true\" class=\"wp-block-spacer\"><\/div>\n\n\n\n<p>Dado que el exacto y consistente empleo del imagopo contribuir\u00e1 a conseguir los objevos de comunicaci\u00f3n del mismo, las normas que en este manual se detallan son de aplicaci\u00f3n obligatoria.<\/p>\n\n\n\n<div style=\"height:77px\" aria-hidden=\"true\" class=\"wp-block-spacer\"><\/div>\n\n\n\n<div data-wp-interactive=\"core\/file\" class=\"wp-block-file\"><object data-wp-bind--hidden=\"!state.hasPdfPreview\" hidden class=\"wp-block-file__embed\" data=\"https:\/\/www.ejercito.mil.uy\/wp-content\/uploads\/2023\/05\/Manual-de-identidad-grafica-Ejercito.pdf\" type=\"application\/pdf\" style=\"width:100%;height:620px\" aria-label=\"Embed of Manual-de-identidad-grafica-Ejercito.\"><\/object><a id=\"wp-block-file--media-f689827d-7cd4-4fdc-b40f-a4b63c19afcf\" href=\"https:\/\/www.ejercito.mil.uy\/wp-content\/uploads\/2023\/05\/Manual-de-identidad-grafica-Ejercito.pdf\">Manual-de-identidad-grafica-Ejercito<\/a><a href=\"https:\/\/www.ejercito.mil.uy\/wp-content\/uploads\/2023\/05\/Manual-de-identidad-grafica-Ejercito.pdf\" class=\"wp-block-file__button wp-element-button\" download aria-describedby=\"wp-block-file--media-f689827d-7cd4-4fdc-b40f-a4b63c19afcf\">Descarga<\/a><\/div>\n\n\n\n<div style=\"height:100px\" aria-hidden=\"true\" class=\"wp-block-spacer\"><\/div>\n\n\n\n<p class=\"has-large-font-size has-custom-weight\" style=\"font-weight:bold\"><strong>MATERIALES: Tipograf\u00eda y Escudos<\/strong><\/p>\n\n\n\n<div style=\"height:44px\" aria-hidden=\"true\" class=\"wp-block-spacer\"><\/div>\n\n\n\n<div class=\"wp-block-file\"><a id=\"wp-block-file--media-abb044a9-ba3b-43f8-9abc-86fdf69affdc\" href=\"https:\/\/www.ejercito.mil.uy\/wp-content\/uploads\/2023\/05\/tipografadelejrcitonacional.7z\">Tipograf\u00eda<\/a><a href=\"https:\/\/www.ejercito.mil.uy\/wp-content\/uploads\/2023\/05\/tipografadelejrcitonacional.7z\" class=\"wp-block-file__button wp-element-button\" download aria-describedby=\"wp-block-file--media-abb044a9-ba3b-43f8-9abc-86fdf69affdc\">Descarga<\/a><\/div>\n\n\n\n<div style=\"height:44px\" aria-hidden=\"true\" class=\"wp-block-spacer\"><\/div>\n\n\n\n<div class=\"wp-block-file\"><a id=\"wp-block-file--media-b09a36e9-57e4-44d1-a58d-3ae921bdd88a\" href=\"https:\/\/www.ejercito.mil.uy\/wp-content\/uploads\/2023\/05\/Escudos-EN.7z\">Escudos-EN<\/a><a href=\"https:\/\/www.ejercito.mil.uy\/wp-content\/uploads\/2023\/05\/Escudos-EN.7z\" class=\"wp-block-file__button wp-element-button\" download aria-describedby=\"wp-block-file--media-b09a36e9-57e4-44d1-a58d-3ae921bdd88a\">Descarga<\/a><\/div>\n\n\n\n<div style=\"height:44px\" aria-hidden=\"true\" class=\"wp-block-spacer\"><\/div>\n\n\n\n<div class=\"wp-block-media-text alignwide is-stacked-on-mobile is-style-default\"><figure class=\"wp-block-media-text__media\"><img fetchpriority=\"high\" decoding=\"async\" width=\"724\" height=\"1024\" src=\"https:\/\/www.ejercito.mil.uy\/wp-content\/uploads\/2023\/05\/Manual-de-identidad-grafica-Ejercito_017-724x1024.jpg\" alt=\"\" class=\"wp-image-21304 size-full\" srcset=\"https:\/\/www.ejercito.mil.uy\/wp-content\/uploads\/2023\/05\/Manual-de-identidad-grafica-Ejercito_017-724x1024.jpg 724w, https:\/\/www.ejercito.mil.uy\/wp-content\/uploads\/2023\/05\/Manual-de-identidad-grafica-Ejercito_017-212x300.jpg 212w\" sizes=\"(max-width: 724px) 100vw, 724px\" \/><\/figure><div class=\"wp-block-media-text__content\">\n<p class=\"has-large-font-size\">Gu\u00eda r\u00e1pida<br>Escudo<br>Fuente oficial<br>Paleta de colores<\/p>\n<\/div><\/div>\n\n\n\n<div style=\"height:100px\" aria-hidden=\"true\" class=\"wp-block-spacer\"><\/div>\n\n\n\n<p><\/p>\n","protected":false},"excerpt":{"rendered":"<p>Este manual re\u00fane las herramientas b\u00e1sicas para el uso correcto y aplicaci\u00f3n gr\u00e1\ufb01ca del imagopo (escudo m\u00e1s el texto) del Ej\u00e9rcito Nacional, en todas sus posibles expresiones. Ha sido ideado ante la necesidad de que todos los integrantes de la Fuerza, comprendan, apliquen y repliquen el imagopo del Ej\u00e9rcito Nacional de manera correcta. Dado que <a href=\"https:\/\/www.ejercito.mil.uy\/index.php\/manual-de-identidad-grafica\/\" class=\"more-link\">&#8230;<span class=\"screen-reader-text\">  Manual de identidad gr\u00e1fica<\/span><\/a><\/p>\n","protected":false},"author":3,"featured_media":21293,"parent":0,"menu_order":0,"comment_status":"closed","ping_status":"closed","template":"","meta":{"_coblocks_attr":"","_coblocks_dimensions":"","_coblocks_responsive_height":"","_coblocks_accordion_ie_support":"","_monsterinsights_skip_tracking":false,"_monsterinsights_sitenote_active":false,"_monsterinsights_sitenote_note":"","_monsterinsights_sitenote_category":0,"_uf_show_specific_survey":0,"_uf_disable_surveys":false,"footnotes":""},"class_list":["post-21288","page","type-page","status-publish","has-post-thumbnail","hentry"],"aioseo_notices":[],"_links":{"self":[{"href":"https:\/\/www.ejercito.mil.uy\/index.php\/wp-json\/wp\/v2\/pages\/21288","targetHints":{"allow":["GET"]}}],"collection":[{"href":"https:\/\/www.ejercito.mil.uy\/index.php\/wp-json\/wp\/v2\/pages"}],"about":[{"href":"https:\/\/www.ejercito.mil.uy\/index.php\/wp-json\/wp\/v2\/types\/page"}],"author":[{"embeddable":true,"href":"https:\/\/www.ejercito.mil.uy\/index.php\/wp-json\/wp\/v2\/users\/3"}],"replies":[{"embeddable":true,"href":"https:\/\/www.ejercito.mil.uy\/index.php\/wp-json\/wp\/v2\/comments?post=21288"}],"version-history":[{"count":10,"href":"https:\/\/www.ejercito.mil.uy\/index.php\/wp-json\/wp\/v2\/pages\/21288\/revisions"}],"predecessor-version":[{"id":22380,"href":"https:\/\/www.ejercito.mil.uy\/index.php\/wp-json\/wp\/v2\/pages\/21288\/revisions\/22380"}],"wp:featuredmedia":[{"embeddable":true,"href":"https:\/\/www.ejercito.mil.uy\/index.php\/wp-json\/wp\/v2\/media\/21293"}],"wp:attachment":[{"href":"https:\/\/www.ejercito.mil.uy\/index.php\/wp-json\/wp\/v2\/media?parent=21288"}],"curies":[{"name":"wp","href":"https:\/\/api.w.org\/{rel}","templated":true}]}}