{"id":232,"date":"2020-12-04T12:59:01","date_gmt":"2020-12-04T15:59:01","guid":{"rendered":"http:\/\/10.1.99.112\/?page_id=232"},"modified":"2023-02-15T11:57:02","modified_gmt":"2023-02-15T14:57:02","slug":"curriculum-comandante","status":"publish","type":"page","link":"https:\/\/www.ejercito.mil.uy\/index.php\/curriculum-comandante\/","title":{"rendered":"Curr\u00edculum del Sr. Comandante en Jefe del Ej\u00e9rcito"},"content":{"rendered":"\n<p><strong>Comandante en Jefe del Ej\u00e9rcito, General de Ej\u00e9rcito Mario Rafael Stevenazzi Vi\u00f1as <\/strong><\/p>\n\n\n\n<div class=\"wp-block-image\"><figure class=\"aligncenter size-large is-resized\"><img fetchpriority=\"high\" decoding=\"async\" src=\"https:\/\/www.ejercito.mil.uy\/wp-content\/uploads\/2023\/02\/Gral-E-Mario-R-STEVENAZZI-2023-819x1024.jpg\" alt=\"\" class=\"wp-image-18993\" width=\"614\" height=\"768\" srcset=\"https:\/\/www.ejercito.mil.uy\/wp-content\/uploads\/2023\/02\/Gral-E-Mario-R-STEVENAZZI-2023-819x1024.jpg 819w, https:\/\/www.ejercito.mil.uy\/wp-content\/uploads\/2023\/02\/Gral-E-Mario-R-STEVENAZZI-2023-240x300.jpg 240w, https:\/\/www.ejercito.mil.uy\/wp-content\/uploads\/2023\/02\/Gral-E-Mario-R-STEVENAZZI-2023.jpg 963w\" sizes=\"(max-width: 614px) 100vw, 614px\" \/><\/figure><\/div>\n\n\n\n<div style=\"height:33px\" aria-hidden=\"true\" class=\"wp-block-spacer\"><\/div>\n\n\n\n<p><br><em><strong>Fecha de nacimiento:<\/strong> 20 de marzo de 1965<\/em><\/p>\n\n\n\n<p><em><strong>Lugar de nacimiento: <\/strong>Ciudad de Las Piedras \u2013 Canelones<\/em><\/p>\n\n\n\n<p><em><strong>Egreso de la Escuela Militar:<\/strong> 21 de diciembre de 1986, como Alf\u00e9rez del Arma de Artiller\u00eda<\/em><\/p>\n\n\n\n<div style=\"height:33px\" aria-hidden=\"true\" class=\"wp-block-spacer\"><\/div>\n\n\n\n<p><strong>Destinos principales como Oficial:<\/strong><\/p>\n\n\n\n<div style=\"height:33px\" aria-hidden=\"true\" class=\"wp-block-spacer\"><\/div>\n\n\n\n<p>&#8211;&nbsp;<em>Jefe de Secci\u00f3n en el Grupo \u201cLas Piedras\u201d de Artiller\u00eda 105 mm N\u00ba 3<\/em><\/p>\n\n\n\n<p>&#8211; <em>Jefe de Secci\u00f3n en el Grupo de Artiller\u00eda de Defensa Antia\u00e9rea N\u00ba 1<\/em><\/p>\n\n\n\n<p>&#8211; <em>Comandante de Bater\u00eda en el Grupo \u201cCruzada Libertadora de 1825\u201d de Artiller\u00eda 105 mm N\u00ba 4<\/em><\/p>\n\n\n\n<p>&#8211; <em>2do. Jefe en el Grupo \u201c\u00c9xodo del Pueblo Oriental\u201d de Artiller\u00eda (AP) 122mm N\u00ba 2<\/em><\/p>\n\n\n\n<p>&#8211; <em>Jefe del Grupo de Artiller\u00eda N\u00ba 5<\/em><\/p>\n\n\n\n<p>&#8211; <em>Integrante del Estado Mayor Personal del Sr. Cte.J.E<\/em><\/p>\n\n\n\n<p>&#8211; <em>Jefe del Departamento de Comunicaci\u00f3n Institucional del Ej\u00e9rcito<\/em><\/p>\n\n\n\n<p>&#8211; <em>Director del Servicio de Retiros y Pensiones de las Fuerzas Armadas<\/em><\/p>\n\n\n\n<p>&#8211; <em>Inspector del Arma de Artiller\u00eda<\/em><\/p>\n\n\n\n<p>&#8211; <em>Sub. Jefe del Estado Mayor del Ej\u00e9rcito<\/em><\/p>\n\n\n\n<div style=\"height:33px\" aria-hidden=\"true\" class=\"wp-block-spacer\"><\/div>\n\n\n\n<p><strong>Otras asignaciones como Oficial:&nbsp;<\/strong><\/p>\n\n\n\n<div style=\"height:33px\" aria-hidden=\"true\" class=\"wp-block-spacer\"><\/div>\n\n\n\n<p>&#8211; <em>Oficial Instructor en el Centro de Instrucci\u00f3n de Artiller\u00eda de Campa\u00f1a y Antia\u00e9rea<\/em><\/p>\n\n\n\n<p>&#8211; <em>Oficial Instructor en el Instituto Militar de Estudios Superiores<\/em><\/p>\n\n\n\n<p>&#8211; <em>Oficial Instructor en la Escuela Nacional de Operaciones de Paz del Uruguay<\/em><\/p>\n\n\n\n<p>&#8211; <em>Integrante de los Tribunales de Concurso para Ascenso en el Arma de Artiller\u00eda<\/em><\/p>\n\n\n\n<div style=\"height:33px\" aria-hidden=\"true\" class=\"wp-block-spacer\"><\/div>\n\n\n\n<p><strong>Participaci\u00f3n en Actividades Internacionales Militares: <\/strong><\/p>\n\n\n\n<div style=\"height:33px\" aria-hidden=\"true\" class=\"wp-block-spacer\"><\/div>\n\n\n\n<p>&#8211; <em>Agregado de Defensa de la R.O.U. ante la Rep\u00fablica Popular China<\/em><\/p>\n\n\n\n<p>&#8211; <em>Simposio de Relaciones C\u00edvico-Militar en Chile<\/em><\/p>\n\n\n\n<p>&#8211; <em>Delegado del Ej\u00e9rcito Nacional ante la Conferencia de Ej\u00e9rcitos Americanos<\/em><\/p>\n\n\n\n<div style=\"height:33px\" aria-hidden=\"true\" class=\"wp-block-spacer\"><\/div>\n\n\n\n<p><strong>Ascenso al grado de Oficial General: <\/strong><em>1ro. de Febrero de 2019.<\/em> <\/p>\n\n\n\n<div style=\"height:33px\" aria-hidden=\"true\" class=\"wp-block-spacer\"><\/div>\n\n\n\n<p><strong>Destinos como General:<\/strong><\/p>\n\n\n\n<div style=\"height:33px\" aria-hidden=\"true\" class=\"wp-block-spacer\"><\/div>\n\n\n\n<p>&#8211;&nbsp;<em>Jefe del Estado Mayor del Ej\u00e9rcito<\/em><\/p>\n\n\n\n<p>&#8211; <em>Comandante de la Divisi\u00f3n de Ej\u00e9rcito I<\/em><\/p>\n\n\n\n<p>&#8211; <em>Presidente del Tribunal Superior de Ascensos y Recursos del Ej\u00e9rcito<\/em><\/p>\n\n\n\n<p>&#8211; <em>Comandante de la Divisi\u00f3n de Ej\u00e9rcito III<\/em><\/p>\n\n\n\n<div style=\"height:33px\" aria-hidden=\"true\" class=\"wp-block-spacer\"><\/div>\n\n\n\n<p><strong>Principales cursos realizados:<\/strong><\/p>\n\n\n\n<p>&#8211; <em>Curso de Oficial de Estado Mayor (I.M.E.S.)<\/em><\/p>\n\n\n\n<p>&#8211; <em>Licenciado en Ciencias Militares (I.M.E.S.)<\/em><\/p>\n\n\n\n<div style=\"height:33px\" aria-hidden=\"true\" class=\"wp-block-spacer\"><\/div>\n\n\n\n<p><strong>Despliegues con Naciones Unidas:<\/strong><\/p>\n\n\n\n<p>&nbsp;<em>C<\/em><em>o<\/em><em>m<\/em><em>o Oficial Subalterno:<\/em><\/p>\n\n\n\n<p>&#8211; <em>Jefe de Secci\u00f3n en el Batall\u00f3n \u201cUruguay I\u201d UNTAC \u2013 Camboya.<\/em><\/p>\n\n\n\n<p><em>Como Teniente Coronel:<\/em><\/p>\n\n\n\n<p><em>&#8211; Integrante de la C\u00e9lula Log\u00edstica en el Batall\u00f3n \u201cUruguay IV\u201d MONUSCO &#8211; R.D.CONGO.<\/em><\/p>\n\n\n\n<p><em>Como Coronel:<\/em><\/p>\n\n\n\n<p>&#8211; <em>Desplegado como Observador Militar \u2013 Integrante del Estado Mayor de Brigada en<\/em> <em> MONUSCO &#8211; R.D.CONGO.<\/em><\/p>\n\n\n\n<p><em>&#8211; Particip\u00f3 en Ejercicios de Misiones Operativas de Paz.<\/em><\/p>\n\n\n\n<div style=\"height:50px\" aria-hidden=\"true\" class=\"wp-block-spacer\"><\/div>\n\n\n\n<p><em>Hijo: Lucas Stevenazzi <\/em><\/p>\n","protected":false},"excerpt":{"rendered":"<p>Comandante en Jefe del Ej\u00e9rcito, General de Ej\u00e9rcito Mario Rafael Stevenazzi Vi\u00f1as Fecha de nacimiento: 20 de marzo de 1965 Lugar de nacimiento: Ciudad de Las Piedras \u2013 Canelones Egreso de la Escuela Militar: 21 de diciembre de 1986, como Alf\u00e9rez del Arma de Artiller\u00eda Destinos principales como Oficial: &#8211;&nbsp;Jefe de Secci\u00f3n en el Grupo <a href=\"https:\/\/www.ejercito.mil.uy\/index.php\/curriculum-comandante\/\" class=\"more-link\">&#8230;<span class=\"screen-reader-text\">  Curr\u00edculum del Sr. Comandante en Jefe del Ej\u00e9rcito<\/span><\/a><\/p>\n","protected":false},"author":3,"featured_media":0,"parent":0,"menu_order":0,"comment_status":"closed","ping_status":"closed","template":"","meta":{"_coblocks_attr":"","_coblocks_dimensions":"","_coblocks_responsive_height":"","_coblocks_accordion_ie_support":"","_monsterinsights_skip_tracking":false,"_monsterinsights_sitenote_active":false,"_monsterinsights_sitenote_note":"","_monsterinsights_sitenote_category":0,"_uf_show_specific_survey":0,"_uf_disable_surveys":false,"footnotes":""},"class_list":["post-232","page","type-page","status-publish","hentry"],"aioseo_notices":[],"_links":{"self":[{"href":"https:\/\/www.ejercito.mil.uy\/index.php\/wp-json\/wp\/v2\/pages\/232","targetHints":{"allow":["GET"]}}],"collection":[{"href":"https:\/\/www.ejercito.mil.uy\/index.php\/wp-json\/wp\/v2\/pages"}],"about":[{"href":"https:\/\/www.ejercito.mil.uy\/index.php\/wp-json\/wp\/v2\/types\/page"}],"author":[{"embeddable":true,"href":"https:\/\/www.ejercito.mil.uy\/index.php\/wp-json\/wp\/v2\/users\/3"}],"replies":[{"embeddable":true,"href":"https:\/\/www.ejercito.mil.uy\/index.php\/wp-json\/wp\/v2\/comments?post=232"}],"version-history":[{"count":28,"href":"https:\/\/www.ejercito.mil.uy\/index.php\/wp-json\/wp\/v2\/pages\/232\/revisions"}],"predecessor-version":[{"id":19155,"href":"https:\/\/www.ejercito.mil.uy\/index.php\/wp-json\/wp\/v2\/pages\/232\/revisions\/19155"}],"wp:attachment":[{"href":"https:\/\/www.ejercito.mil.uy\/index.php\/wp-json\/wp\/v2\/media?parent=232"}],"curies":[{"name":"wp","href":"https:\/\/api.w.org\/{rel}","templated":true}]}}