{"id":239,"date":"2020-12-04T13:18:55","date_gmt":"2020-12-04T16:18:55","guid":{"rendered":"http:\/\/10.1.99.112\/?page_id=239"},"modified":"2026-04-27T10:50:23","modified_gmt":"2026-04-27T13:50:23","slug":"relacion-de-autoridades","status":"publish","type":"page","link":"https:\/\/www.ejercito.mil.uy\/index.php\/relacion-de-autoridades\/","title":{"rendered":"Relaci\u00f3n de autoridades"},"content":{"rendered":"<div class=\"wp-block-image\">\n<figure class=\"aligncenter size-full\"><img fetchpriority=\"high\" decoding=\"async\" width=\"1024\" height=\"576\" src=\"https:\/\/www.ejercito.mil.uy\/wp-content\/uploads\/2022\/10\/salon-de-honor3.jpg\" alt=\"\" class=\"wp-image-17029\" srcset=\"https:\/\/www.ejercito.mil.uy\/wp-content\/uploads\/2022\/10\/salon-de-honor3.jpg 1024w, https:\/\/www.ejercito.mil.uy\/wp-content\/uploads\/2022\/10\/salon-de-honor3-300x169.jpg 300w\" sizes=\"(max-width: 1024px) 100vw, 1024px\" \/><\/figure>\n<\/div>\n\n\n<p class=\"has-black-color has-text-color has-link-color wp-elements-97cc812ad38be6b732672c720f7ce2ba\">Gu\u00eda de autoridades del Ej\u00e9rcito <strong>actualizada al mes de abril<\/strong>.<\/p>\n\n\n\n<div style=\"height:33px\" aria-hidden=\"true\" class=\"wp-block-spacer\"><\/div>\n\n\n\n<div data-wp-interactive=\"core\/file\" class=\"wp-block-file\"><object data-wp-bind--hidden=\"!state.hasPdfPreview\" hidden class=\"wp-block-file__embed\" data=\"https:\/\/www.ejercito.mil.uy\/wp-content\/uploads\/2026\/04\/Relacion-de-Autoridades.pdf\" type=\"application\/pdf\" style=\"width:100%;height:600px\" aria-label=\"Embed of Relaci\u00f3n de Autoridades.\"><\/object><a id=\"wp-block-file--media-9b92112f-e0be-4a7d-b85b-08c17de39617\" href=\"https:\/\/www.ejercito.mil.uy\/wp-content\/uploads\/2026\/04\/Relacion-de-Autoridades.pdf\">Relaci\u00f3n de Autoridades<\/a><a href=\"https:\/\/www.ejercito.mil.uy\/wp-content\/uploads\/2026\/04\/Relacion-de-Autoridades.pdf\" class=\"wp-block-file__button wp-element-button\" download aria-describedby=\"wp-block-file--media-9b92112f-e0be-4a7d-b85b-08c17de39617\">Descarga<\/a><\/div>\n\n\n\n<div style=\"height:33px\" aria-hidden=\"true\" class=\"wp-block-spacer\"><\/div>\n\n\n\n<p class=\"has-black-color has-text-color has-link-color wp-elements-8100f9860cdfa61139251e7fc147f686\">Por consultas o actualizaciones:<br>Departamento de Comunicaci\u00f3n Institucional del Ej\u00e9rcito, <strong>Div. Ceremonial y Protocolo<\/strong>.<\/p>\n\n\n\n<div style=\"height:33px\" aria-hidden=\"true\" class=\"wp-block-spacer\"><\/div>\n\n\n\n<p class=\"has-black-color has-text-color has-background has-link-color has-medium-font-size wp-elements-849c7bc5c4b9e81c19791d5215881187\" style=\"background-color:#fef9e7\">E-mail: <a href=\"mailto:cominstitucional@ejercito.mil.uy\" target=\"_blank\" rel=\"noreferrer noopener\">protocoloejercito@ejercito.mil.uy<\/a><br>Tel.: 2208 1542 &#8211; 12606<\/p>\n\n\n\n<div style=\"height:100px\" aria-hidden=\"true\" class=\"wp-block-spacer\"><\/div>\n\n\n\n<p><\/p>\n","protected":false},"excerpt":{"rendered":"<p>Gu\u00eda de autoridades del Ej\u00e9rcito actualizada al mes de abril. Por consultas o actualizaciones:Departamento de Comunicaci\u00f3n Institucional del Ej\u00e9rcito, Div. Ceremonial y Protocolo. E-mail: protocoloejercito@ejercito.mil.uyTel.: 2208 1542 &#8211; 12606<\/p>\n","protected":false},"author":3,"featured_media":0,"parent":0,"menu_order":0,"comment_status":"closed","ping_status":"closed","template":"","meta":{"_coblocks_attr":"","_coblocks_dimensions":"","_coblocks_responsive_height":"","_coblocks_accordion_ie_support":"","_monsterinsights_skip_tracking":false,"_monsterinsights_sitenote_active":false,"_monsterinsights_sitenote_note":"","_monsterinsights_sitenote_category":0,"_uf_show_specific_survey":0,"_uf_disable_surveys":false,"footnotes":""},"class_list":["post-239","page","type-page","status-publish","hentry"],"aioseo_notices":[],"_links":{"self":[{"href":"https:\/\/www.ejercito.mil.uy\/index.php\/wp-json\/wp\/v2\/pages\/239","targetHints":{"allow":["GET"]}}],"collection":[{"href":"https:\/\/www.ejercito.mil.uy\/index.php\/wp-json\/wp\/v2\/pages"}],"about":[{"href":"https:\/\/www.ejercito.mil.uy\/index.php\/wp-json\/wp\/v2\/types\/page"}],"author":[{"embeddable":true,"href":"https:\/\/www.ejercito.mil.uy\/index.php\/wp-json\/wp\/v2\/users\/3"}],"replies":[{"embeddable":true,"href":"https:\/\/www.ejercito.mil.uy\/index.php\/wp-json\/wp\/v2\/comments?post=239"}],"version-history":[{"count":344,"href":"https:\/\/www.ejercito.mil.uy\/index.php\/wp-json\/wp\/v2\/pages\/239\/revisions"}],"predecessor-version":[{"id":57973,"href":"https:\/\/www.ejercito.mil.uy\/index.php\/wp-json\/wp\/v2\/pages\/239\/revisions\/57973"}],"wp:attachment":[{"href":"https:\/\/www.ejercito.mil.uy\/index.php\/wp-json\/wp\/v2\/media?parent=239"}],"curies":[{"name":"wp","href":"https:\/\/api.w.org\/{rel}","templated":true}]}}