{"id":253,"date":"2020-12-11T18:49:11","date_gmt":"2020-12-11T21:49:11","guid":{"rendered":"http:\/\/10.1.99.112\/?page_id=253"},"modified":"2023-03-03T08:59:59","modified_gmt":"2023-03-03T11:59:59","slug":"apoyo-a-la-comunidad","status":"publish","type":"page","link":"https:\/\/www.ejercito.mil.uy\/index.php\/apoyo-a-la-comunidad\/","title":{"rendered":"Apoyo a la comunidad"},"content":{"rendered":"\n<figure class=\"wp-block-embed aligncenter is-type-video is-provider-youtube wp-block-embed-youtube wp-embed-aspect-16-9 wp-has-aspect-ratio\"><div class=\"wp-block-embed__wrapper\">\n<iframe title=\"Apoyo a la comunidad\" width=\"1778\" height=\"1000\" src=\"https:\/\/www.youtube.com\/embed\/pE9gpnb0SiQ?feature=oembed\" frameborder=\"0\" allow=\"accelerometer; autoplay; clipboard-write; encrypted-media; gyroscope; picture-in-picture; web-share\" allowfullscreen><\/iframe>\n<\/div><\/figure>\n\n\n\n<div style=\"height:50px\" aria-hidden=\"true\" class=\"wp-block-spacer\"><\/div>\n\n\n\n<p>Acorde a la <a href=\"https:\/\/www.impo.com.uy\/bases\/leyes\/18650-2010\/16\" target=\"_blank\" rel=\"noreferrer noopener\">Ley Marco de Defensa Nacional N\u00ba 18.650<\/a>, Art. 20: <em>en tiempos de paz y bajo la autorizaci\u00f3n expresa del Ministro de Defensa Nacional, <\/em>(las Fuerzas Armadas)<em> podr\u00e1n prestar servicios o colaboraci\u00f3n en actividades que por su especialidad, relevancia social o conveniencia p\u00fablica les sean solicitadas y sin que ello implique detrimento en el cumplimiento de su misi\u00f3n fundamental.<\/em><\/p>\n\n\n\n<div style=\"height:50px\" aria-hidden=\"true\" class=\"wp-block-spacer\"><\/div>\n\n\n\n<p>En tal sentido, el <strong>Departamento V del Estado Mayor del Ej\u00e9rcito <\/strong>centraliza las actividades que realiza las diversas reparticiones de la Fuerza en apoyo a la comunidad. <\/p>\n\n\n\n<div style=\"height:50px\" aria-hidden=\"true\" class=\"wp-block-spacer\"><\/div>\n\n\n\n<p><strong>Funciones del Departamento V del Estado Mayor del Ej\u00e9rcito:<\/strong><\/p>\n\n\n\n<div style=\"height:50px\" aria-hidden=\"true\" class=\"wp-block-spacer\"><\/div>\n\n\n\n<p>\u2022 Elabora, realiza el seguimiento, evaluaci\u00f3n, coordinaci\u00f3n y registro de proyectos en las \u00e1reas de responsabilidad definidas<\/p>\n\n\n\n<p>\u2022 Recomienda las pol\u00edticas a seguir en sus \u00e1reas funcionales<\/p>\n\n\n\n<p>\u2022 Representa, cuando as\u00ed se disponga, al Comando General del Ej\u00e9rcito ante instituciones p\u00fablicas y privadas, en sus \u00e1reas funcionales<\/p>\n\n\n\n<p>\u2022 Supervisa la ejecuci\u00f3n de planes y \u00f3rdenes emitidas a los efectos de brindar apoyos <\/p>\n\n\n\n<div style=\"height:50px\" aria-hidden=\"true\" class=\"wp-block-spacer\"><\/div>\n\n\n\n<p><strong>Organizaci\u00f3n<\/strong><\/p>\n\n\n\n<p>\u2022 Jefatura del Departamento<\/p>\n\n\n\n<p>\u2022 Divisi\u00f3n Administrativa \/ Asuntos Civiles <\/p>\n\n\n\n<p> \u2022 Sub Divisi\u00f3n Apoyo al Desarrollo<\/p>\n\n\n\n<p> \u2022 Sub Divisi\u00f3n Defensa y Protecci\u00f3n Civil<\/p>\n\n\n\n<p> \u2022  Sub Divisi\u00f3n Medio Ambiente<\/p>\n\n\n\n<p>\u2022 Divisi\u00f3n Bienestar Social <\/p>\n\n\n\n<p>\u2022 Divisi\u00f3n Viviendas del Servicio <\/p>\n\n\n\n<div style=\"height:50px\" aria-hidden=\"true\" class=\"wp-block-spacer\"><\/div>\n\n\n\n<p class=\"has-white-color has-vivid-cyan-blue-background-color has-text-color has-background has-medium-font-size\"><strong>Para comunicarse con el Departamento V del Estado Mayor del Ej\u00e9rcito puede hacerlo al tel\u00e9fono 2487 3121 int. 12500.<\/strong><\/p>\n\n\n\n<div style=\"height:50px\" aria-hidden=\"true\" class=\"wp-block-spacer\"><\/div>\n\n\n\n<div class=\"wp-block-coblocks-row coblocks-row-1115163644986\" data-columns=\"1\" data-layout=\"100\"><div class=\"wp-block-coblocks-row__inner has-no-padding has-no-margin is-stacked-on-mobile has-medium-gutter\">\n<div class=\"wp-block-coblocks-column coblocks-column-1115163649563\" style=\"width:100%\"><div class=\"wp-block-coblocks-column__inner has-no-padding has-no-margin\"><\/div><\/div>\n<\/div><\/div>\n\n\n\n<p><\/p>\n","protected":false},"excerpt":{"rendered":"<p>Acorde a la Ley Marco de Defensa Nacional N\u00ba 18.650, Art. 20: en tiempos de paz y bajo la autorizaci\u00f3n expresa del Ministro de Defensa Nacional, (las Fuerzas Armadas) podr\u00e1n prestar servicios o colaboraci\u00f3n en actividades que por su especialidad, relevancia social o conveniencia p\u00fablica les sean solicitadas y sin que ello implique detrimento en <a href=\"https:\/\/www.ejercito.mil.uy\/index.php\/apoyo-a-la-comunidad\/\" class=\"more-link\">&#8230;<span class=\"screen-reader-text\">  Apoyo a la comunidad<\/span><\/a><\/p>\n","protected":false},"author":3,"featured_media":0,"parent":0,"menu_order":0,"comment_status":"closed","ping_status":"closed","template":"","meta":{"_coblocks_attr":"","_coblocks_dimensions":"","_coblocks_responsive_height":"","_coblocks_accordion_ie_support":"","_monsterinsights_skip_tracking":false,"_monsterinsights_sitenote_active":false,"_monsterinsights_sitenote_note":"","_monsterinsights_sitenote_category":0,"_uf_show_specific_survey":0,"_uf_disable_surveys":false,"footnotes":""},"class_list":["post-253","page","type-page","status-publish","hentry"],"aioseo_notices":[],"_links":{"self":[{"href":"https:\/\/www.ejercito.mil.uy\/index.php\/wp-json\/wp\/v2\/pages\/253","targetHints":{"allow":["GET"]}}],"collection":[{"href":"https:\/\/www.ejercito.mil.uy\/index.php\/wp-json\/wp\/v2\/pages"}],"about":[{"href":"https:\/\/www.ejercito.mil.uy\/index.php\/wp-json\/wp\/v2\/types\/page"}],"author":[{"embeddable":true,"href":"https:\/\/www.ejercito.mil.uy\/index.php\/wp-json\/wp\/v2\/users\/3"}],"replies":[{"embeddable":true,"href":"https:\/\/www.ejercito.mil.uy\/index.php\/wp-json\/wp\/v2\/comments?post=253"}],"version-history":[{"count":17,"href":"https:\/\/www.ejercito.mil.uy\/index.php\/wp-json\/wp\/v2\/pages\/253\/revisions"}],"predecessor-version":[{"id":19545,"href":"https:\/\/www.ejercito.mil.uy\/index.php\/wp-json\/wp\/v2\/pages\/253\/revisions\/19545"}],"wp:attachment":[{"href":"https:\/\/www.ejercito.mil.uy\/index.php\/wp-json\/wp\/v2\/media?parent=253"}],"curies":[{"name":"wp","href":"https:\/\/api.w.org\/{rel}","templated":true}]}}