{"id":269,"date":"2020-12-11T19:40:02","date_gmt":"2020-12-11T22:40:02","guid":{"rendered":"http:\/\/10.1.99.112\/?page_id=269"},"modified":"2021-02-24T13:37:08","modified_gmt":"2021-02-24T16:37:08","slug":"nuestros-origenes","status":"publish","type":"page","link":"https:\/\/www.ejercito.mil.uy\/index.php\/nuestros-origenes\/","title":{"rendered":"Creaci\u00f3n y evoluci\u00f3n hist\u00f3rica"},"content":{"rendered":"\n<div class=\"wp-block-coblocks-gallery-carousel coblocks-animate\" data-coblocks-animation=\"fadeIn\"><div class=\"is-cropped coblocks-gallery has-no-alignment has-filter-sepia has-caption-style-dark has-horizontal-gutter has-lightbox\"><div class=\"has-carousel has-carousel-lrg\" style=\"height:400px\" data-flickity=\"{&quot;autoPlay&quot;:3000,&quot;draggable&quot;:true,&quot;pageDots&quot;:false,&quot;prevNextButtons&quot;:true,&quot;wrapAround&quot;:true,&quot;cellAlign&quot;:&quot;center&quot;,&quot;pauseAutoPlayOnHover&quot;:false,&quot;freeScroll&quot;:false,&quot;arrowShape&quot;:{&quot;x0&quot;:10,&quot;x1&quot;:60,&quot;y1&quot;:50,&quot;x2&quot;:65,&quot;y2&quot;:45,&quot;x3&quot;:20},&quot;thumbnails&quot;:false,&quot;responsiveHeight&quot;:false}\"><div class=\"coblocks-gallery--item\"><figure class=\"coblocks-gallery--figure has-margin-left-5 has-margin-left-mobile-5 has-margin-right-5 has-margin-right-mobile-5\"><img fetchpriority=\"high\" decoding=\"async\" width=\"600\" height=\"400\" src=\"http:\/\/www.ejercito.mil.uy\/wp-content\/uploads\/2021\/02\/01cuadro-1-1.jpg\" alt=\"\" data-id=\"636\" data-link=\"http:\/\/www.ejercito.mil.uy\/index.php\/nuestros-origenes\/01cuadro-1-1\/\" class=\"wp-image-636\" srcset=\"https:\/\/www.ejercito.mil.uy\/wp-content\/uploads\/2021\/02\/01cuadro-1-1.jpg 600w, https:\/\/www.ejercito.mil.uy\/wp-content\/uploads\/2021\/02\/01cuadro-1-1-300x200.jpg 300w\" sizes=\"(max-width: 600px) 100vw, 600px\" \/><\/figure><\/div><div class=\"coblocks-gallery--item\"><figure class=\"coblocks-gallery--figure has-margin-left-5 has-margin-left-mobile-5 has-margin-right-5 has-margin-right-mobile-5\"><img decoding=\"async\" width=\"600\" height=\"400\" src=\"http:\/\/www.ejercito.mil.uy\/wp-content\/uploads\/2021\/02\/01cuadro-2-1.jpg\" alt=\"\" data-id=\"638\" data-link=\"http:\/\/www.ejercito.mil.uy\/index.php\/nuestros-origenes\/01cuadro-2-1\/\" class=\"wp-image-638\" srcset=\"https:\/\/www.ejercito.mil.uy\/wp-content\/uploads\/2021\/02\/01cuadro-2-1.jpg 600w, https:\/\/www.ejercito.mil.uy\/wp-content\/uploads\/2021\/02\/01cuadro-2-1-300x200.jpg 300w\" sizes=\"(max-width: 600px) 100vw, 600px\" \/><\/figure><\/div><div class=\"coblocks-gallery--item\"><figure class=\"coblocks-gallery--figure has-margin-left-5 has-margin-left-mobile-5 has-margin-right-5 has-margin-right-mobile-5\"><img decoding=\"async\" width=\"1024\" height=\"683\" src=\"http:\/\/www.ejercito.mil.uy\/wp-content\/uploads\/2021\/02\/01cuadro-3-1-1024x683.jpg\" alt=\"\" data-id=\"640\" data-link=\"http:\/\/www.ejercito.mil.uy\/index.php\/nuestros-origenes\/01cuadro-3-1\/\" class=\"wp-image-640\" srcset=\"https:\/\/www.ejercito.mil.uy\/wp-content\/uploads\/2021\/02\/01cuadro-3-1-1024x683.jpg 1024w, https:\/\/www.ejercito.mil.uy\/wp-content\/uploads\/2021\/02\/01cuadro-3-1-300x200.jpg 300w\" sizes=\"(max-width: 1024px) 100vw, 1024px\" \/><\/figure><\/div><div class=\"coblocks-gallery--item\"><figure class=\"coblocks-gallery--figure has-margin-left-5 has-margin-left-mobile-5 has-margin-right-5 has-margin-right-mobile-5\"><img loading=\"lazy\" decoding=\"async\" width=\"600\" height=\"400\" src=\"http:\/\/www.ejercito.mil.uy\/wp-content\/uploads\/2021\/02\/01cuadro-4-1.jpg\" alt=\"\" data-id=\"642\" data-link=\"http:\/\/www.ejercito.mil.uy\/index.php\/nuestros-origenes\/01cuadro-4-1\/\" class=\"wp-image-642\" srcset=\"https:\/\/www.ejercito.mil.uy\/wp-content\/uploads\/2021\/02\/01cuadro-4-1.jpg 600w, https:\/\/www.ejercito.mil.uy\/wp-content\/uploads\/2021\/02\/01cuadro-4-1-300x200.jpg 300w\" sizes=\"(max-width: 600px) 100vw, 600px\" \/><\/figure><\/div><div class=\"coblocks-gallery--item\"><figure class=\"coblocks-gallery--figure has-margin-left-5 has-margin-left-mobile-5 has-margin-right-5 has-margin-right-mobile-5\"><img loading=\"lazy\" decoding=\"async\" width=\"600\" height=\"400\" src=\"http:\/\/www.ejercito.mil.uy\/wp-content\/uploads\/2021\/02\/02cuadro-2-1.jpg\" alt=\"\" data-id=\"644\" data-link=\"http:\/\/www.ejercito.mil.uy\/index.php\/nuestros-origenes\/02cuadro-2-1\/\" class=\"wp-image-644\" srcset=\"https:\/\/www.ejercito.mil.uy\/wp-content\/uploads\/2021\/02\/02cuadro-2-1.jpg 600w, https:\/\/www.ejercito.mil.uy\/wp-content\/uploads\/2021\/02\/02cuadro-2-1-300x200.jpg 300w\" sizes=\"(max-width: 600px) 100vw, 600px\" \/><\/figure><\/div><div class=\"coblocks-gallery--item\"><figure class=\"coblocks-gallery--figure has-margin-left-5 has-margin-left-mobile-5 has-margin-right-5 has-margin-right-mobile-5\"><img loading=\"lazy\" decoding=\"async\" width=\"600\" height=\"400\" src=\"http:\/\/www.ejercito.mil.uy\/wp-content\/uploads\/2021\/02\/02cuadro-3-1.jpg\" alt=\"\" data-id=\"646\" data-link=\"http:\/\/www.ejercito.mil.uy\/index.php\/nuestros-origenes\/02cuadro-3-1\/\" class=\"wp-image-646\" srcset=\"https:\/\/www.ejercito.mil.uy\/wp-content\/uploads\/2021\/02\/02cuadro-3-1.jpg 600w, https:\/\/www.ejercito.mil.uy\/wp-content\/uploads\/2021\/02\/02cuadro-3-1-300x200.jpg 300w\" sizes=\"(max-width: 600px) 100vw, 600px\" \/><\/figure><\/div><\/div><\/div><\/div>\n\n\n\n<blockquote class=\"wp-block-quote has-text-align-left is-layout-flow wp-block-quote-is-layout-flow\"><p>\u00ab<em>El Ej\u00e9rcito nace con la Patria misma.<\/em><br><br><br><em>Es instituci\u00f3n fundacional y gestor principal de las Campa\u00f1as Artiguistas. Renace en 1825 con la Cruzada Libertadora y en 1830 jura la primera constituci\u00f3n de nuestro pa\u00eds. Combatiendo con fusiles de avancarga, con lanzas, cuchillos y sables, con primitivos ca\u00f1ones de bronce o empleando el moderno armamento actualmente disponible, su valiente y sencillo car\u00e1cter permanece inalterado.<\/em>..\u00bb <\/p><p><br><sub>Extracto del pr\u00f3logo del <a rel=\"noreferrer noopener\" href=\"https:\/\/drive.google.com\/file\/d\/1AE0vtq3sgQjse3uwvSJxNO6Mqa7Khc3Y\/view\" target=\"_blank\">libro \u00abHistoria del Ej\u00e9rcito Nacional\u00bb<\/a>, a\u00f1o 2008<\/sub><\/p><\/blockquote>\n\n\n\n<p><\/p>\n\n\n\n<div style=\"height:30px\" aria-hidden=\"true\" class=\"wp-block-spacer\"><\/div>\n\n\n<p style=\"text-align: left;\"><span style=\"color: #800000;\"><strong>Decreto Ley N\u00b0 15.688<\/strong><\/span><br \/><span style=\"color: #800000;\"><strong>Ley Org\u00e1nica del Ej\u00e9rcito Nacional<\/strong><\/span><br \/><br \/><\/p>\n<p><strong>ART\u00cdCULO 1 &#8211;<\/strong> El Ej\u00e9rcito Nacional constituye la rama de las Fuerzas Armadas organizada, equipada, instruida y entrenada para planificar, preparar, ejecutar y conducir los actos militares que imponga la Defensa Nacional en el \u00e1mbito Terrestre solo o en cooperaci\u00f3n con los dem\u00e1s componentes de las Fuerzas Armadas.<br \/><br \/><a href=\"https:\/\/www.impo.com.uy\/bases\/decretos-ley\/15688-1984#:~:text=El%20Ej%C3%A9rcito%20Nacional%20constituye%20la,componentes%20de%20las%20Fuerzas%20Armadas.\">Decreto Ley N\u00b0 15.688 completo<\/a><br \/><br \/><br \/><\/p>\n\n\n<hr class=\"wp-block-separator has-text-color has-background has-vivid-cyan-blue-background-color has-vivid-cyan-blue-color\"\/>\n\n\n\n<ul class=\"wp-block-list\"><li><a rel=\"noreferrer noopener\" href=\"http:\/\/llamados.mdn.gub.uy\/index.php\/es\/\" target=\"_blank\">Sitio del Departamento de Estudios Hist\u00f3ricos del Estado Mayor del Ej\u00e9rcito<\/a><br><\/li><\/ul>\n\n\n\n<ul class=\"wp-block-list\"><li>Tr\u00e1mite en l\u00ednea: <a rel=\"noreferrer noopener\" href=\"https:\/\/www.gub.uy\/tramites\/solicitud-informacion-yo-asesoramiento-historia-militar\" target=\"_blank\">Solicitud de informaci\u00f3n y\/o asesoramiento de historia militar<\/a><\/li><\/ul>\n\n\n\n<div style=\"height:100px\" aria-hidden=\"true\" class=\"wp-block-spacer\"><\/div>\n","protected":false},"excerpt":{"rendered":"<p>\u00abEl Ej\u00e9rcito nace con la Patria misma. Es instituci\u00f3n fundacional y gestor principal de las Campa\u00f1as Artiguistas. Renace en 1825 con la Cruzada Libertadora y en 1830 jura la primera constituci\u00f3n de nuestro pa\u00eds. Combatiendo con fusiles de avancarga, con lanzas, cuchillos y sables, con primitivos ca\u00f1ones de bronce o empleando el moderno armamento actualmente <a href=\"https:\/\/www.ejercito.mil.uy\/index.php\/nuestros-origenes\/\" class=\"more-link\">&#8230;<span class=\"screen-reader-text\">  Creaci\u00f3n y evoluci\u00f3n hist\u00f3rica<\/span><\/a><\/p>\n","protected":false},"author":3,"featured_media":0,"parent":0,"menu_order":0,"comment_status":"closed","ping_status":"closed","template":"","meta":{"_coblocks_attr":"","_coblocks_dimensions":"","_coblocks_responsive_height":"","_coblocks_accordion_ie_support":"","_monsterinsights_skip_tracking":false,"_monsterinsights_sitenote_active":false,"_monsterinsights_sitenote_note":"","_monsterinsights_sitenote_category":0,"_uf_show_specific_survey":0,"_uf_disable_surveys":false,"footnotes":""},"class_list":["post-269","page","type-page","status-publish","hentry"],"aioseo_notices":[],"_links":{"self":[{"href":"https:\/\/www.ejercito.mil.uy\/index.php\/wp-json\/wp\/v2\/pages\/269","targetHints":{"allow":["GET"]}}],"collection":[{"href":"https:\/\/www.ejercito.mil.uy\/index.php\/wp-json\/wp\/v2\/pages"}],"about":[{"href":"https:\/\/www.ejercito.mil.uy\/index.php\/wp-json\/wp\/v2\/types\/page"}],"author":[{"embeddable":true,"href":"https:\/\/www.ejercito.mil.uy\/index.php\/wp-json\/wp\/v2\/users\/3"}],"replies":[{"embeddable":true,"href":"https:\/\/www.ejercito.mil.uy\/index.php\/wp-json\/wp\/v2\/comments?post=269"}],"version-history":[{"count":22,"href":"https:\/\/www.ejercito.mil.uy\/index.php\/wp-json\/wp\/v2\/pages\/269\/revisions"}],"predecessor-version":[{"id":648,"href":"https:\/\/www.ejercito.mil.uy\/index.php\/wp-json\/wp\/v2\/pages\/269\/revisions\/648"}],"wp:attachment":[{"href":"https:\/\/www.ejercito.mil.uy\/index.php\/wp-json\/wp\/v2\/media?parent=269"}],"curies":[{"name":"wp","href":"https:\/\/api.w.org\/{rel}","templated":true}]}}