{"id":276,"date":"2020-12-11T20:06:28","date_gmt":"2020-12-11T23:06:28","guid":{"rendered":"http:\/\/10.1.99.112\/?page_id=276"},"modified":"2023-03-01T14:36:13","modified_gmt":"2023-03-01T17:36:13","slug":"misiones-de-paz","status":"publish","type":"page","link":"https:\/\/www.ejercito.mil.uy\/index.php\/misiones-de-paz\/","title":{"rendered":"Misiones de Paz"},"content":{"rendered":"\n<div aria-label=\"Carousel Gallery\" class=\"wp-block-coblocks-gallery-carousel coblocks-animate\" data-coblocks-animation=\"fadeIn\"><div class=\"coblocks-gallery-carousel-swiper-container is-cropped coblocks-gallery has-no-alignment has-caption-style-dark has-horizontal-gutter has-no-thumbnails\"><div class=\"has-carousel has-carousel-lrg swiper-container\" data-swiper=\"{&quot;alignCells&quot;:false,&quot;autoPlay&quot;:true,&quot;autoPlaySpeed&quot;:3000,&quot;draggable&quot;:true,&quot;freeScroll&quot;:false,&quot;loop&quot;:true,&quot;navigation&quot;:true,&quot;pageDots&quot;:false,&quot;pauseHover&quot;:true,&quot;responsiveHeight&quot;:false,&quot;slidesPerView&quot;:2,&quot;thumbnails&quot;:false,&quot;uuid&quot;:&quot;12345&quot;}\" id=\"12345\" style=\"height:400px\"><div class=\"swiper-wrapper\"><div class=\"swiper-slide\"><div class=\"coblocks-gallery--item\" role=\"button\" tabindex=\"0\"><figure class=\"coblocks-gallery--figure has-margin-left-5 has-margin-left-mobile-5 has-margin-right-5 has-margin-right-mobile-5\"><img fetchpriority=\"high\" decoding=\"async\" width=\"1024\" height=\"683\" alt=\"\" class=\"wp-image-19506\" data-id=\"19506\" data-link=\"https:\/\/www.ejercito.mil.uy\/index.php\/misiones-de-paz\/mop-29\/\" src=\"https:\/\/www.ejercito.mil.uy\/wp-content\/uploads\/2023\/03\/MOP-29-1024x683.jpg\" srcset=\"https:\/\/www.ejercito.mil.uy\/wp-content\/uploads\/2023\/03\/MOP-29-1024x683.jpg 1024w, https:\/\/www.ejercito.mil.uy\/wp-content\/uploads\/2023\/03\/MOP-29-300x200.jpg 300w, https:\/\/www.ejercito.mil.uy\/wp-content\/uploads\/2023\/03\/MOP-29.jpg 1200w\" sizes=\"(max-width: 1024px) 100vw, 1024px\" \/><\/figure><figcaption class=\"coblocks-gallery--caption coblocks-gallery--primary-caption\"><\/figcaption><\/div><\/div><div class=\"swiper-slide\"><div class=\"coblocks-gallery--item\" role=\"button\" tabindex=\"1\"><figure class=\"coblocks-gallery--figure has-margin-left-5 has-margin-left-mobile-5 has-margin-right-5 has-margin-right-mobile-5\"><img decoding=\"async\" width=\"1024\" height=\"683\" alt=\"\" class=\"wp-image-19497\" data-id=\"19497\" data-link=\"https:\/\/www.ejercito.mil.uy\/index.php\/misiones-de-paz\/mop-14\/\" src=\"https:\/\/www.ejercito.mil.uy\/wp-content\/uploads\/2023\/03\/MOP-14-1024x683.jpg\" srcset=\"https:\/\/www.ejercito.mil.uy\/wp-content\/uploads\/2023\/03\/MOP-14-1024x683.jpg 1024w, https:\/\/www.ejercito.mil.uy\/wp-content\/uploads\/2023\/03\/MOP-14-300x200.jpg 300w, https:\/\/www.ejercito.mil.uy\/wp-content\/uploads\/2023\/03\/MOP-14.jpg 1200w\" sizes=\"(max-width: 1024px) 100vw, 1024px\" \/><\/figure><figcaption class=\"coblocks-gallery--caption coblocks-gallery--primary-caption\"><\/figcaption><\/div><\/div><div class=\"swiper-slide\"><div class=\"coblocks-gallery--item\" role=\"button\" tabindex=\"2\"><figure class=\"coblocks-gallery--figure has-margin-left-5 has-margin-left-mobile-5 has-margin-right-5 has-margin-right-mobile-5\"><img decoding=\"async\" width=\"1024\" height=\"683\" alt=\"\" class=\"wp-image-19496\" data-id=\"19496\" data-link=\"https:\/\/www.ejercito.mil.uy\/index.php\/misiones-de-paz\/mop-13\/\" src=\"https:\/\/www.ejercito.mil.uy\/wp-content\/uploads\/2023\/03\/MOP-13-1024x683.jpg\" srcset=\"https:\/\/www.ejercito.mil.uy\/wp-content\/uploads\/2023\/03\/MOP-13-1024x683.jpg 1024w, https:\/\/www.ejercito.mil.uy\/wp-content\/uploads\/2023\/03\/MOP-13-300x200.jpg 300w, https:\/\/www.ejercito.mil.uy\/wp-content\/uploads\/2023\/03\/MOP-13.jpg 1200w\" sizes=\"(max-width: 1024px) 100vw, 1024px\" \/><\/figure><figcaption class=\"coblocks-gallery--caption coblocks-gallery--primary-caption\"><\/figcaption><\/div><\/div><div class=\"swiper-slide\"><div class=\"coblocks-gallery--item\" role=\"button\" tabindex=\"3\"><figure class=\"coblocks-gallery--figure has-margin-left-5 has-margin-left-mobile-5 has-margin-right-5 has-margin-right-mobile-5\"><img loading=\"lazy\" decoding=\"async\" width=\"1024\" height=\"683\" alt=\"\" class=\"wp-image-19501\" data-id=\"19501\" data-link=\"https:\/\/www.ejercito.mil.uy\/index.php\/misiones-de-paz\/mop-2-4\/\" src=\"https:\/\/www.ejercito.mil.uy\/wp-content\/uploads\/2023\/03\/MOP-2-1024x683.jpeg\" srcset=\"https:\/\/www.ejercito.mil.uy\/wp-content\/uploads\/2023\/03\/MOP-2-1024x683.jpeg 1024w, https:\/\/www.ejercito.mil.uy\/wp-content\/uploads\/2023\/03\/MOP-2-300x200.jpeg 300w, https:\/\/www.ejercito.mil.uy\/wp-content\/uploads\/2023\/03\/MOP-2.jpeg 1200w\" sizes=\"(max-width: 1024px) 100vw, 1024px\" \/><\/figure><figcaption class=\"coblocks-gallery--caption coblocks-gallery--primary-caption\"><\/figcaption><\/div><\/div><div class=\"swiper-slide\"><div class=\"coblocks-gallery--item\" role=\"button\" tabindex=\"4\"><figure class=\"coblocks-gallery--figure has-margin-left-5 has-margin-left-mobile-5 has-margin-right-5 has-margin-right-mobile-5\"><img loading=\"lazy\" decoding=\"async\" width=\"1024\" height=\"683\" alt=\"\" class=\"wp-image-19490\" data-id=\"19490\" data-link=\"https:\/\/www.ejercito.mil.uy\/index.php\/misiones-de-paz\/mop-2-3\/\" src=\"https:\/\/www.ejercito.mil.uy\/wp-content\/uploads\/2023\/03\/MOP-2-1024x683.jpg\" srcset=\"https:\/\/www.ejercito.mil.uy\/wp-content\/uploads\/2023\/03\/MOP-2-1024x683.jpg 1024w, https:\/\/www.ejercito.mil.uy\/wp-content\/uploads\/2023\/03\/MOP-2-300x200.jpg 300w, https:\/\/www.ejercito.mil.uy\/wp-content\/uploads\/2023\/03\/MOP-2.jpg 1200w\" sizes=\"(max-width: 1024px) 100vw, 1024px\" \/><\/figure><figcaption class=\"coblocks-gallery--caption coblocks-gallery--primary-caption\"><\/figcaption><\/div><\/div><div class=\"swiper-slide\"><div class=\"coblocks-gallery--item\" role=\"button\" tabindex=\"5\"><figure class=\"coblocks-gallery--figure has-margin-left-5 has-margin-left-mobile-5 has-margin-right-5 has-margin-right-mobile-5\"><img loading=\"lazy\" decoding=\"async\" width=\"1024\" height=\"683\" alt=\"\" class=\"wp-image-19504\" data-id=\"19504\" data-link=\"https:\/\/www.ejercito.mil.uy\/index.php\/misiones-de-paz\/mop-26\/\" src=\"https:\/\/www.ejercito.mil.uy\/wp-content\/uploads\/2023\/03\/MOP-26-1024x683.jpg\" srcset=\"https:\/\/www.ejercito.mil.uy\/wp-content\/uploads\/2023\/03\/MOP-26-1024x683.jpg 1024w, https:\/\/www.ejercito.mil.uy\/wp-content\/uploads\/2023\/03\/MOP-26-300x200.jpg 300w, https:\/\/www.ejercito.mil.uy\/wp-content\/uploads\/2023\/03\/MOP-26.jpg 1200w\" sizes=\"(max-width: 1024px) 100vw, 1024px\" \/><\/figure><figcaption class=\"coblocks-gallery--caption coblocks-gallery--primary-caption\"><\/figcaption><\/div><\/div><div class=\"swiper-slide\"><div class=\"coblocks-gallery--item\" role=\"button\" tabindex=\"6\"><figure class=\"coblocks-gallery--figure has-margin-left-5 has-margin-left-mobile-5 has-margin-right-5 has-margin-right-mobile-5\"><img loading=\"lazy\" decoding=\"async\" width=\"1024\" height=\"683\" alt=\"\" class=\"wp-image-19502\" data-id=\"19502\" data-link=\"https:\/\/www.ejercito.mil.uy\/index.php\/misiones-de-paz\/mop-24\/\" src=\"https:\/\/www.ejercito.mil.uy\/wp-content\/uploads\/2023\/03\/MOP-24-1024x683.jpg\" srcset=\"https:\/\/www.ejercito.mil.uy\/wp-content\/uploads\/2023\/03\/MOP-24-1024x683.jpg 1024w, https:\/\/www.ejercito.mil.uy\/wp-content\/uploads\/2023\/03\/MOP-24-300x200.jpg 300w, https:\/\/www.ejercito.mil.uy\/wp-content\/uploads\/2023\/03\/MOP-24.jpg 1200w\" sizes=\"(max-width: 1024px) 100vw, 1024px\" \/><\/figure><figcaption class=\"coblocks-gallery--caption coblocks-gallery--primary-caption\"><\/figcaption><\/div><\/div><div class=\"swiper-slide\"><div class=\"coblocks-gallery--item\" role=\"button\" tabindex=\"7\"><figure class=\"coblocks-gallery--figure has-margin-left-5 has-margin-left-mobile-5 has-margin-right-5 has-margin-right-mobile-5\"><img loading=\"lazy\" decoding=\"async\" width=\"1024\" height=\"683\" alt=\"\" class=\"wp-image-19491\" data-id=\"19491\" data-link=\"https:\/\/www.ejercito.mil.uy\/index.php\/misiones-de-paz\/mop-4-3\/\" src=\"https:\/\/www.ejercito.mil.uy\/wp-content\/uploads\/2023\/03\/MOP-4-1024x683.jpg\" srcset=\"https:\/\/www.ejercito.mil.uy\/wp-content\/uploads\/2023\/03\/MOP-4-1024x683.jpg 1024w, https:\/\/www.ejercito.mil.uy\/wp-content\/uploads\/2023\/03\/MOP-4-300x200.jpg 300w, https:\/\/www.ejercito.mil.uy\/wp-content\/uploads\/2023\/03\/MOP-4.jpg 1200w\" sizes=\"(max-width: 1024px) 100vw, 1024px\" \/><\/figure><figcaption class=\"coblocks-gallery--caption coblocks-gallery--primary-caption\"><\/figcaption><\/div><\/div><div class=\"swiper-slide\"><div class=\"coblocks-gallery--item\" role=\"button\" tabindex=\"8\"><figure class=\"coblocks-gallery--figure has-margin-left-5 has-margin-left-mobile-5 has-margin-right-5 has-margin-right-mobile-5\"><img loading=\"lazy\" decoding=\"async\" width=\"1024\" height=\"683\" alt=\"\" class=\"wp-image-19494\" data-id=\"19494\" data-link=\"https:\/\/www.ejercito.mil.uy\/index.php\/misiones-de-paz\/mop-9\/\" src=\"https:\/\/www.ejercito.mil.uy\/wp-content\/uploads\/2023\/03\/MOP-9-1024x683.jpg\" srcset=\"https:\/\/www.ejercito.mil.uy\/wp-content\/uploads\/2023\/03\/MOP-9-1024x683.jpg 1024w, https:\/\/www.ejercito.mil.uy\/wp-content\/uploads\/2023\/03\/MOP-9-300x200.jpg 300w, https:\/\/www.ejercito.mil.uy\/wp-content\/uploads\/2023\/03\/MOP-9.jpg 1200w\" sizes=\"(max-width: 1024px) 100vw, 1024px\" \/><\/figure><figcaption class=\"coblocks-gallery--caption coblocks-gallery--primary-caption\"><\/figcaption><\/div><\/div><div class=\"swiper-slide\"><div class=\"coblocks-gallery--item\" role=\"button\" tabindex=\"9\"><figure class=\"coblocks-gallery--figure has-margin-left-5 has-margin-left-mobile-5 has-margin-right-5 has-margin-right-mobile-5\"><img loading=\"lazy\" decoding=\"async\" width=\"1024\" height=\"683\" alt=\"\" class=\"wp-image-19492\" data-id=\"19492\" data-link=\"https:\/\/www.ejercito.mil.uy\/index.php\/misiones-de-paz\/mop-5-2\/\" src=\"https:\/\/www.ejercito.mil.uy\/wp-content\/uploads\/2023\/03\/MOP-5-1024x683.jpg\" srcset=\"https:\/\/www.ejercito.mil.uy\/wp-content\/uploads\/2023\/03\/MOP-5-1024x683.jpg 1024w, https:\/\/www.ejercito.mil.uy\/wp-content\/uploads\/2023\/03\/MOP-5-300x200.jpg 300w, https:\/\/www.ejercito.mil.uy\/wp-content\/uploads\/2023\/03\/MOP-5.jpg 1200w\" sizes=\"(max-width: 1024px) 100vw, 1024px\" \/><\/figure><figcaption class=\"coblocks-gallery--caption coblocks-gallery--primary-caption\"><\/figcaption><\/div><\/div><div class=\"swiper-slide\"><div class=\"coblocks-gallery--item\" role=\"button\" tabindex=\"10\"><figure class=\"coblocks-gallery--figure has-margin-left-5 has-margin-left-mobile-5 has-margin-right-5 has-margin-right-mobile-5\"><img loading=\"lazy\" decoding=\"async\" width=\"1024\" height=\"683\" alt=\"\" class=\"wp-image-19489\" data-id=\"19489\" data-link=\"https:\/\/www.ejercito.mil.uy\/index.php\/misiones-de-paz\/mop-1-2\/\" src=\"https:\/\/www.ejercito.mil.uy\/wp-content\/uploads\/2023\/03\/MOP-1-1024x683.jpg\" srcset=\"https:\/\/www.ejercito.mil.uy\/wp-content\/uploads\/2023\/03\/MOP-1-1024x683.jpg 1024w, https:\/\/www.ejercito.mil.uy\/wp-content\/uploads\/2023\/03\/MOP-1-300x200.jpg 300w, https:\/\/www.ejercito.mil.uy\/wp-content\/uploads\/2023\/03\/MOP-1.jpg 1200w\" sizes=\"(max-width: 1024px) 100vw, 1024px\" \/><\/figure><figcaption class=\"coblocks-gallery--caption coblocks-gallery--primary-caption\"><\/figcaption><\/div><\/div><div class=\"swiper-slide\"><div class=\"coblocks-gallery--item\" role=\"button\" tabindex=\"11\"><figure class=\"coblocks-gallery--figure has-margin-left-5 has-margin-left-mobile-5 has-margin-right-5 has-margin-right-mobile-5\"><img loading=\"lazy\" decoding=\"async\" width=\"1024\" height=\"683\" alt=\"\" class=\"wp-image-19493\" data-id=\"19493\" data-link=\"https:\/\/www.ejercito.mil.uy\/index.php\/misiones-de-paz\/mop-6-2\/\" src=\"https:\/\/www.ejercito.mil.uy\/wp-content\/uploads\/2023\/03\/MOP-6-1024x683.jpg\" srcset=\"https:\/\/www.ejercito.mil.uy\/wp-content\/uploads\/2023\/03\/MOP-6-1024x683.jpg 1024w, https:\/\/www.ejercito.mil.uy\/wp-content\/uploads\/2023\/03\/MOP-6-300x200.jpg 300w, https:\/\/www.ejercito.mil.uy\/wp-content\/uploads\/2023\/03\/MOP-6.jpg 1200w\" sizes=\"(max-width: 1024px) 100vw, 1024px\" \/><\/figure><figcaption class=\"coblocks-gallery--caption coblocks-gallery--primary-caption\"><\/figcaption><\/div><\/div><div class=\"swiper-slide\"><div class=\"coblocks-gallery--item\" role=\"button\" tabindex=\"12\"><figure class=\"coblocks-gallery--figure has-margin-left-5 has-margin-left-mobile-5 has-margin-right-5 has-margin-right-mobile-5\"><img loading=\"lazy\" decoding=\"async\" width=\"1024\" height=\"683\" alt=\"\" class=\"wp-image-19498\" data-id=\"19498\" data-link=\"https:\/\/www.ejercito.mil.uy\/index.php\/misiones-de-paz\/mop-16\/\" src=\"https:\/\/www.ejercito.mil.uy\/wp-content\/uploads\/2023\/03\/MOP-16-1024x683.jpg\" srcset=\"https:\/\/www.ejercito.mil.uy\/wp-content\/uploads\/2023\/03\/MOP-16-1024x683.jpg 1024w, https:\/\/www.ejercito.mil.uy\/wp-content\/uploads\/2023\/03\/MOP-16-300x200.jpg 300w, https:\/\/www.ejercito.mil.uy\/wp-content\/uploads\/2023\/03\/MOP-16.jpg 1200w\" sizes=\"(max-width: 1024px) 100vw, 1024px\" \/><\/figure><figcaption class=\"coblocks-gallery--caption coblocks-gallery--primary-caption\"><\/figcaption><\/div><\/div><div class=\"swiper-slide\"><div class=\"coblocks-gallery--item\" role=\"button\" tabindex=\"13\"><figure class=\"coblocks-gallery--figure has-margin-left-5 has-margin-left-mobile-5 has-margin-right-5 has-margin-right-mobile-5\"><img loading=\"lazy\" decoding=\"async\" width=\"1024\" height=\"683\" alt=\"\" class=\"wp-image-19495\" data-id=\"19495\" data-link=\"https:\/\/www.ejercito.mil.uy\/index.php\/misiones-de-paz\/mop-11\/\" src=\"https:\/\/www.ejercito.mil.uy\/wp-content\/uploads\/2023\/03\/MOP-11-1024x683.jpg\" srcset=\"https:\/\/www.ejercito.mil.uy\/wp-content\/uploads\/2023\/03\/MOP-11-1024x683.jpg 1024w, https:\/\/www.ejercito.mil.uy\/wp-content\/uploads\/2023\/03\/MOP-11-300x200.jpg 300w, https:\/\/www.ejercito.mil.uy\/wp-content\/uploads\/2023\/03\/MOP-11.jpg 1200w\" sizes=\"(max-width: 1024px) 100vw, 1024px\" \/><\/figure><figcaption class=\"coblocks-gallery--caption coblocks-gallery--primary-caption\"><\/figcaption><\/div><\/div><div class=\"swiper-slide\"><div class=\"coblocks-gallery--item\" role=\"button\" tabindex=\"14\"><figure class=\"coblocks-gallery--figure has-margin-left-5 has-margin-left-mobile-5 has-margin-right-5 has-margin-right-mobile-5\"><img loading=\"lazy\" decoding=\"async\" width=\"1024\" height=\"683\" alt=\"\" class=\"wp-image-19499\" data-id=\"19499\" data-link=\"https:\/\/www.ejercito.mil.uy\/index.php\/misiones-de-paz\/mop-17\/\" src=\"https:\/\/www.ejercito.mil.uy\/wp-content\/uploads\/2023\/03\/MOP-17-1024x683.jpg\" srcset=\"https:\/\/www.ejercito.mil.uy\/wp-content\/uploads\/2023\/03\/MOP-17-1024x683.jpg 1024w, https:\/\/www.ejercito.mil.uy\/wp-content\/uploads\/2023\/03\/MOP-17-300x200.jpg 300w, https:\/\/www.ejercito.mil.uy\/wp-content\/uploads\/2023\/03\/MOP-17.jpg 1200w\" sizes=\"(max-width: 1024px) 100vw, 1024px\" \/><\/figure><figcaption class=\"coblocks-gallery--caption coblocks-gallery--primary-caption\"><\/figcaption><\/div><\/div><div class=\"swiper-slide\"><div class=\"coblocks-gallery--item\" role=\"button\" tabindex=\"15\"><figure class=\"coblocks-gallery--figure has-margin-left-5 has-margin-left-mobile-5 has-margin-right-5 has-margin-right-mobile-5\"><img loading=\"lazy\" decoding=\"async\" width=\"1024\" height=\"683\" alt=\"\" class=\"wp-image-19500\" data-id=\"19500\" data-link=\"https:\/\/www.ejercito.mil.uy\/index.php\/misiones-de-paz\/mop-1-3\/\" src=\"https:\/\/www.ejercito.mil.uy\/wp-content\/uploads\/2023\/03\/MOP-1-1024x683.jpeg\" srcset=\"https:\/\/www.ejercito.mil.uy\/wp-content\/uploads\/2023\/03\/MOP-1-1024x683.jpeg 1024w, https:\/\/www.ejercito.mil.uy\/wp-content\/uploads\/2023\/03\/MOP-1-300x200.jpeg 300w, https:\/\/www.ejercito.mil.uy\/wp-content\/uploads\/2023\/03\/MOP-1.jpeg 1200w\" sizes=\"(max-width: 1024px) 100vw, 1024px\" \/><\/figure><figcaption class=\"coblocks-gallery--caption coblocks-gallery--primary-caption\"><\/figcaption><\/div><\/div><div class=\"swiper-slide\"><div class=\"coblocks-gallery--item\" role=\"button\" tabindex=\"16\"><figure class=\"coblocks-gallery--figure has-margin-left-5 has-margin-left-mobile-5 has-margin-right-5 has-margin-right-mobile-5\"><img loading=\"lazy\" decoding=\"async\" width=\"1024\" height=\"683\" alt=\"\" class=\"wp-image-19505\" data-id=\"19505\" data-link=\"https:\/\/www.ejercito.mil.uy\/index.php\/misiones-de-paz\/mop-28\/\" src=\"https:\/\/www.ejercito.mil.uy\/wp-content\/uploads\/2023\/03\/MOP-28-1024x683.jpg\" srcset=\"https:\/\/www.ejercito.mil.uy\/wp-content\/uploads\/2023\/03\/MOP-28-1024x683.jpg 1024w, https:\/\/www.ejercito.mil.uy\/wp-content\/uploads\/2023\/03\/MOP-28-300x200.jpg 300w, https:\/\/www.ejercito.mil.uy\/wp-content\/uploads\/2023\/03\/MOP-28.jpg 1200w\" sizes=\"(max-width: 1024px) 100vw, 1024px\" \/><\/figure><figcaption class=\"coblocks-gallery--caption coblocks-gallery--primary-caption\"><\/figcaption><\/div><\/div><\/div><button class=\"nav-button__prev\" id=\"12345-prev\"><svg class=\"icon\" style=\"transform:rotate(180deg)\"><\/svg><\/button><button class=\"nav-button__next\" id=\"12345-next\"><svg class=\"icon\"><\/svg><\/button><\/div><\/div><\/div>\n\n\n\n<div style=\"height:62px\" aria-hidden=\"true\" class=\"wp-block-spacer\"><\/div>\n\n\n\n<p><em>La participaci\u00f3n de contingentes nacionales en Misiones de Paz constituye una decisi\u00f3n soberana que estar\u00e1 determinada por la pol\u00edtica exterior de la Rep\u00fablica y en tal sentido tender\u00e1 a la promoci\u00f3n de los intereses nacionales en el \u00e1mbito internacional, la pr\u00e1ctica de medidas de confianza mutua y la promoci\u00f3n de relaciones de cooperaci\u00f3n y respeto entre los diferentes actores de la comunidad internacional, en consonancia con el derecho internacional. <\/em>(CAP\u00cdTULO 2 &#8211; MISIONES EN EL EXTERIOR &#8211; Art. 22 de la <a rel=\"noreferrer noopener\" href=\"https:\/\/www.impo.com.uy\/bases\/leyes\/18650-2010\" target=\"_blank\">Ley Marco de Defensa N\u00ba 18.650<\/a>).<\/p>\n\n\n\n<div style=\"height:44px\" aria-hidden=\"true\" class=\"wp-block-spacer\"><\/div>\n\n\n\n<p><strong>Ej\u00e9rcito del Uruguay en el mundo<\/strong><br><br>Las Misiones de Paz ayudan a los pa\u00edses afectados por conflictos b\u00e9licos a crear las condiciones para una paz duradera. La presencia en esos pa\u00edses solo se produce bajo solicitud y aceptaci\u00f3n del pa\u00eds receptor.<br><br>Los militares uruguayos operan dentro del marco de la Organizaci\u00f3n de Naciones Unidas (ONU) y la Fuerza Multinacional y Observadores (MFO). Estos despliegues se componen de observadores militares y contingentes.<\/p>\n\n\n\n<div class=\"wp-block-coblocks-accordion\">\n<div class=\"wp-block-coblocks-accordion-item\"><\/div>\n<\/div>\n\n\n\n<p><br><br><strong>Sitios web de las misiones donde se encuentran desplegados militares uruguayos:<\/strong><br><\/p>\n\n\n\n<ul class=\"wp-block-list\"><li><a rel=\"noreferrer noopener\" href=\"https:\/\/peacekeeping.un.org\/es\/mission\/monusco\" target=\"_blank\">Misi\u00f3n de Estabilizaci\u00f3n de las Naciones Unidas en la Rep\u00fablica Democr\u00e1tica del Congo (MONUSCO)<\/a><\/li><li><a rel=\"noreferrer noopener\" href=\"https:\/\/peacekeeping.un.org\/es\/mission\/undof\" target=\"_blank\">Fuerza de Naciones Unidas de Observaci\u00f3n de la Separaci\u00f3n (UNDOF)<\/a><\/li><li><a rel=\"noreferrer noopener\" href=\"https:\/\/colombia.unmissions.org\/\" target=\"_blank\">Misi\u00f3n de Verificaci\u00f3n de la ONU en Colombia<\/a><\/li><li><a rel=\"noreferrer noopener\" href=\"https:\/\/peacekeeping.un.org\/es\/mission\/unifil\" target=\"_blank\">Fuerza Provisional de las Naciones Unidas en el L\u00edbano (UNIFIL)<\/a><\/li><li><a rel=\"noreferrer noopener\" href=\"https:\/\/peacekeeping.un.org\/es\/mission\/minusca\" target=\"_blank\">Misi\u00f3n Multidimensional Integrada de Estabilizaci\u00f3n de las Naciones Unidas en la Rep\u00fablica Centroafricana (MINUSCA)<\/a><\/li><li><a rel=\"noreferrer noopener\" href=\"https:\/\/peacekeeping.un.org\/es\/mission\/unmogip\" target=\"_blank\">Grupo de Observadores Militares de las Naciones Unidas en la India y el Pakist\u00e1n (UNMOGIP)<\/a><\/li><li><a href=\"https:\/\/mfo.org\/contingents?id=URY\" target=\"_blank\" rel=\"noreferrer noopener\">Fuerza Multinacional y Observadores<\/a><\/li><li><a rel=\"noreferrer noopener\" href=\"http:\/\/www.iau.gub.uy\/?lang=es\" target=\"_blank\">Instituto Ant\u00e1rtico Uruguayo<\/a><\/li><\/ul>\n\n\n\n<div style=\"height:37px\" aria-hidden=\"true\" class=\"wp-block-spacer\"><\/div>\n\n\n\n<p><strong>Centro de formaci\u00f3n para Misiones Operativas de Paz: <\/strong><\/p>\n\n\n\n<ul class=\"wp-block-list\"><li><a rel=\"noreferrer noopener\" href=\"http:\/\/www.enopu.edu.uy\/\" target=\"_blank\">Escuela Nacional de Operaciones de Paz del Uruguay<\/a><\/li><\/ul>\n\n\n\n<div style=\"height:37px\" aria-hidden=\"true\" class=\"wp-block-spacer\"><\/div>\n\n\n\n<div style=\"width: 100%;\"><div style=\"position: relative; padding-bottom: 42.52%; padding-top: 0; height: 0;\"><iframe frameborder=\"0\" width=\"1197\" height=\"509\" style=\"position: absolute; top: 0; left: 0; width: 100%; height: 100%;\" src=\"https:\/\/view.genial.ly\/63346f6c2232440011bd5bb5\" type=\"text\/html\" allowscriptaccess=\"always\" allowfullscreen=\"true\" scrolling=\"yes\" allownetworking=\"all\"><\/iframe> <\/div> <\/div>\n\n\n\n<p><\/p>\n","protected":false},"excerpt":{"rendered":"<p>La participaci\u00f3n de contingentes nacionales en Misiones de Paz constituye una decisi\u00f3n soberana que estar\u00e1 determinada por la pol\u00edtica exterior de la Rep\u00fablica y en tal sentido tender\u00e1 a la promoci\u00f3n de los intereses nacionales en el \u00e1mbito internacional, la pr\u00e1ctica de medidas de confianza mutua y la promoci\u00f3n de relaciones de cooperaci\u00f3n y respeto <a href=\"https:\/\/www.ejercito.mil.uy\/index.php\/misiones-de-paz\/\" class=\"more-link\">&#8230;<span class=\"screen-reader-text\">  Misiones de Paz<\/span><\/a><\/p>\n","protected":false},"author":3,"featured_media":0,"parent":0,"menu_order":0,"comment_status":"closed","ping_status":"closed","template":"","meta":{"_coblocks_attr":"","_coblocks_dimensions":"","_coblocks_responsive_height":"","_coblocks_accordion_ie_support":"","_monsterinsights_skip_tracking":false,"_monsterinsights_sitenote_active":false,"_monsterinsights_sitenote_note":"","_monsterinsights_sitenote_category":0,"_uf_show_specific_survey":0,"_uf_disable_surveys":false,"footnotes":""},"class_list":["post-276","page","type-page","status-publish","hentry"],"aioseo_notices":[],"_links":{"self":[{"href":"https:\/\/www.ejercito.mil.uy\/index.php\/wp-json\/wp\/v2\/pages\/276","targetHints":{"allow":["GET"]}}],"collection":[{"href":"https:\/\/www.ejercito.mil.uy\/index.php\/wp-json\/wp\/v2\/pages"}],"about":[{"href":"https:\/\/www.ejercito.mil.uy\/index.php\/wp-json\/wp\/v2\/types\/page"}],"author":[{"embeddable":true,"href":"https:\/\/www.ejercito.mil.uy\/index.php\/wp-json\/wp\/v2\/users\/3"}],"replies":[{"embeddable":true,"href":"https:\/\/www.ejercito.mil.uy\/index.php\/wp-json\/wp\/v2\/comments?post=276"}],"version-history":[{"count":46,"href":"https:\/\/www.ejercito.mil.uy\/index.php\/wp-json\/wp\/v2\/pages\/276\/revisions"}],"predecessor-version":[{"id":19515,"href":"https:\/\/www.ejercito.mil.uy\/index.php\/wp-json\/wp\/v2\/pages\/276\/revisions\/19515"}],"wp:attachment":[{"href":"https:\/\/www.ejercito.mil.uy\/index.php\/wp-json\/wp\/v2\/media?parent=276"}],"curies":[{"name":"wp","href":"https:\/\/api.w.org\/{rel}","templated":true}]}}