{"id":280,"date":"2020-12-11T20:13:10","date_gmt":"2020-12-11T23:13:10","guid":{"rendered":"http:\/\/10.1.99.112\/?page_id=280"},"modified":"2025-12-20T08:15:11","modified_gmt":"2025-12-20T11:15:11","slug":"escuela-militar","status":"publish","type":"page","link":"https:\/\/www.ejercito.mil.uy\/index.php\/escuela-militar\/","title":{"rendered":"Escuela Militar"},"content":{"rendered":"\n<p class=\"has-white-color has-text-color has-background has-link-color wp-elements-3cab38daea650e42e78dcc4b7bd5b7c5\" style=\"background-color:#003885;font-size:20px\"><strong>Vos pod\u00e9s ser Oficial del Ej\u00e9rcito <\/strong><\/p>\n\n\n\n<div style=\"height:33px\" aria-hidden=\"true\" class=\"wp-block-spacer\"><\/div>\n\n\n\n<figure class=\"wp-block-embed aligncenter is-type-photo is-provider-flickr wp-block-embed-flickr\"><div class=\"wp-block-embed__wrapper\">\n<a href=\"https:\/\/www.flickr.com\/photos\/141564322@N08\/54987109037\/in\/album-72177720330964533\"><img fetchpriority=\"high\" decoding=\"async\" src=\"https:\/\/live.staticflickr.com\/65535\/54987109037_b821fc0997_b.jpg\" alt=\"2025 12 12 - EM - ceremonia alfereces (8)\" width=\"1024\" height=\"683\" \/><\/a>\n<\/div><\/figure>\n\n\n\n<div style=\"height:33px\" aria-hidden=\"true\" class=\"wp-block-spacer\"><\/div>\n\n\n\n<p class=\"has-black-color has-text-color has-link-color wp-elements-03bc89f21dc5edb313d6e00cbd05a430\" style=\"font-size:18px\">La <strong>Escuela Militar<\/strong> tiene por finalidad el reclutamiento y formaci\u00f3n inicial de los Cuadros de Oficiales del Ej\u00e9rcito; constituye por consiguiente, la Escuela base donde se prepara el f\u00edsico, se desarrolla la mente y modela el esp\u00edritu del futuro Oficial.<\/p>\n\n\n\n<div style=\"height:30px\" aria-hidden=\"true\" class=\"wp-block-spacer\"><\/div>\n\n\n\n<p class=\"has-black-color has-text-color has-link-color wp-elements-d2867ceba8a9ffd52510d5a1d9243298\" style=\"font-size:18px\">Esta casa de estudios brinda la posibilidad de realizar una <strong>carrera terciaria de 4 a\u00f1os de duraci\u00f3n <\/strong>en la cual se obtienen las herramientas para competir en el mundo de hoy, con una s\u00f3lida formaci\u00f3n militar y acad\u00e9mica. <\/p>\n\n\n\n<div style=\"height:30px\" aria-hidden=\"true\" class=\"wp-block-spacer\"><\/div>\n\n\n\n<p class=\"has-black-color has-text-color has-link-color wp-elements-9f3f587f6f4007fa1d31f8b06809a875\" style=\"font-size:18px\">Una vez egresado como<strong> Alf\u00e9rez del Ej\u00e9rcito<\/strong>, tendr\u00e1 una carrera para toda la vida. El instituto brinda atenci\u00f3n m\u00e9dica, odontol\u00f3gica, alimentaci\u00f3n, alojamiento y un salario.<\/p>\n\n\n\n<div style=\"height:44px\" aria-hidden=\"true\" class=\"wp-block-spacer\"><\/div>\n\n\n\n<figure class=\"wp-block-embed is-type-video is-provider-youtube wp-block-embed-youtube wp-embed-aspect-16-9 wp-has-aspect-ratio\"><div class=\"wp-block-embed__wrapper\">\n<iframe title=\"\ud83e\udd1c\ud83c\udffc \u00a1VOS vs VOS! \ud83e\udd1b\ud83c\udffc\u00a1S\u00f3lo vos pod\u00e9s elegir ser tu mejor versi\u00f3n! INSCRIBITE A LA ESCUELA MILITAR \ud83d\udc82\ud83c\udffc\u200d\u2642\ufe0f\" width=\"563\" height=\"1000\" src=\"https:\/\/www.youtube.com\/embed\/49r8DShu4xY?feature=oembed\" frameborder=\"0\" allow=\"accelerometer; autoplay; clipboard-write; encrypted-media; gyroscope; picture-in-picture; web-share\" referrerpolicy=\"strict-origin-when-cross-origin\" allowfullscreen><\/iframe>     \n<\/div><\/figure>\n\n\n\n<div style=\"height:55px\" aria-hidden=\"true\" class=\"wp-block-spacer\"><\/div>\n\n\n\n<figure class=\"wp-block-embed is-type-video is-provider-youtube wp-block-embed-youtube wp-embed-aspect-16-9 wp-has-aspect-ratio\"><div class=\"wp-block-embed__wrapper\">\n<iframe title=\"Clausura de cursos de la Escuela Militar y Colaci\u00f3n de Grado de los Alf\u00e9reces 2025\" width=\"1778\" height=\"1000\" src=\"https:\/\/www.youtube.com\/embed\/VZpVJ83x6vU?feature=oembed\" frameborder=\"0\" allow=\"accelerometer; autoplay; clipboard-write; encrypted-media; gyroscope; picture-in-picture; web-share\" referrerpolicy=\"strict-origin-when-cross-origin\" allowfullscreen><\/iframe>\n<\/div><\/figure>\n\n\n\n<div style=\"height:55px\" aria-hidden=\"true\" class=\"wp-block-spacer\"><\/div>\n\n\n\n<p class=\"has-white-color has-text-color has-background has-link-color wp-elements-48e6b95a552f842afcf1f10272883c76\" style=\"background-color:#003885;font-size:24px\"><strong>Condiciones de ingreso:<\/strong><\/p>\n\n\n\n<div style=\"height:33px\" aria-hidden=\"true\" class=\"wp-block-spacer\"><\/div>\n\n\n\n<p class=\"has-text-align-center\"><a href=\"https:\/\/escuelamilitar.ejercito.mil.uy\/condicionesingreso.html\" target=\"_blank\" rel=\"noopener\" title=\"\"><strong>Condiciones se ingreso para Cuerpo Comando y Cuerpo de Apoyo de Servicios y Combate<\/strong><\/a><\/p>\n\n\n\n<div style=\"height:55px\" aria-hidden=\"true\" class=\"wp-block-spacer\"><\/div>\n\n\n\n<figure class=\"wp-block-embed is-type-video is-provider-youtube wp-block-embed-youtube wp-embed-aspect-16-9 wp-has-aspect-ratio\"><div class=\"wp-block-embed__wrapper\">\n<iframe title=\"Tr\u00e1iler - Documental &quot;Aspirantes&quot;\" width=\"1778\" height=\"1000\" src=\"https:\/\/www.youtube.com\/embed\/R_YkyiwiYag?list=PLabZ2KMl5tAHzEd3Iw43zBPDoym45NJMU\" frameborder=\"0\" allow=\"accelerometer; autoplay; clipboard-write; encrypted-media; gyroscope; picture-in-picture; web-share\" referrerpolicy=\"strict-origin-when-cross-origin\" allowfullscreen><\/iframe>\n<\/div><\/figure>\n\n\n\n<div style=\"height:55px\" aria-hidden=\"true\" class=\"wp-block-spacer\"><\/div>\n\n\n\n<p class=\"has-black-color has-text-color has-link-color wp-elements-353f0abd384c0266892d3e489a731216\">M\u00e1s informaci\u00f3n en el <a href=\"https:\/\/escuelamilitar.ejercito.mil.uy\/index.html\" target=\"_blank\" rel=\"noopener\" title=\"\"><strong>Sitio Web de la Escuela Militar<\/strong><\/a><\/p>\n\n\n\n<p class=\"has-black-color has-text-color has-link-color wp-elements-bebf031bb9cba4ebbe09036e0f9efdff\">Redes Sociales:<br><strong><a href=\"https:\/\/www.facebook.com\/EscuelaMilitarUruguay\/\" target=\"_blank\" rel=\"noreferrer noopener\">FACEBOOK<\/a><br><a href=\"https:\/\/twitter.com\/EscMilitarUY\" target=\"_blank\" rel=\"noreferrer noopener\">X<\/a><br><a href=\"https:\/\/www.instagram.com\/escuelamilitaruruguay\/\" target=\"_blank\" rel=\"noreferrer noopener\">INSTAGRAM<\/a><br><a href=\"https:\/\/www.youtube.com\/user\/EscMilitarUruguay\" target=\"_blank\" rel=\"noreferrer noopener\">YOUTUBE<\/a><br><a href=\"https:\/\/www.tiktok.com\/@escuelamilitaruy\" target=\"_blank\" rel=\"noreferrer noopener\">TIKTOK<\/a><\/strong><br><strong>WhatsApp&nbsp;+598 98 699 505<\/strong><\/p>\n\n\n\n<div style=\"height:30px\" aria-hidden=\"true\" class=\"wp-block-spacer\"><\/div>\n\n\n\n<p><strong>Ubicaci\u00f3n: <\/strong><\/p>\n\n\n\n<p><\/p>\n\n\n\n<div style=\"min-height:500px\" data-map-attr=\"\/qaddress\/q:\/qEscuela Militar, toledo, canelones\/q||\/qlat\/q:\/qundefined\/q||\/qlng\/q:\/qundefined\/q||\/qskin\/q:\/qstandard\/q||\/qzoom\/q:\/q14\/q||\/qiconSize\/q:\/q36\/q||\/qmapTypeControl\/q:\/qtrue\/q||\/qzoomControl\/q:\/qtrue\/q||\/qstreetViewControl\/q:\/qtrue\/q||\/qfullscreenControl\/q:\/qtrue\/q\" class=\"wp-block-coblocks-map\"><iframe title=\"Google Map\" frameborder=\"0\" style=\"width:100%;min-height:500px\" src=\"https:\/\/www.google.com\/maps?q=Escuela%20Militar%2C%20toledo%2C%20canelones&amp;output=embed&amp;hl=es-UY&amp;z=14\"><\/iframe><\/div>\n\n\n\n<div style=\"height:100px\" aria-hidden=\"true\" class=\"wp-block-spacer\"><\/div>\n","protected":false},"excerpt":{"rendered":"<p>Vos pod\u00e9s ser Oficial del Ej\u00e9rcito La Escuela Militar tiene por finalidad el reclutamiento y formaci\u00f3n inicial de los Cuadros de Oficiales del Ej\u00e9rcito; constituye por consiguiente, la Escuela base donde se prepara el f\u00edsico, se desarrolla la mente y modela el esp\u00edritu del futuro Oficial. Esta casa de estudios brinda la posibilidad de realizar <a href=\"https:\/\/www.ejercito.mil.uy\/index.php\/escuela-militar\/\" class=\"more-link\">&#8230;<span class=\"screen-reader-text\">  Escuela Militar<\/span><\/a><\/p>\n","protected":false},"author":3,"featured_media":53696,"parent":0,"menu_order":0,"comment_status":"closed","ping_status":"closed","template":"","meta":{"_coblocks_attr":"","_coblocks_dimensions":"","_coblocks_responsive_height":"","_coblocks_accordion_ie_support":"","_monsterinsights_skip_tracking":false,"_monsterinsights_sitenote_active":false,"_monsterinsights_sitenote_note":"","_monsterinsights_sitenote_category":0,"_uf_show_specific_survey":0,"_uf_disable_surveys":false,"footnotes":""},"class_list":["post-280","page","type-page","status-publish","has-post-thumbnail","hentry"],"aioseo_notices":[],"_links":{"self":[{"href":"https:\/\/www.ejercito.mil.uy\/index.php\/wp-json\/wp\/v2\/pages\/280","targetHints":{"allow":["GET"]}}],"collection":[{"href":"https:\/\/www.ejercito.mil.uy\/index.php\/wp-json\/wp\/v2\/pages"}],"about":[{"href":"https:\/\/www.ejercito.mil.uy\/index.php\/wp-json\/wp\/v2\/types\/page"}],"author":[{"embeddable":true,"href":"https:\/\/www.ejercito.mil.uy\/index.php\/wp-json\/wp\/v2\/users\/3"}],"replies":[{"embeddable":true,"href":"https:\/\/www.ejercito.mil.uy\/index.php\/wp-json\/wp\/v2\/comments?post=280"}],"version-history":[{"count":45,"href":"https:\/\/www.ejercito.mil.uy\/index.php\/wp-json\/wp\/v2\/pages\/280\/revisions"}],"predecessor-version":[{"id":54198,"href":"https:\/\/www.ejercito.mil.uy\/index.php\/wp-json\/wp\/v2\/pages\/280\/revisions\/54198"}],"wp:featuredmedia":[{"embeddable":true,"href":"https:\/\/www.ejercito.mil.uy\/index.php\/wp-json\/wp\/v2\/media\/53696"}],"wp:attachment":[{"href":"https:\/\/www.ejercito.mil.uy\/index.php\/wp-json\/wp\/v2\/media?parent=280"}],"curies":[{"name":"wp","href":"https:\/\/api.w.org\/{rel}","templated":true}]}}