{"id":287,"date":"2020-12-11T20:33:50","date_gmt":"2020-12-11T23:33:50","guid":{"rendered":"http:\/\/10.1.99.112\/?page_id=287"},"modified":"2025-10-17T09:59:11","modified_gmt":"2025-10-17T12:59:11","slug":"escuela-de-comunicaciones","status":"publish","type":"page","link":"https:\/\/www.ejercito.mil.uy\/index.php\/escuela-de-comunicaciones\/","title":{"rendered":"Escuela de Comunicaciones del Ej\u00e9rcito"},"content":{"rendered":"\n<div style=\"height:25px\" aria-hidden=\"true\" class=\"wp-block-spacer\"><\/div>\n\n\n\n<figure class=\"wp-block-embed is-type-video is-provider-youtube wp-block-embed-youtube wp-embed-aspect-16-9 wp-has-aspect-ratio\"><div class=\"wp-block-embed__wrapper\">\n<iframe title=\"Curso de Aprendices Especialistas en Comunicaciones\" width=\"1778\" height=\"1000\" src=\"https:\/\/www.youtube.com\/embed\/OnWggh2j_jY?feature=oembed\" frameborder=\"0\" allow=\"accelerometer; autoplay; clipboard-write; encrypted-media; gyroscope; picture-in-picture; web-share\" referrerpolicy=\"strict-origin-when-cross-origin\" allowfullscreen><\/iframe>\n<\/div><\/figure>\n\n\n\n<div style=\"height:50px\" aria-hidden=\"true\" class=\"wp-block-spacer\"><\/div>\n\n\n\n<p class=\"has-black-color has-text-color has-link-color wp-elements-b0881d20dae00a121895d28e1a5824f7\" style=\"font-size:20px\"><strong>Vos pod\u00e9s ser Soldado Especialista en Comunicaciones <\/strong><\/p>\n\n\n\n<div style=\"height:50px\" aria-hidden=\"true\" class=\"wp-block-spacer\"><\/div>\n\n\n\n<p class=\"has-black-color has-text-color has-link-color wp-elements-1f7ff26648ef0f6fcb03676ec4a3043e\">La Escuela de Comunicaciones del Ej\u00e9rcito brinda cursos de <em>Comunicaciones, Electr\u00f3nica e Inform\u00e1tica<\/em>, para egresar con el t\u00edtulo de \u201cSoldado especialista en Comunicaciones\u00bb.<\/p>\n\n\n\n<div style=\"height:50px\" aria-hidden=\"true\" class=\"wp-block-spacer\"><\/div>\n\n\n\n<p class=\"has-text-align-left is-style-success has-text-color has-background has-link-color wp-elements-4f0bfbd6e84816fbc566ec36f5299e75\" style=\"color:#003885;background-color:#deebff\"><strong>Requisitos:<\/strong><\/p>\n\n\n\n<div style=\"height:29px\" aria-hidden=\"true\" class=\"wp-block-spacer\"><\/div>\n\n\n\n<p class=\"has-black-color has-text-color has-link-color wp-elements-15a0b91cdf660a501c3e95948a9b0068\">&#8211; Ser ciudadano natural o legal con tres a\u00f1os de ejercicio<\/p>\n\n\n\n<div style=\"height:21px\" aria-hidden=\"true\" class=\"wp-block-spacer\"><\/div>\n\n\n\n<p class=\"has-black-color has-text-color has-link-color wp-elements-e3037a71a129845b6e3dcfac8fc9d94c\">&#8211; Haber cumplido los 16 a\u00f1os y\/o ser menor de 21 a\u00f1os al 1\u00b0 de marzo de 2026<\/p>\n\n\n\n<div style=\"height:21px\" aria-hidden=\"true\" class=\"wp-block-spacer\"><\/div>\n\n\n\n<p class=\"has-black-color has-text-color has-link-color wp-elements-fa3966ed5278e52508df232a52fe474c\">&#8211; Haber aprobado 3er a\u00f1o de ense\u00f1anza media (Secundaria o UTU) sin materias previas (al 1\u00b0 de agosto de 2026) para participar en los cursos de Electrotecnia dictados por la UTU \u201cLavalleja\u201d en esta escuela<\/p>\n\n\n\n<div style=\"height:21px\" aria-hidden=\"true\" class=\"wp-block-spacer\"><\/div>\n\n\n\n<p class=\"has-black-color has-text-color has-link-color wp-elements-b14f05569d52afb61e7b6d326e15bbe4\">&#8211; Poseer buena conducta (<a href=\"https:\/\/www.gub.uy\/tramites\/certificado-antecedentes-judiciales\" target=\"_blank\" rel=\"noopener\" title=\"\">Certificado de antecedentes judiciales<\/a>)<\/p>\n\n\n\n<div style=\"height:21px\" aria-hidden=\"true\" class=\"wp-block-spacer\"><\/div>\n\n\n\n<p class=\"has-black-color has-text-color has-link-color wp-elements-84767a7d9ed8c8800f4150d2190215d4\">&#8211; Ser declarado Apto en la evaluaci\u00f3n Psicot\u00e9cnica y en los ex\u00e1menes M\u00e9dico-Odontol\u00f3gico<\/p>\n\n\n\n<div style=\"height:21px\" aria-hidden=\"true\" class=\"wp-block-spacer\"><\/div>\n\n\n\n<p class=\"has-black-color has-text-color has-link-color wp-elements-92bc16f42502b3230f7d6ba259ec2d0d\">&#8211; Realizar el concurso de admisi\u00f3n respectivo, compuesto por los ex\u00e1menes de Educaci\u00f3n F\u00edsica, Idioma Espa\u00f1ol, Matem\u00e1tica e Historia (nivel 3er a\u00f1o de Secundaria o UTU) obteniendo la beca correspondiente<\/p>\n\n\n\n<div style=\"height:28px\" aria-hidden=\"true\" class=\"wp-block-spacer\"><\/div>\n\n\n\n<p>\ud83d\udccc<strong> <\/strong><a href=\"https:\/\/docs.google.com\/document\/d\/1I0CdwtgU8F2hmuU4UEvzOos2ovlxRUq-\/edit?usp=drive_link&amp;ouid=102209838927177938457&amp;rtpof=true&amp;sd=true\" target=\"_blank\" rel=\"noopener\" title=\"\"><strong>Descarga aqu\u00ed m\u00e1s informaci\u00f3n sobre pruebas de ingreso y documentaci\u00f3n a presentar<\/strong><\/a><\/p>\n\n\n\n<div style=\"height:28px\" aria-hidden=\"true\" class=\"wp-block-spacer\"><\/div>\n\n\n\n<p class=\"has-text-align-left is-style-success has-text-color has-background has-link-color wp-elements-2e1a7dc191a3fff36837f6a5b95c296d\" style=\"color:#003885;background-color:#deebff\"><strong>Las inscripciones se realizan mediante cuatro posibles v\u00edas:  <\/strong><\/p>\n\n\n\n<div style=\"height:28px\" aria-hidden=\"true\" class=\"wp-block-spacer\"><\/div>\n\n\n\n<p class=\"has-black-color has-text-color has-link-color wp-elements-36d39806c46716bdb762e1baa2244c69\">&#8211; Inscripci\u00f3n presencial en la Escuela de Comunicaciones (Camino Casavalle 4418, Montevideo)<\/p>\n\n\n\n<div style=\"height:21px\" aria-hidden=\"true\" class=\"wp-block-spacer\"><\/div>\n\n\n\n<p class=\"has-black-color has-text-color has-link-color wp-elements-9d37c92eb8d58cb23f69beb6270a5c9e\">&#8211; Inscripci\u00f3n presencial en las unidades militares del interior del pa\u00eds<\/p>\n\n\n\n<div style=\"height:21px\" aria-hidden=\"true\" class=\"wp-block-spacer\"><\/div>\n\n\n\n<p class=\"has-black-color has-text-color has-link-color wp-elements-3e46bad03b5b72a6e1389370b114deff\">&#8211; Inscripci\u00f3n digital enviando toda la documentaci\u00f3n al correo: <a href=\"mailto:bedelia.ecome1@gmail.com\">bedelia.ecome1@gmail.com<\/a><\/p>\n\n\n\n<div style=\"height:32px\" aria-hidden=\"true\" class=\"wp-block-spacer\"><\/div>\n\n\n\n<p class=\"has-black-color has-text-color has-link-color wp-elements-9992c1fba1d698059ca95379b35a20b3\">\ud83d\udccc <a href=\"https:\/\/goo.su\/04FiTm\" target=\"_blank\" rel=\"noopener\" title=\"\"><strong>Descarga aqu\u00ed los formularios de inscripci\u00f3n<\/strong><\/a><\/p>\n\n\n\n<div style=\"height:77px\" aria-hidden=\"true\" class=\"wp-block-spacer\"><\/div>\n\n\n\n<p class=\"has-text-color has-background has-link-color wp-elements-830b22a4e9b070fbf4f1404d8ccc82bd\" style=\"color:#003885;background-color:#deebff;font-size:18px\"><strong>Consultas a trav\u00e9s del correo electr\u00f3nico: <a href=\"mailto:despacho.ecome1@gmail.com\">despacho.ecome1@gmail.com<\/a><\/strong><\/p>\n\n\n\n<div style=\"height:50px\" aria-hidden=\"true\" class=\"wp-block-spacer\"><\/div>\n\n\n\n<div class=\"wp-block-coblocks-row coblocks-row-1115131927647\" data-columns=\"1\" data-layout=\"100\"><div class=\"wp-block-coblocks-row__inner has-no-padding has-no-margin is-stacked-on-mobile has-medium-gutter\">\n<div class=\"wp-block-coblocks-column coblocks-column-111513201586\" style=\"width:100%\"><div class=\"wp-block-coblocks-column__inner has-no-padding has-no-margin\"><\/div><\/div>\n<\/div><\/div>\n\n\n\n<div style=\"min-height:500px\" data-map-attr=\"\/qaddress\/q:\/qescuela de comunicaciones del ejercito, casavalle, montevideo, uruguay\/q||\/qlat\/q:\/qundefined\/q||\/qlng\/q:\/qundefined\/q||\/qskin\/q:\/qstandard\/q||\/qzoom\/q:\/q12\/q||\/qiconSize\/q:\/q36\/q||\/qmapTypeControl\/q:\/qtrue\/q||\/qzoomControl\/q:\/qtrue\/q||\/qstreetViewControl\/q:\/qtrue\/q||\/qfullscreenControl\/q:\/qtrue\/q\" class=\"wp-block-coblocks-map\"><iframe title=\"Google Map\" frameborder=\"0\" style=\"width:100%;min-height:500px\" src=\"https:\/\/www.google.com\/maps?q=escuela%20de%20comunicaciones%20del%20ejercito%2C%20casavalle%2C%20montevideo%2C%20uruguay&amp;output=embed&amp;hl=es-UY&amp;z=12\"><\/iframe><\/div>\n\n\n\n<div style=\"height:100px\" aria-hidden=\"true\" class=\"wp-block-spacer\"><\/div>\n\n\n\n<p><\/p>\n","protected":false},"excerpt":{"rendered":"<p>Vos pod\u00e9s ser Soldado Especialista en Comunicaciones La Escuela de Comunicaciones del Ej\u00e9rcito brinda cursos de Comunicaciones, Electr\u00f3nica e Inform\u00e1tica, para egresar con el t\u00edtulo de \u201cSoldado especialista en Comunicaciones\u00bb. Requisitos: &#8211; Ser ciudadano natural o legal con tres a\u00f1os de ejercicio &#8211; Haber cumplido los 16 a\u00f1os y\/o ser menor de 21 a\u00f1os al <a href=\"https:\/\/www.ejercito.mil.uy\/index.php\/escuela-de-comunicaciones\/\" class=\"more-link\">&#8230;<span class=\"screen-reader-text\">  Escuela de Comunicaciones del Ej\u00e9rcito<\/span><\/a><\/p>\n","protected":false},"author":3,"featured_media":0,"parent":0,"menu_order":0,"comment_status":"closed","ping_status":"closed","template":"","meta":{"_coblocks_attr":"","_coblocks_dimensions":"","_coblocks_responsive_height":"","_coblocks_accordion_ie_support":"","_monsterinsights_skip_tracking":false,"_monsterinsights_sitenote_active":false,"_monsterinsights_sitenote_note":"","_monsterinsights_sitenote_category":0,"_uf_show_specific_survey":0,"_uf_disable_surveys":false,"footnotes":""},"class_list":["post-287","page","type-page","status-publish","hentry"],"aioseo_notices":[],"_links":{"self":[{"href":"https:\/\/www.ejercito.mil.uy\/index.php\/wp-json\/wp\/v2\/pages\/287","targetHints":{"allow":["GET"]}}],"collection":[{"href":"https:\/\/www.ejercito.mil.uy\/index.php\/wp-json\/wp\/v2\/pages"}],"about":[{"href":"https:\/\/www.ejercito.mil.uy\/index.php\/wp-json\/wp\/v2\/types\/page"}],"author":[{"embeddable":true,"href":"https:\/\/www.ejercito.mil.uy\/index.php\/wp-json\/wp\/v2\/users\/3"}],"replies":[{"embeddable":true,"href":"https:\/\/www.ejercito.mil.uy\/index.php\/wp-json\/wp\/v2\/comments?post=287"}],"version-history":[{"count":72,"href":"https:\/\/www.ejercito.mil.uy\/index.php\/wp-json\/wp\/v2\/pages\/287\/revisions"}],"predecessor-version":[{"id":50404,"href":"https:\/\/www.ejercito.mil.uy\/index.php\/wp-json\/wp\/v2\/pages\/287\/revisions\/50404"}],"wp:attachment":[{"href":"https:\/\/www.ejercito.mil.uy\/index.php\/wp-json\/wp\/v2\/media?parent=287"}],"curies":[{"name":"wp","href":"https:\/\/api.w.org\/{rel}","templated":true}]}}