{"id":307,"date":"2020-12-11T21:35:06","date_gmt":"2020-12-12T00:35:06","guid":{"rendered":"http:\/\/10.1.99.112\/?page_id=307"},"modified":"2023-09-11T15:34:29","modified_gmt":"2023-09-11T18:34:29","slug":"preguntas-frecuentes","status":"publish","type":"page","link":"https:\/\/www.ejercito.mil.uy\/index.php\/preguntas-frecuentes\/","title":{"rendered":"Preguntas frecuentes"},"content":{"rendered":"\n<p> <\/p>\n\n\n<div class=\"wp-block-image\">\n<figure class=\"aligncenter size-large is-resized\"><img fetchpriority=\"high\" decoding=\"async\" src=\"http:\/\/www.ejercito.mil.uy\/wp-content\/uploads\/2021\/03\/pregunta-1200-1-1024x451.jpg\" alt=\"\" class=\"wp-image-1137\" width=\"768\" height=\"338\" srcset=\"https:\/\/www.ejercito.mil.uy\/wp-content\/uploads\/2021\/03\/pregunta-1200-1-1024x451.jpg 1024w, https:\/\/www.ejercito.mil.uy\/wp-content\/uploads\/2021\/03\/pregunta-1200-1-300x132.jpg 300w, https:\/\/www.ejercito.mil.uy\/wp-content\/uploads\/2021\/03\/pregunta-1200-1.jpg 1201w\" sizes=\"(max-width: 768px) 100vw, 768px\" \/><\/figure>\n<\/div>\n\n\n<div class=\"wp-block-coblocks-accordion\">\n<div class=\"wp-block-coblocks-accordion-item\"><details><summary class=\"wp-block-coblocks-accordion-item__title has-background has-text-color has-white-color\" style=\"background-color:#66704d\">\u00bfSe puede ingresar al Ej\u00e9rcito con tatuajes, piercing o implantes?<\/summary><div class=\"wp-block-coblocks-accordion-item__content\" style=\"border-color:#66704d\">\n<p>La reglamentaci\u00f3n vigente establece que ser\u00e1n causales de no aptitud \u201clos tatuajes, piercing, implantes, escarificaciones u otra t\u00e9cnica actual o futura, que por su tama\u00f1o, ubicaci\u00f3n o simbolismo alteren la presentaci\u00f3n personal, la sobriedad o el adecuado porte de los uniformes\u201d. Por lo tanto, cada caso ser\u00e1 evaluado en el examen m\u00e9dico de ingreso a la Fuerza. <\/p>\n<\/div><\/details><\/div>\n\n\n\n<div class=\"wp-block-coblocks-accordion-item\"><details><summary class=\"wp-block-coblocks-accordion-item__title has-background has-text-color has-white-color\" style=\"background-color:#66704d\">\u00bfQu\u00e9 edad se debe tener para ingresar al Ej\u00e9rcito como Soldado?<\/summary><div class=\"wp-block-coblocks-accordion-item__content\" style=\"border-color:#66704d\">\n<p>Actualmente los requisitos de edad consisten en ser mayor de 18 a\u00f1os; no hay un l\u00edmite de edad m\u00e1xima para el ingreso. <\/p>\n<\/div><\/details><\/div>\n\n\n\n<div class=\"wp-block-coblocks-accordion-item\"><details><summary class=\"wp-block-coblocks-accordion-item__title has-background has-text-color has-white-color\" style=\"background-color:#66704d\">\u00bfQu\u00e9 documentaci\u00f3n debo presentar para poder ingresar como Soldado?<\/summary><div class=\"wp-block-coblocks-accordion-item__content\" style=\"border-color:#66704d\">\n<ul class=\"wp-block-list\">\n<li>C\u00e9dula de Identidad vigente y Credencial C\u00edvica<\/li>\n\n\n\n<li>Certificado de buena conducta expedido por el Ministerio del Interior<\/li>\n\n\n\n<li>Constancia de estudio de HIV, no siendo causal de no aptitud o exclusi\u00f3n un resultado positivo <\/li>\n\n\n\n<li>Certificado de estudios cursados<\/li>\n\n\n\n<li>Certificado de Jura de la Bandera<\/li>\n<\/ul>\n\n\n\n<p><\/p>\n<\/div><\/details><\/div>\n\n\n\n<div class=\"wp-block-coblocks-accordion-item\"><details><summary class=\"wp-block-coblocks-accordion-item__title has-background has-text-color has-white-color\" style=\"background-color:#66704d\">\u00bfA d\u00f3nde debo dirigirme para poder ingresar al Ej\u00e9rcito?<\/summary><div class=\"wp-block-coblocks-accordion-item__content\" style=\"border-color:#66704d\">\n<p>Tanto para el ingreso a institutos de formaci\u00f3n, como para el ingreso como Soldado, puede dirigirse a la Unidad militar m\u00e1s pr\u00f3xima a su domicilio.  <\/p>\n<\/div><\/details><\/div>\n\n\n\n<div class=\"wp-block-coblocks-accordion-item\"><details><summary class=\"wp-block-coblocks-accordion-item__title has-background has-text-color has-white-color\" style=\"background-color:#66704d\">Quiero realizar la Jura de la Bandera. \u00bfQu\u00e9 debo hacer?<\/summary><div class=\"wp-block-coblocks-accordion-item__content\" style=\"border-color:#66704d\">\n<p>La Jura de la Bandera es un acto solemne que se realiza todos los 19 de junio, en recordaci\u00f3n de la fecha de nacimiento del Gral. Jos\u00e9 Gervasio Artigas. Para jurar la Bandera en una dependencia del Ej\u00e9rcito, debe anotarse directamente, d\u00edas antes de la ceremonia. En Montevideo, la Jura se realiza en el Liceo Militar \u00abGral. Artigas\u00bb. En el interior del pa\u00eds, en las unidades militares. <\/p>\n<\/div><\/details><\/div>\n\n\n\n<div class=\"wp-block-coblocks-accordion-item\"><details><summary class=\"wp-block-coblocks-accordion-item__title has-background has-text-color has-white-color\" style=\"background-color:#66704d\">Tengo Pabellones Nacionales en desuso \u00bfc\u00f3mo debo proceder?<\/summary><div class=\"wp-block-coblocks-accordion-item__content\" style=\"border-color:#66704d\">\n<p>Los Pabellones Nacionales, Banderas de Artigas y de los Treinta y Tres Orientales que se encuentran en desuso, deben ser destruidas acorde a lo establecido en el Decreto del Poder Ejecutivo N\u00ba 339\/003. La destrucci\u00f3n se realiza en una ceremonia militar, que se realiza todos los 23 de setiembre. <\/p>\n\n\n\n<p>En Montevideo, la ceremonia se desarrolla en el Regimiento \u00abBlandengues de Artigas\u00bb de Caballer\u00eda N\u00ba 1; en el interior del pa\u00eds se realiza en las Unidades militares designadas a tal fin. Tanto la ciudadan\u00eda en general, como las instituciones p\u00fablicas y privadas, pueden depositar sus Pabellones Patrios en las Unidades receptoras para su correcta y solemne cremaci\u00f3n. Habitualmente, los Pabellones a destruir se reciben hasta tres d\u00edas h\u00e1biles antes de la ceremonia. <\/p>\n<\/div><\/details><\/div>\n<\/div>\n\n\n\n<p><\/p>\n","protected":false},"excerpt":{"rendered":"","protected":false},"author":3,"featured_media":0,"parent":0,"menu_order":0,"comment_status":"closed","ping_status":"closed","template":"","meta":{"_coblocks_attr":"","_coblocks_dimensions":"","_coblocks_responsive_height":"","_coblocks_accordion_ie_support":"","_monsterinsights_skip_tracking":false,"_monsterinsights_sitenote_active":false,"_monsterinsights_sitenote_note":"","_monsterinsights_sitenote_category":0,"_uf_show_specific_survey":0,"_uf_disable_surveys":false,"footnotes":""},"class_list":["post-307","page","type-page","status-publish","hentry"],"aioseo_notices":[],"_links":{"self":[{"href":"https:\/\/www.ejercito.mil.uy\/index.php\/wp-json\/wp\/v2\/pages\/307","targetHints":{"allow":["GET"]}}],"collection":[{"href":"https:\/\/www.ejercito.mil.uy\/index.php\/wp-json\/wp\/v2\/pages"}],"about":[{"href":"https:\/\/www.ejercito.mil.uy\/index.php\/wp-json\/wp\/v2\/types\/page"}],"author":[{"embeddable":true,"href":"https:\/\/www.ejercito.mil.uy\/index.php\/wp-json\/wp\/v2\/users\/3"}],"replies":[{"embeddable":true,"href":"https:\/\/www.ejercito.mil.uy\/index.php\/wp-json\/wp\/v2\/comments?post=307"}],"version-history":[{"count":14,"href":"https:\/\/www.ejercito.mil.uy\/index.php\/wp-json\/wp\/v2\/pages\/307\/revisions"}],"predecessor-version":[{"id":25065,"href":"https:\/\/www.ejercito.mil.uy\/index.php\/wp-json\/wp\/v2\/pages\/307\/revisions\/25065"}],"wp:attachment":[{"href":"https:\/\/www.ejercito.mil.uy\/index.php\/wp-json\/wp\/v2\/media?parent=307"}],"curies":[{"name":"wp","href":"https:\/\/api.w.org\/{rel}","templated":true}]}}