{"id":315,"date":"2020-12-13T15:35:24","date_gmt":"2020-12-13T18:35:24","guid":{"rendered":"http:\/\/10.1.99.112\/?page_id=315"},"modified":"2025-03-28T14:15:33","modified_gmt":"2025-03-28T17:15:33","slug":"transparencia","status":"publish","type":"page","link":"https:\/\/www.ejercito.mil.uy\/index.php\/transparencia\/","title":{"rendered":"Transparencia"},"content":{"rendered":"\n<div aria-label=\"Carousel Gallery\" class=\"wp-block-coblocks-gallery-carousel coblocks-animate\" data-coblocks-animation=\"fadeIn\"><div class=\"coblocks-gallery-carousel-swiper-container is-cropped coblocks-gallery has-caption-style-dark has-horizontal-gutter has-no-thumbnails\"><div class=\"has-carousel has-carousel-xlrg swiper-container\" data-swiper=\"{&quot;alignCells&quot;:false,&quot;autoPlay&quot;:true,&quot;autoPlaySpeed&quot;:&quot;4000&quot;,&quot;draggable&quot;:true,&quot;freeMode&quot;:false,&quot;loop&quot;:true,&quot;navigation&quot;:true,&quot;pageDots&quot;:false,&quot;pauseHover&quot;:true,&quot;responsiveHeight&quot;:false,&quot;slidesPerView&quot;:1,&quot;thumbnails&quot;:false,&quot;uuid&quot;:&quot;12345&quot;}\" style=\"height:500px\"><div class=\"swiper-wrapper\"><div class=\"swiper-slide\"><div class=\"coblocks-gallery--item\" role=\"button\" tabindex=\"0\"><figure class=\"coblocks-gallery--figure has-margin-left-5 has-margin-left-mobile-15 has-margin-right-5 has-margin-right-mobile-15\"><img fetchpriority=\"high\" decoding=\"async\" width=\"1024\" height=\"683\" alt=\"\" class=\"wp-image-15646\" data-id=\"15646\" data-link=\"https:\/\/www.ejercito.mil.uy\/index.php\/2022\/08\/25\/ceremonia-medal-parade-en-la-mision-undof-2\/medal_golan-2\/\" src=\"https:\/\/www.ejercito.mil.uy\/wp-content\/uploads\/2022\/08\/Medal_GOLAN-2-1024x683.jpg\" srcset=\"https:\/\/www.ejercito.mil.uy\/wp-content\/uploads\/2022\/08\/Medal_GOLAN-2-1024x683.jpg 1024w, https:\/\/www.ejercito.mil.uy\/wp-content\/uploads\/2022\/08\/Medal_GOLAN-2-300x200.jpg 300w, https:\/\/www.ejercito.mil.uy\/wp-content\/uploads\/2022\/08\/Medal_GOLAN-2.jpg 1200w\" sizes=\"(max-width: 1024px) 100vw, 1024px\" \/><\/figure><figcaption class=\"coblocks-gallery--caption coblocks-gallery--primary-caption\"><\/figcaption><\/div><\/div><div class=\"swiper-slide\"><div class=\"coblocks-gallery--item\" role=\"button\" tabindex=\"1\"><figure class=\"coblocks-gallery--figure has-margin-left-5 has-margin-left-mobile-15 has-margin-right-5 has-margin-right-mobile-15\"><img decoding=\"async\" width=\"1024\" height=\"683\" alt=\"\" class=\"wp-image-15609\" data-id=\"15609\" data-link=\"https:\/\/www.ejercito.mil.uy\/index.php\/2022\/08\/25\/197o-aniversario-de-la-declaratoria-de-la-independencia\/independencia_florida-6\/\" src=\"https:\/\/www.ejercito.mil.uy\/wp-content\/uploads\/2022\/08\/Independencia_Florida-6-1024x683.jpg\" srcset=\"https:\/\/www.ejercito.mil.uy\/wp-content\/uploads\/2022\/08\/Independencia_Florida-6-1024x683.jpg 1024w, https:\/\/www.ejercito.mil.uy\/wp-content\/uploads\/2022\/08\/Independencia_Florida-6-300x200.jpg 300w, https:\/\/www.ejercito.mil.uy\/wp-content\/uploads\/2022\/08\/Independencia_Florida-6.jpg 1200w\" sizes=\"(max-width: 1024px) 100vw, 1024px\" \/><\/figure><figcaption class=\"coblocks-gallery--caption coblocks-gallery--primary-caption\"><\/figcaption><\/div><\/div><div class=\"swiper-slide\"><div class=\"coblocks-gallery--item\" role=\"button\" tabindex=\"2\"><figure class=\"coblocks-gallery--figure has-margin-left-5 has-margin-left-mobile-15 has-margin-right-5 has-margin-right-mobile-15\"><img decoding=\"async\" width=\"1024\" height=\"683\" alt=\"\" class=\"wp-image-15607\" data-id=\"15607\" data-link=\"https:\/\/www.ejercito.mil.uy\/index.php\/2022\/08\/25\/197o-aniversario-de-la-declaratoria-de-la-independencia\/independencia_florida-4\/\" src=\"https:\/\/www.ejercito.mil.uy\/wp-content\/uploads\/2022\/08\/Independencia_Florida-4-1024x683.jpg\" srcset=\"https:\/\/www.ejercito.mil.uy\/wp-content\/uploads\/2022\/08\/Independencia_Florida-4-1024x683.jpg 1024w, https:\/\/www.ejercito.mil.uy\/wp-content\/uploads\/2022\/08\/Independencia_Florida-4-300x200.jpg 300w, https:\/\/www.ejercito.mil.uy\/wp-content\/uploads\/2022\/08\/Independencia_Florida-4.jpg 1200w\" sizes=\"(max-width: 1024px) 100vw, 1024px\" \/><\/figure><figcaption class=\"coblocks-gallery--caption coblocks-gallery--primary-caption\"><\/figcaption><\/div><\/div><div class=\"swiper-slide\"><div class=\"coblocks-gallery--item\" role=\"button\" tabindex=\"3\"><figure class=\"coblocks-gallery--figure has-margin-left-5 has-margin-left-mobile-15 has-margin-right-5 has-margin-right-mobile-15\"><img loading=\"lazy\" decoding=\"async\" width=\"1024\" height=\"683\" alt=\"\" class=\"wp-image-15280\" data-id=\"15280\" data-link=\"https:\/\/www.ejercito.mil.uy\/index.php\/2022\/08\/15\/visita-inspectiva-al-batallon-de-infanteria-no-11\/visita-inspectiva-al-batallon-de-infanteria-no-11-1\/\" src=\"https:\/\/www.ejercito.mil.uy\/wp-content\/uploads\/2022\/08\/Visita-inspectiva-al-Batallon-de-Infanteria-No-11-1-1024x683.jpg\" srcset=\"https:\/\/www.ejercito.mil.uy\/wp-content\/uploads\/2022\/08\/Visita-inspectiva-al-Batallon-de-Infanteria-No-11-1-1024x683.jpg 1024w, https:\/\/www.ejercito.mil.uy\/wp-content\/uploads\/2022\/08\/Visita-inspectiva-al-Batallon-de-Infanteria-No-11-1-300x200.jpg 300w, https:\/\/www.ejercito.mil.uy\/wp-content\/uploads\/2022\/08\/Visita-inspectiva-al-Batallon-de-Infanteria-No-11-1.jpg 1200w\" sizes=\"(max-width: 1024px) 100vw, 1024px\" \/><\/figure><figcaption class=\"coblocks-gallery--caption coblocks-gallery--primary-caption\"><\/figcaption><\/div><\/div><div class=\"swiper-slide\"><div class=\"coblocks-gallery--item\" role=\"button\" tabindex=\"4\"><figure class=\"coblocks-gallery--figure has-margin-left-5 has-margin-left-mobile-15 has-margin-right-5 has-margin-right-mobile-15\"><img loading=\"lazy\" decoding=\"async\" width=\"1024\" height=\"683\" alt=\"\" class=\"wp-image-14780\" data-id=\"14780\" data-link=\"https:\/\/www.ejercito.mil.uy\/index.php\/portada\/ejercito_rou-26\/\" src=\"https:\/\/www.ejercito.mil.uy\/wp-content\/uploads\/2022\/07\/Ejercito_ROU-26-1024x683.jpg\" srcset=\"https:\/\/www.ejercito.mil.uy\/wp-content\/uploads\/2022\/07\/Ejercito_ROU-26-1024x683.jpg 1024w, https:\/\/www.ejercito.mil.uy\/wp-content\/uploads\/2022\/07\/Ejercito_ROU-26-300x200.jpg 300w, https:\/\/www.ejercito.mil.uy\/wp-content\/uploads\/2022\/07\/Ejercito_ROU-26.jpg 1200w\" sizes=\"(max-width: 1024px) 100vw, 1024px\" \/><\/figure><figcaption class=\"coblocks-gallery--caption coblocks-gallery--primary-caption\"><\/figcaption><\/div><\/div><div class=\"swiper-slide\"><div class=\"coblocks-gallery--item\" role=\"button\" tabindex=\"5\"><figure class=\"coblocks-gallery--figure has-margin-left-5 has-margin-left-mobile-15 has-margin-right-5 has-margin-right-mobile-15\"><img loading=\"lazy\" decoding=\"async\" width=\"1024\" height=\"683\" alt=\"\" class=\"wp-image-14756\" data-id=\"14756\" data-link=\"https:\/\/www.ejercito.mil.uy\/index.php\/portada\/ejercito_rou-3\/\" src=\"https:\/\/www.ejercito.mil.uy\/wp-content\/uploads\/2022\/07\/Ejercito_ROU-3-1024x683.jpg\" srcset=\"https:\/\/www.ejercito.mil.uy\/wp-content\/uploads\/2022\/07\/Ejercito_ROU-3-1024x683.jpg 1024w, https:\/\/www.ejercito.mil.uy\/wp-content\/uploads\/2022\/07\/Ejercito_ROU-3-300x200.jpg 300w, https:\/\/www.ejercito.mil.uy\/wp-content\/uploads\/2022\/07\/Ejercito_ROU-3.jpg 1200w\" sizes=\"(max-width: 1024px) 100vw, 1024px\" \/><\/figure><figcaption class=\"coblocks-gallery--caption coblocks-gallery--primary-caption\"><\/figcaption><\/div><\/div><div class=\"swiper-slide\"><div class=\"coblocks-gallery--item\" role=\"button\" tabindex=\"6\"><figure class=\"coblocks-gallery--figure has-margin-left-5 has-margin-left-mobile-15 has-margin-right-5 has-margin-right-mobile-15\"><img loading=\"lazy\" decoding=\"async\" width=\"1024\" height=\"683\" alt=\"\" class=\"wp-image-14774\" data-id=\"14774\" data-link=\"https:\/\/www.ejercito.mil.uy\/index.php\/portada\/ejercito_rou-21\/\" src=\"https:\/\/www.ejercito.mil.uy\/wp-content\/uploads\/2022\/07\/Ejercito_ROU-21-1024x683.jpg\" srcset=\"https:\/\/www.ejercito.mil.uy\/wp-content\/uploads\/2022\/07\/Ejercito_ROU-21-1024x683.jpg 1024w, https:\/\/www.ejercito.mil.uy\/wp-content\/uploads\/2022\/07\/Ejercito_ROU-21-300x200.jpg 300w, https:\/\/www.ejercito.mil.uy\/wp-content\/uploads\/2022\/07\/Ejercito_ROU-21.jpg 1200w\" sizes=\"(max-width: 1024px) 100vw, 1024px\" \/><\/figure><figcaption class=\"coblocks-gallery--caption coblocks-gallery--primary-caption\"><\/figcaption><\/div><\/div><div class=\"swiper-slide\"><div class=\"coblocks-gallery--item\" role=\"button\" tabindex=\"7\"><figure class=\"coblocks-gallery--figure has-margin-left-5 has-margin-left-mobile-15 has-margin-right-5 has-margin-right-mobile-15\"><img loading=\"lazy\" decoding=\"async\" width=\"1024\" height=\"683\" alt=\"\" class=\"wp-image-14176\" data-id=\"14176\" data-link=\"https:\/\/www.ejercito.mil.uy\/index.php\/2022\/07\/10\/actividades-dentro-de-la-division-de-ejercito-i-y-iv\/tareas-de-barrido-de-arena-3\/\" src=\"https:\/\/www.ejercito.mil.uy\/wp-content\/uploads\/2022\/07\/Tareas-de-barrido-de-arena-3-1024x683.jpg\" srcset=\"https:\/\/www.ejercito.mil.uy\/wp-content\/uploads\/2022\/07\/Tareas-de-barrido-de-arena-3-1024x683.jpg 1024w, https:\/\/www.ejercito.mil.uy\/wp-content\/uploads\/2022\/07\/Tareas-de-barrido-de-arena-3-300x200.jpg 300w, https:\/\/www.ejercito.mil.uy\/wp-content\/uploads\/2022\/07\/Tareas-de-barrido-de-arena-3.jpg 1200w\" sizes=\"(max-width: 1024px) 100vw, 1024px\" \/><\/figure><figcaption class=\"coblocks-gallery--caption coblocks-gallery--primary-caption\"><\/figcaption><\/div><\/div><\/div><button class=\"nav-button__prev\" id=\"12345-prev\"><svg class=\"icon\" style=\"transform:rotate(180deg)\"><\/svg><\/button><button class=\"nav-button__next\" id=\"12345-next\"><svg class=\"icon\"><\/svg><\/button><\/div><\/div><\/div>\n\n\n\n<div style=\"height:33px\" aria-hidden=\"true\" class=\"wp-block-spacer\"><\/div>\n\n\n\n<p class=\"has-black-color has-text-color has-link-color has-medium-font-size wp-elements-f41d67b0d9464f0357a9e8c06c6aef76\">Conforme a lo establecido por la <a rel=\"noreferrer noopener\" href=\"https:\/\/www.impo.com.uy\/bases\/leyes\/18381-2008\" target=\"_blank\"><strong>ley N\u00ba 18.381<\/strong><\/a>, de Acceso a la informaci\u00f3n P\u00fablica, se presenta aqu\u00ed la informaci\u00f3n referida a la <strong>Ejecuci\u00f3n Presupuestal y las Remuneraciones Militares<\/strong>:<\/p>\n\n\n\n<div style=\"height:55px\" aria-hidden=\"true\" class=\"wp-block-spacer\"><\/div>\n\n\n\n<p class=\"has-medium-font-size\"><strong><a href=\"https:\/\/www.gub.uy\/ministerio-defensa-nacional\/institucional\/transparencia\" data-type=\"link\" data-id=\"https:\/\/www.gub.uy\/ministerio-defensa-nacional\/institucional\/transparencia\" target=\"_blank\" rel=\"noreferrer noopener\">Ejecuci\u00f3n Presupuestal<\/a><\/strong><\/p>\n\n\n\n<div style=\"height:33px\" aria-hidden=\"true\" class=\"wp-block-spacer\"><\/div>\n\n\n\n<p class=\"has-black-color has-text-color has-link-color has-large-font-size wp-elements-076c7732de7b192999ed3819b8520b41\"><strong>Remuneraciones Militares<\/strong> <strong>al 01ENE2025<\/strong><\/p>\n\n\n\n<div style=\"height:22px\" aria-hidden=\"true\" class=\"wp-block-spacer\"><\/div>\n\n\n\n<p class=\"has-black-color has-text-color has-link-color wp-elements-2c9026949b72220d784354ad46cd608d\" style=\"font-size:22px\"><strong>Cuerpo Comando:<\/strong><\/p>\n\n\n\n<p class=\"has-black-color has-text-color has-link-color has-medium-font-size wp-elements-321238fe82ddd7495d1abf0a2fd45244\"><strong>Combatientes<\/strong><\/p>\n\n\n\n<div style=\"height:22px\" aria-hidden=\"true\" class=\"wp-block-spacer\"><\/div>\n\n\n\n<figure class=\"wp-block-table is-style-stripes\"><table class=\"has-black-color has-text-color has-link-color\"><tbody><tr><td><strong>GRADO<\/strong><\/td><td><strong>NOMINAL<\/strong><\/td><td><strong>L\u00cdQUIDO<\/strong><\/td><\/tr><tr><td>Gral. de E.<\/td><td>261.703,80<\/td><td>166.803,34<\/td><\/tr><tr><td>General<\/td><td>202.606,72<\/td><td>134.552,84<\/td><\/tr><tr><td>Coronel<\/td><td>163.747,97<\/td><td>111.798,75<\/td><\/tr><tr><td>Tte. Cnel.<\/td><td>118.372,92<\/td><td>85.956,70<\/td><\/tr><tr><td>Mayor<\/td><td>109.433,35<\/td><td>80.199,93<\/td><\/tr><tr><td>Capit\u00e1n<\/td><td>102.275,34<\/td><td>74.406,57<\/td><\/tr><tr><td>Teniente 1\u00ba<\/td><td>90.602,68<\/td><td>68.394,85<\/td><\/tr><tr><td>Teniente 2\u00ba<\/td><td>81.482,56<\/td><td>62.240,43<\/td><\/tr><tr><td>Alf\u00e9rez<\/td><td>70.360,96<\/td><td>54.530,14<\/td><\/tr><tr><td>S.O.Mayor<\/td><td>68.990,46<\/td><td>55.357,62<\/td><\/tr><tr><td>Sgto.1\u00ba<\/td><td>59.845,89<\/td><td>48.045,89<\/td><\/tr><tr><td>Sgto.<\/td><td>48.017,66<\/td><td>39.441,74<\/td><\/tr><tr><td>Cabo 1\u00aa<\/td><td>45.329,45<\/td><td>36.338,25<\/td><\/tr><tr><td>Cabo 2\u00aa<\/td><td>39.482,74<\/td><td>31.559,61<\/td><\/tr><tr><td>Sdo. 1\u00aa<\/td><td>38.898,68<\/td><td>31.193,68<\/td><\/tr><\/tbody><\/table><\/figure>\n\n\n\n<div style=\"height:44px\" aria-hidden=\"true\" class=\"wp-block-spacer\"><\/div>\n\n\n\n<figure class=\"wp-block-table is-style-stripes\"><table class=\"has-black-color has-text-color has-link-color\"><tbody><tr><td><strong>GRADO<\/strong><\/td><td><strong>NOMINAL<\/strong><\/td><td><strong>L\u00cdQUIDO<\/strong><\/td><\/tr><tr><td><\/td><td><\/td><td><\/td><\/tr><tr><td>Cadete 3<\/td><td>24.546,11<\/td><td>20.005,08<\/td><\/tr><tr><td>Cadete 2<\/td><td>21.860,35<\/td><td>17.816,25<\/td><\/tr><tr><td>Cadete 1<\/td><td>16.921,48<\/td><td>13.791,00<\/td><\/tr><tr><td>Asp. Cadete<\/td><td>16.166,75<\/td><td>13.418,36<\/td><\/tr><tr><td>Aprendiz<\/td><td>11.982,57<\/td><td>9.945,46<\/td><\/tr><\/tbody><\/table><\/figure>\n\n\n\n<div style=\"height:77px\" aria-hidden=\"true\" class=\"wp-block-spacer\"><\/div>\n\n\n\n<p class=\"has-black-color has-text-color has-link-color wp-elements-04c231ee107e4c62c2b19e69c4359dd2\" style=\"font-size:22px\"><strong>Cuerpo de Servicios:<\/strong><\/p>\n\n\n\n<p class=\"has-black-color has-text-color has-link-color has-medium-font-size wp-elements-0f0fedd06b08c8511fa8871751880018\"><strong>Apoyo Servicio y Combate<\/strong><\/p>\n\n\n\n<div style=\"height:33px\" aria-hidden=\"true\" class=\"wp-block-spacer\"><\/div>\n\n\n\n<figure class=\"wp-block-table is-style-stripes\"><table class=\"has-black-color has-text-color has-link-color\"><tbody><tr><td><strong>GRADO<\/strong><\/td><td><strong>NOMINAL<\/strong><\/td><td><strong>L\u00cdQUIDO<\/strong><\/td><\/tr><tr><td><\/td><td><\/td><td><\/td><\/tr><tr><td>Tte. Cnel.<\/td><td>117.737,81<\/td><td>85.716,00<\/td><\/tr><tr><td>Mayor<\/td><td>109.012,74<\/td><td>79.674,97<\/td><\/tr><tr><td>Capit\u00e1n<\/td><td>99.069,02<\/td><td>74.023,33<\/td><\/tr><tr><td>Teniente 1\u00ba<\/td><td>89.033,47<\/td><td>68.369,11<\/td><\/tr><tr><td>Teniente 2\u00ba<\/td><td>79.889,22<\/td><td>61.523,99<\/td><\/tr><tr><td>Alf\u00e9rez<\/td><td>67.360,77<\/td><td>52.738,61<\/td><\/tr><\/tbody><\/table><\/figure>\n\n\n\n<div style=\"height:66px\" aria-hidden=\"true\" class=\"wp-block-spacer\"><\/div>\n\n\n\n<p class=\"has-black-color has-text-color has-link-color wp-elements-7ea0f64dfb6d4fb97077fe5344f4b387\" style=\"font-size:22px\"><strong>Profesionales y Bandas Militares<\/strong><\/p>\n\n\n\n<div style=\"height:33px\" aria-hidden=\"true\" class=\"wp-block-spacer\"><\/div>\n\n\n\n<figure class=\"wp-block-table is-style-stripes\"><table class=\"has-black-color has-text-color has-link-color\"><tbody><tr><td><strong>GRADO<\/strong><\/td><td><strong>NOMINAL<\/strong><\/td><td><strong>L\u00cdQUIDO<\/strong><\/td><\/tr><tr><td><\/td><td><\/td><td><\/td><\/tr><tr><td>Tte. Cnel.<\/td><td>98.752,85<\/td><td>73.968,34<\/td><\/tr><tr><td>Mayor<\/td><td>92.672,69<\/td><td>71.328,80<\/td><\/tr><tr><td>Capit\u00e1n<\/td><td>89.147,74<\/td><td>68.038,67<\/td><\/tr><tr><td>Teniente 1\u00ba<\/td><td>79.724,84<\/td><td>61.653,12<\/td><\/tr><tr><td>Teniente 2\u00ba<\/td><td>75.104,81<\/td><td>57.817,10<\/td><\/tr><tr><td>Alf\u00e9rez<\/td><td>64.828,21<\/td><td>51.862,57<\/td><\/tr><tr><td>Sgto.1\u00ba (BM)<\/td><td>59.845,89<\/td><td>48.045,89<\/td><\/tr><tr><td>Sgto. (BM)<\/td><td>48.017,66<\/td><td>39.441,74<\/td><\/tr><\/tbody><\/table><\/figure>\n\n\n\n<div style=\"height:66px\" aria-hidden=\"true\" class=\"wp-block-spacer\"><\/div>\n\n\n\n<p class=\"has-black-color has-text-color has-link-color wp-elements-93a0c0889ea167d13bd3576ff50ada34\" style=\"font-size:22px\"><strong>Personal Reservista<\/strong><\/p>\n\n\n\n<div style=\"height:33px\" aria-hidden=\"true\" class=\"wp-block-spacer\"><\/div>\n\n\n\n<figure class=\"wp-block-table is-style-stripes\"><table class=\"has-black-color has-text-color has-link-color\"><tbody><tr><td><strong>GRADO<\/strong><\/td><td><strong>NOMINAL<\/strong><\/td><td><strong>L\u00cdQUIDO<\/strong><\/td><\/tr><tr><td>Capit\u00e1n<\/td><td>91.891,98<\/td><td>71.055,19<\/td><\/tr><tr><td>Teniente 1\u00ba<\/td><td>82.216,80<\/td><td>64.708,76<\/td><\/tr><tr><td>Teniente 2\u00ba<\/td><td>76.844,47<\/td><td>60.821,10<\/td><\/tr><tr><td>Alf\u00e9rez<\/td><td>66.260,66<\/td><td>54.572,28<\/td><\/tr><tr><td>Suboficial Mayor<\/td><td>59.464,09<\/td><td>48.974,63<\/td><\/tr><tr><td>Sargento 1\u00b0<\/td><td>53.689,07<\/td><td>44.218,32<\/td><\/tr><tr><td>Sargento<\/td><td>43.349,43<\/td><td>35.702,59<\/td><\/tr><tr><td>Cabo 1\u00aa<\/td><td>39.154,90<\/td><td>32.247,98<\/td><\/tr><tr><td>Cabo 2\u00aa <\/td><td>36.233,31<\/td><td>29.841,75<\/td><\/tr><tr><td>Soldado 1\u00aa <\/td><td>34.762,24<\/td><td>28.630,18<\/td><\/tr><\/tbody><\/table><\/figure>\n\n\n\n<div style=\"height:55px\" aria-hidden=\"true\" class=\"wp-block-spacer\"><\/div>\n\n\n\n<p class=\"has-black-color has-text-color has-link-color wp-elements-0f82cee65a9f915c7ce5b520190cbe83\" style=\"font-size:22px\"><strong>Personal Veterinario e Ingeniero Agr\u00f3nomo <\/strong><\/p>\n\n\n\n<div style=\"height:33px\" aria-hidden=\"true\" class=\"wp-block-spacer\"><\/div>\n\n\n\n<figure class=\"wp-block-table is-style-stripes\"><table class=\"has-black-color has-text-color has-link-color\"><tbody><tr><td><strong>GRADO<\/strong><\/td><td><strong>NOMINAL<\/strong><\/td><td><strong>L\u00cdQUIDO<\/strong><\/td><\/tr><tr><td>Tte. Cnel<\/td><td>97.042,79<\/td><td>72.977,25<\/td><\/tr><tr><td>Mayor<\/td><td>90.742,89<\/td><td>70.009,97<\/td><\/tr><tr><td>Capit\u00e1n<\/td><td>87.532,76<\/td><td>67.734,21<\/td><\/tr><tr><td>Teniente 1\u00ba<\/td><td>78.333,91<\/td><td>60.621,07<\/td><\/tr><tr><td>Teniente 2\u00ba<\/td><td>73.190,72<\/td><td>56.572,58<\/td><\/tr><tr><td>Alf\u00e9rez<\/td><td>63.240,12<\/td><td>50.592,10<\/td><\/tr><\/tbody><\/table><\/figure>\n\n\n\n<div style=\"height:55px\" aria-hidden=\"true\" class=\"wp-block-spacer\"><\/div>\n\n\n\n<blockquote class=\"wp-block-quote is-layout-flow wp-block-quote-is-layout-flow\">\n<p class=\"has-black-color has-text-color has-link-color wp-elements-17a62c99d0a03fecebcc0161103143e6\"><strong>NOTA<\/strong><br>No se contabiliza:<br>\u2022 PERMANENCIA EN EL GRADO y PROGRESIVO (que influyen en los c\u00e1lculos porcentuales &#8211; ley 16.333 y 16.320)<br>\u2022 PRIMA SOLIDARIA, HOGAR CONSTITUIDO y ASIGNACION FAMILIAR (que depende del estado civil y familia de cada personal)<\/p>\n<\/blockquote>\n\n\n\n<div style=\"height:100px\" aria-hidden=\"true\" class=\"wp-block-spacer\"><\/div>\n","protected":false},"excerpt":{"rendered":"<p>Conforme a lo establecido por la ley N\u00ba 18.381, de Acceso a la informaci\u00f3n P\u00fablica, se presenta aqu\u00ed la informaci\u00f3n referida a la Ejecuci\u00f3n Presupuestal y las Remuneraciones Militares: Ejecuci\u00f3n Presupuestal Remuneraciones Militares al 01ENE2025 Cuerpo Comando: Combatientes GRADO NOMINAL L\u00cdQUIDO Gral. de E. 261.703,80 166.803,34 General 202.606,72 134.552,84 Coronel 163.747,97 111.798,75 Tte. Cnel. 118.372,92 <a href=\"https:\/\/www.ejercito.mil.uy\/index.php\/transparencia\/\" class=\"more-link\">&#8230;<span class=\"screen-reader-text\">  Transparencia<\/span><\/a><\/p>\n","protected":false},"author":3,"featured_media":0,"parent":0,"menu_order":0,"comment_status":"closed","ping_status":"closed","template":"","meta":{"_coblocks_attr":"","_coblocks_dimensions":"","_coblocks_responsive_height":"","_coblocks_accordion_ie_support":"","_monsterinsights_skip_tracking":false,"_monsterinsights_sitenote_active":false,"_monsterinsights_sitenote_note":"","_monsterinsights_sitenote_category":0,"_uf_show_specific_survey":0,"_uf_disable_surveys":false,"footnotes":""},"class_list":["post-315","page","type-page","status-publish","hentry"],"aioseo_notices":[],"_links":{"self":[{"href":"https:\/\/www.ejercito.mil.uy\/index.php\/wp-json\/wp\/v2\/pages\/315","targetHints":{"allow":["GET"]}}],"collection":[{"href":"https:\/\/www.ejercito.mil.uy\/index.php\/wp-json\/wp\/v2\/pages"}],"about":[{"href":"https:\/\/www.ejercito.mil.uy\/index.php\/wp-json\/wp\/v2\/types\/page"}],"author":[{"embeddable":true,"href":"https:\/\/www.ejercito.mil.uy\/index.php\/wp-json\/wp\/v2\/users\/3"}],"replies":[{"embeddable":true,"href":"https:\/\/www.ejercito.mil.uy\/index.php\/wp-json\/wp\/v2\/comments?post=315"}],"version-history":[{"count":55,"href":"https:\/\/www.ejercito.mil.uy\/index.php\/wp-json\/wp\/v2\/pages\/315\/revisions"}],"predecessor-version":[{"id":43031,"href":"https:\/\/www.ejercito.mil.uy\/index.php\/wp-json\/wp\/v2\/pages\/315\/revisions\/43031"}],"wp:attachment":[{"href":"https:\/\/www.ejercito.mil.uy\/index.php\/wp-json\/wp\/v2\/media?parent=315"}],"curies":[{"name":"wp","href":"https:\/\/api.w.org\/{rel}","templated":true}]}}