{"id":321,"date":"2020-12-13T16:02:16","date_gmt":"2020-12-13T19:02:16","guid":{"rendered":"http:\/\/10.1.99.112\/?page_id=321"},"modified":"2025-08-11T09:08:41","modified_gmt":"2025-08-11T12:08:41","slug":"beneficios","status":"publish","type":"page","link":"https:\/\/www.ejercito.mil.uy\/index.php\/beneficios\/","title":{"rendered":"Beneficios"},"content":{"rendered":"\n<p class=\"has-black-color has-text-color has-link-color has-medium-font-size wp-elements-db1f6ab1ac91f1b0e04a93524c798965\"><strong>Listado de Beneficios vigentes entre el Ej\u00e9rcito Nacional, con centros educativos y empresas:<\/strong><\/p>\n\n\n\n<div style=\"height:22px\" aria-hidden=\"true\" class=\"wp-block-spacer\"><\/div>\n\n\n\n<div class=\"wp-block-file\"><a id=\"wp-block-file--media-8091df89-e2cf-4d57-9922-7188b9dc3203\" href=\"https:\/\/www.ejercito.mil.uy\/wp-content\/uploads\/2025\/05\/BENEFICIOS-Y-DESCUENTOS-PARA-PERSONAL-DEL-EJERCITO.pdf\" target=\"_blank\" rel=\"noreferrer noopener\">BENEFICIOS Y DESCUENTOS PARA PERSONAL DEL EJERCITO<\/a><a href=\"https:\/\/www.ejercito.mil.uy\/wp-content\/uploads\/2025\/05\/BENEFICIOS-Y-DESCUENTOS-PARA-PERSONAL-DEL-EJERCITO.pdf\" class=\"wp-block-file__button wp-element-button\" download aria-describedby=\"wp-block-file--media-8091df89-e2cf-4d57-9922-7188b9dc3203\">Descarga<\/a><\/div>\n\n\n\n<div style=\"height:44px\" aria-hidden=\"true\" class=\"wp-block-spacer\"><\/div>\n\n\n\n<hr class=\"wp-block-separator has-alpha-channel-opacity\"\/>\n\n\n\n<div style=\"height:44px\" aria-hidden=\"true\" class=\"wp-block-spacer\"><\/div>\n\n\n\n<p style=\"font-size:24px\"><strong><a href=\"https:\/\/www.gub.uy\/ministerio-defensa-nacional\/servicios-sociales\" data-type=\"link\" data-id=\"https:\/\/www.gub.uy\/ministerio-defensa-nacional\/servicios-sociales\" target=\"_blank\" rel=\"noreferrer noopener\">Direcci\u00f3n General de Servicios Sociales (MDN)<\/a><\/strong><\/p>\n\n\n\n<div style=\"height:44px\" aria-hidden=\"true\" class=\"wp-block-spacer\"><\/div>\n\n\n\n<figure class=\"wp-block-image size-large\"><a href=\"https:\/\/www.gub.uy\/ministerio-defensa-nacional\/servicios-sociales\" target=\"_blank\" rel=\"noreferrer noopener\"><img fetchpriority=\"high\" decoding=\"async\" width=\"1024\" height=\"683\" src=\"https:\/\/www.ejercito.mil.uy\/wp-content\/uploads\/2024\/03\/Beneficios-1024x683.jpg\" alt=\"\" class=\"wp-image-28715\" srcset=\"https:\/\/www.ejercito.mil.uy\/wp-content\/uploads\/2024\/03\/Beneficios-1024x683.jpg 1024w, https:\/\/www.ejercito.mil.uy\/wp-content\/uploads\/2024\/03\/Beneficios-300x200.jpg 300w, https:\/\/www.ejercito.mil.uy\/wp-content\/uploads\/2024\/03\/Beneficios.jpg 1200w\" sizes=\"(max-width: 1024px) 100vw, 1024px\" \/><\/a><\/figure>\n\n\n\n<div style=\"height:55px\" aria-hidden=\"true\" class=\"wp-block-spacer\"><\/div>\n\n\n\n<p class=\"has-black-color has-text-color has-link-color wp-elements-74c81ef78e04b708a8d263eb38b5c3a7\" style=\"font-size:18px\"><strong>Beneficios y descuentos &#8211; Ministerio de Defensa Nacional<br><\/strong>Informaci\u00f3n sobre beneficios y descuentos para personal del Inciso, retirados y pensionistas de las Fuerzas Armadas.<br><a rel=\"noreferrer noopener\" href=\"https:\/\/www.gub.uy\/ministerio-defensa-nacional\/politicas-y-gestion\/beneficios-descuentos\" target=\"_blank\">Beneficios y descuentos<\/a><\/p>\n\n\n\n<div style=\"height:55px\" aria-hidden=\"true\" class=\"wp-block-spacer\"><\/div>\n\n\n\n<p class=\"has-black-color has-text-color has-link-color wp-elements-69501d37f0d62e6dac7cc8d14b80edec\" style=\"font-size:18px\"><strong>Beneficios extraordinarios y temporales<strong> &#8211; Ministerio de Defensa Nacional<\/strong><\/strong><br><a rel=\"noreferrer noopener\" href=\"https:\/\/www.gub.uy\/ministerio-defensa-nacional\/politicas-y-gestion\/beneficios-extraordinarios-temporales\" target=\"_blank\">Acceso a beneficios y descuentos<\/a><\/p>\n\n\n\n<div style=\"height:55px\" aria-hidden=\"true\" class=\"wp-block-spacer\"><\/div>\n\n\n\n<p class=\"has-black-color has-text-color has-link-color wp-elements-5d260708e67a0cc6b356cd1665984282\" style=\"font-size:18px\"><strong>Lista de Beneficios y Descuentos <\/strong><strong>&#8211; Ministerio de Defensa Nacional<\/strong><br><a rel=\"noreferrer noopener\" href=\"https:\/\/www.gub.uy\/ministerio-defensa-nacional\/comunicacion\/comunicados?field_tematica_target_id=877&amp;year=all&amp;month=all&amp;field_publico_target_id=All\" target=\"_blank\">Listado completo<\/a><\/p>\n\n\n\n<div style=\"height:66px\" aria-hidden=\"true\" class=\"wp-block-spacer\"><\/div>\n\n\n\n<hr class=\"wp-block-separator has-alpha-channel-opacity\"\/>\n\n\n\n<div style=\"height:55px\" aria-hidden=\"true\" class=\"wp-block-spacer\"><\/div>\n\n\n\n<p class=\"has-black-color has-text-color has-link-color wp-elements-add9896554edaf65f131dd5f8594ff4b\">Compartimos el cat\u00e1logo de materiales de apoyo a la movilidad que ofrece la <strong>Divisi\u00f3n Bienestar Social<\/strong> del <strong>Departamento V del Estado Mayor del Ej\u00e9rcito<\/strong>, destinado al <strong>Personal Militar en actividad y sus familiares directos<\/strong>.<\/p>\n\n\n\n<div style=\"height:44px\" aria-hidden=\"true\" class=\"wp-block-spacer\"><\/div>\n\n\n\n<div data-wp-interactive=\"core\/file\" class=\"wp-block-file\"><object data-wp-bind--hidden=\"!state.hasPdfPreview\" hidden class=\"wp-block-file__embed\" data=\"https:\/\/www.ejercito.mil.uy\/wp-content\/uploads\/2023\/07\/MATERIALES-DE-APOYO-A-LA-MOVILIDAD.pdf\" type=\"application\/pdf\" style=\"width:100%;height:600px\" aria-label=\"Embed of MATERIALES-DE-APOYO-A-LA-MOVILIDAD.\"><\/object><a id=\"wp-block-file--media-d9a523ac-92f2-4cad-b4c4-03a687b220dc\" href=\"https:\/\/www.ejercito.mil.uy\/wp-content\/uploads\/2023\/07\/MATERIALES-DE-APOYO-A-LA-MOVILIDAD.pdf\">MATERIALES-DE-APOYO-A-LA-MOVILIDAD<\/a><a href=\"https:\/\/www.ejercito.mil.uy\/wp-content\/uploads\/2023\/07\/MATERIALES-DE-APOYO-A-LA-MOVILIDAD.pdf\" class=\"wp-block-file__button wp-element-button\" download aria-describedby=\"wp-block-file--media-d9a523ac-92f2-4cad-b4c4-03a687b220dc\">Descarga<\/a><\/div>\n\n\n\n<div style=\"height:99px\" aria-hidden=\"true\" class=\"wp-block-spacer\"><\/div>\n\n\n\n<hr class=\"wp-block-separator has-alpha-channel-opacity\"\/>\n\n\n\n<div style=\"height:100px\" aria-hidden=\"true\" class=\"wp-block-spacer\"><\/div>\n","protected":false},"excerpt":{"rendered":"<p>Listado de Beneficios vigentes entre el Ej\u00e9rcito Nacional, con centros educativos y empresas: Direcci\u00f3n General de Servicios Sociales (MDN) Beneficios y descuentos &#8211; Ministerio de Defensa NacionalInformaci\u00f3n sobre beneficios y descuentos para personal del Inciso, retirados y pensionistas de las Fuerzas Armadas.Beneficios y descuentos Beneficios extraordinarios y temporales &#8211; Ministerio de Defensa NacionalAcceso a beneficios <a href=\"https:\/\/www.ejercito.mil.uy\/index.php\/beneficios\/\" class=\"more-link\">&#8230;<span class=\"screen-reader-text\">  Beneficios<\/span><\/a><\/p>\n","protected":false},"author":3,"featured_media":0,"parent":0,"menu_order":0,"comment_status":"closed","ping_status":"closed","template":"","meta":{"_coblocks_attr":"","_coblocks_dimensions":"","_coblocks_responsive_height":"","_coblocks_accordion_ie_support":"","_monsterinsights_skip_tracking":false,"_monsterinsights_sitenote_active":false,"_monsterinsights_sitenote_note":"","_monsterinsights_sitenote_category":0,"_uf_show_specific_survey":0,"_uf_disable_surveys":false,"footnotes":""},"class_list":["post-321","page","type-page","status-publish","hentry"],"aioseo_notices":[],"_links":{"self":[{"href":"https:\/\/www.ejercito.mil.uy\/index.php\/wp-json\/wp\/v2\/pages\/321","targetHints":{"allow":["GET"]}}],"collection":[{"href":"https:\/\/www.ejercito.mil.uy\/index.php\/wp-json\/wp\/v2\/pages"}],"about":[{"href":"https:\/\/www.ejercito.mil.uy\/index.php\/wp-json\/wp\/v2\/types\/page"}],"author":[{"embeddable":true,"href":"https:\/\/www.ejercito.mil.uy\/index.php\/wp-json\/wp\/v2\/users\/3"}],"replies":[{"embeddable":true,"href":"https:\/\/www.ejercito.mil.uy\/index.php\/wp-json\/wp\/v2\/comments?post=321"}],"version-history":[{"count":45,"href":"https:\/\/www.ejercito.mil.uy\/index.php\/wp-json\/wp\/v2\/pages\/321\/revisions"}],"predecessor-version":[{"id":47854,"href":"https:\/\/www.ejercito.mil.uy\/index.php\/wp-json\/wp\/v2\/pages\/321\/revisions\/47854"}],"wp:attachment":[{"href":"https:\/\/www.ejercito.mil.uy\/index.php\/wp-json\/wp\/v2\/media?parent=321"}],"curies":[{"name":"wp","href":"https:\/\/api.w.org\/{rel}","templated":true}]}}