{"id":40179,"date":"2025-01-28T13:37:53","date_gmt":"2025-01-28T16:37:53","guid":{"rendered":"https:\/\/www.ejercito.mil.uy\/?page_id=40179"},"modified":"2025-08-27T17:36:16","modified_gmt":"2025-08-27T20:36:16","slug":"comunicados-de-prensa-rdcongo","status":"publish","type":"page","link":"https:\/\/www.ejercito.mil.uy\/index.php\/comunicados-de-prensa-rdcongo\/","title":{"rendered":"Comunicados de prensa R.D.CONGO"},"content":{"rendered":"<div class=\"wp-block-image is-resized\">\n<figure class=\"aligncenter size-large\"><img fetchpriority=\"high\" decoding=\"async\" width=\"1024\" height=\"683\" src=\"https:\/\/www.ejercito.mil.uy\/wp-content\/uploads\/2025\/02\/Comunicado_MOP_RDCONGO2025-1-1024x683.jpg\" alt=\"\" class=\"wp-image-40332\" srcset=\"https:\/\/www.ejercito.mil.uy\/wp-content\/uploads\/2025\/02\/Comunicado_MOP_RDCONGO2025-1-1024x683.jpg 1024w, https:\/\/www.ejercito.mil.uy\/wp-content\/uploads\/2025\/02\/Comunicado_MOP_RDCONGO2025-1-300x200.jpg 300w, https:\/\/www.ejercito.mil.uy\/wp-content\/uploads\/2025\/02\/Comunicado_MOP_RDCONGO2025-1.jpg 1200w\" sizes=\"(max-width: 1024px) 100vw, 1024px\" \/><\/figure>\n<\/div>\n\n\n<div style=\"height:44px\" aria-hidden=\"true\" class=\"wp-block-spacer\"><\/div>\n\n\n\n<p class=\"has-text-color has-background has-link-color has-medium-font-size wp-elements-60c01984ff5f283fab8c7f2be083a4b9\" style=\"color:#275685;background-color:#fffcf8\"><strong>14 de febrero, 2025: Ante la estabilizaci\u00f3n de la situaci\u00f3n de seguridad, se informa que a partir del d\u00eda de la fecha, solo se emitir\u00e1n comunicados ante cambios significativos.<\/strong> <\/p>\n\n\n\n<div style=\"height:44px\" aria-hidden=\"true\" class=\"wp-block-spacer\"><\/div>\n\n\n\n<p class=\"has-black-color has-text-color has-link-color wp-elements-6270139d4dfd839a8943a50b3c4b21b2\">27 de agosto, 2025:\u00a0<a href=\"https:\/\/www.ejercito.mil.uy\/index.php\/2025\/08\/27\/actualizacion-situacion-r-d-congo-27feb-2025-1730\/\">Actualizaci\u00f3n de situaci\u00f3n en R.D.Congo &#8211; 27AGO.25 &#8211; 17:30 <\/a><\/p>\n\n\n\n<div style=\"height:27px\" aria-hidden=\"true\" class=\"wp-block-spacer\"><\/div>\n\n\n\n<p class=\"has-black-color has-text-color has-link-color wp-elements-b198a77479bb69516e1cc12d76623594\">15 de agosto, 2025:\u00a0<a href=\"https:\/\/www.ejercito.mil.uy\/index.php\/2025\/08\/06\/llegada-de-los-efectivos-a-la-r-d-congo\/\">Llegada de los efectivos a la R.D.Congo<\/a><\/p>\n\n\n\n<div style=\"height:27px\" aria-hidden=\"true\" class=\"wp-block-spacer\"><\/div>\n\n\n\n<p class=\"has-black-color has-text-color has-link-color wp-elements-8d0e55163b129b3c8d2e8d6dd2c49c19\">06 de agosto, 2025:\u00a0<a href=\"https:\/\/www.ejercito.mil.uy\/index.php\/2025\/08\/06\/llegada-de-los-efectivos-a-la-r-d-congo\/\">Llegada de los efectivos a la R.D.Congo<\/a><\/p>\n\n\n\n<div style=\"height:27px\" aria-hidden=\"true\" class=\"wp-block-spacer\"><\/div>\n\n\n\n<p class=\"has-black-color has-text-color has-link-color wp-elements-3bb415487617787a42df5a246b10e988\">03 de julio, 2025:&nbsp;<a href=\"https:\/\/www.ejercito.mil.uy\/index.php\/2025\/07\/03\/modificacion-saludo-del-pte-de-la-rou\/\">Modificaci\u00f3n del horario de saludo del Sr. Presidente de la ROU<\/a><\/p>\n\n\n\n<div style=\"height:27px\" aria-hidden=\"true\" class=\"wp-block-spacer\"><\/div>\n\n\n\n<p class=\"has-black-color has-text-color has-link-color wp-elements-cd4bccf215193d731490a172211e5b6c\">03 de julio, 2025:&nbsp;<a href=\"https:\/\/www.ejercito.mil.uy\/index.php\/2025\/07\/02\/comunicado-referente-al-vuelo-de-rotacion-de-efectivos-del-ejercito-en-la-r-d-congo\/\"><\/a><a href=\"https:\/\/www.ejercito.mil.uy\/index.php\/2025\/07\/03\/ampliacion-rotacion-de-tropas\/\">Ampliaci\u00f3n rotaci\u00f3n de tropas<\/a><\/p>\n\n\n\n<div style=\"height:27px\" aria-hidden=\"true\" class=\"wp-block-spacer\"><\/div>\n\n\n\n<p class=\"has-black-color has-text-color has-link-color wp-elements-5fbdc95c41106b4bfc88137270516600\">02 de julio, 2025:&nbsp;<a href=\"https:\/\/www.ejercito.mil.uy\/index.php\/2025\/07\/02\/comunicado-referente-al-vuelo-de-rotacion-de-efectivos-del-ejercito-en-la-r-d-congo\/\"><\/a><a href=\"https:\/\/www.ejercito.mil.uy\/index.php\/2025\/07\/02\/comunicado-referente-al-vuelo-de-rotacion-de-efectivos-del-ejercito-en-la-r-d-congo\/\">Vuelo de rotaci\u00f3n de efectivos del Ej\u00e9rcito en la R.D.Congo<\/a><\/p>\n\n\n\n<div style=\"height:27px\" aria-hidden=\"true\" class=\"wp-block-spacer\"><\/div>\n\n\n\n<p class=\"has-black-color has-text-color has-link-color wp-elements-e3d4d20fd8b54bc263416dd5875a9fa7\">06 de mayo, 2025: <a href=\"https:\/\/www.ejercito.mil.uy\/index.php\/2025\/05\/06\/comunicado-repatriacion-de-los-restos-del-cabo-1a-julio-cesar-alvarez-caceres\/\">Repatriaci\u00f3n de los restos del Cabo 1\u00aa Julio C\u00e9sar \u00c1lvarez C\u00e1ceres &#8211; 06MAY.2025 &#8211; 15:20<\/a><\/p>\n\n\n\n<div style=\"height:27px\" aria-hidden=\"true\" class=\"wp-block-spacer\"><\/div>\n\n\n\n<p class=\"has-black-color has-text-color has-link-color wp-elements-0b77faa6a0ac976d55a814043cbfb1a0\">28 de abril, 2025: <a href=\"https:\/\/www.ejercito.mil.uy\/index.php\/2025\/04\/28\/retorno-del-sargento-adrian-fernandez\/\">Retorno del Sargento Adri\u00e1n Fern\u00e1ndez &#8211; 28ABR.2025 &#8211; 15:30<\/a><\/p>\n\n\n\n<div style=\"height:27px\" aria-hidden=\"true\" class=\"wp-block-spacer\"><\/div>\n\n\n\n<p class=\"has-black-color has-text-color has-link-color wp-elements-9a909a653f48ba7eb58de8a13ffabac1\">16 de abril, 2025: <a href=\"https:\/\/www.ejercito.mil.uy\/index.php\/2025\/04\/16\/actualizacion-situacion-r-d-congo-16abr-2025-0925-h\/\" data-type=\"link\" data-id=\"https:\/\/www.ejercito.mil.uy\/index.php\/2025\/02\/14\/actualizacion-situacion-r-d-congo-14feb-2025-1300-h\/\">Fallecimiento del Cabo 1\u00aa JULIO \u00c1LVAREZ &#8211; R.D.Congo &#8211; 16ABR.2025 &#8211; 09:25<\/a><\/p>\n\n\n\n<div style=\"height:27px\" aria-hidden=\"true\" class=\"wp-block-spacer\"><\/div>\n\n\n\n<p class=\"has-black-color has-text-color has-link-color wp-elements-ea734e75d9fbb596acc8a9d87d5a8802\">27 de febrero, 2025: <a href=\"https:\/\/www.ejercito.mil.uy\/index.php\/2025\/02\/27\/actualizacion-situacion-r-d-congo-27feb-2025-1745-h\/\" data-type=\"link\" data-id=\"https:\/\/www.ejercito.mil.uy\/index.php\/2025\/02\/14\/actualizacion-situacion-r-d-congo-14feb-2025-1300-h\/\">Actualizaci\u00f3n situaci\u00f3n R.D.Congo &#8211; 27FEB.2025 &#8211; 17:45<\/a><\/p>\n\n\n\n<div style=\"height:27px\" aria-hidden=\"true\" class=\"wp-block-spacer\"><\/div>\n\n\n\n<p class=\"has-black-color has-text-color has-link-color wp-elements-8561292b77dbaff6d881df2753973f34\">25 de febrero, 2025:<br><a href=\"https:\/\/www.ejercito.mil.uy\/index.php\/2025\/02\/25\/el-batallon-uruguay-iv-rinde-homenaje-al-soldado-1a-rodolfo-alvarez-caido-en-combate-en-la-r-d-congo\/\">El Batall\u00f3n \u00abUruguay IV\u00bb rinde homenaje al Soldado 1\u00aa Rodolfo \u00c1lvarez ca\u00eddo en combate en la R.D.Congo<\/a><\/p>\n\n\n\n<div style=\"height:27px\" aria-hidden=\"true\" class=\"wp-block-spacer\"><\/div>\n\n\n\n<p class=\"has-black-color has-text-color has-link-color wp-elements-4d7453033c97d2daca36fa42cfe368c7\">14 de febrero, 2025: <a href=\"https:\/\/www.ejercito.mil.uy\/index.php\/2025\/02\/14\/actualizacion-situacion-r-d-congo-14feb-2025-1300-h\/\" data-type=\"link\" data-id=\"https:\/\/www.ejercito.mil.uy\/index.php\/2025\/02\/14\/actualizacion-situacion-r-d-congo-14feb-2025-1300-h\/\">Actualizaci\u00f3n situaci\u00f3n R.D.Congo &#8211; 14FEB.2025 &#8211; 13:00<\/a><\/p>\n\n\n\n<div style=\"height:27px\" aria-hidden=\"true\" class=\"wp-block-spacer\"><\/div>\n\n\n\n<p class=\"has-black-color has-text-color has-link-color wp-elements-fb16650b1b0e4bc845bce4980ce37d47\">13 de febrero, 2025:<br><a href=\"https:\/\/www.ejercito.mil.uy\/index.php\/2025\/02\/13\/el-ejercito-nacional-con-profundo-dolor-rinde-homenaje-al-soldado-1a-rodolfo-alvarez-caido-en-combate-en-la-r-d-congo\/\">El Ej\u00e9rcito Nacional con profundo dolor, rinde homenaje al Soldado 1\u00aa Rodolfo \u00c1lvarez ca\u00eddo en combate en la R.D.Congo<\/a><\/p>\n\n\n\n<div style=\"height:27px\" aria-hidden=\"true\" class=\"wp-block-spacer\"><\/div>\n\n\n\n<p class=\"has-black-color has-text-color has-link-color wp-elements-1291c1c43620bd36338a2e910ef29ecf\">13 de febrero, 2025: <a href=\"https:\/\/www.ejercito.mil.uy\/index.php\/2025\/02\/13\/actualizacion-situacion-r-d-congo-13feb-2025-1330-h\/\">Actualizaci\u00f3n situaci\u00f3n R.D.Congo &#8211; 13FEB.2025 &#8211; 13:30<\/a><\/p>\n\n\n\n<div style=\"height:27px\" aria-hidden=\"true\" class=\"wp-block-spacer\"><\/div>\n\n\n\n<p class=\"has-black-color has-text-color has-link-color wp-elements-0ab377d8b9e86d233c8805bc2e9f6a27\">12 de febrero, 2025: <a href=\"https:\/\/www.ejercito.mil.uy\/index.php\/2025\/02\/12\/actualizacion-situacion-r-d-congo-12feb-2025-1500-h\/\">Actualizaci\u00f3n situaci\u00f3n R.D.Congo &#8211; 12FEB.2025 &#8211; 15:00<\/a><\/p>\n\n\n\n<div style=\"height:27px\" aria-hidden=\"true\" class=\"wp-block-spacer\"><\/div>\n\n\n\n<p class=\"has-black-color has-text-color has-link-color wp-elements-8f543748d343cc60c0e79c93b85ce9af\">11 de febrero, 2025: <a href=\"https:\/\/www.ejercito.mil.uy\/index.php\/2025\/02\/11\/actualizacion-situacion-r-d-congo-11feb-2025-1300-h\/\">Actualizaci\u00f3n situaci\u00f3n R.D.Congo &#8211; 11FEB.2025 &#8211; 13:00<\/a><\/p>\n\n\n\n<div style=\"height:27px\" aria-hidden=\"true\" class=\"wp-block-spacer\"><\/div>\n\n\n\n<p class=\"has-black-color has-text-color has-link-color wp-elements-e006a2ae531fab72e7c8d0b292103505\">10 de febrero, 2025: <a href=\"https:\/\/www.ejercito.mil.uy\/index.php\/2025\/02\/10\/actualizacion-situacion-r-d-congo-10feb-2025-1600-h\/\">Actualizaci\u00f3n situaci\u00f3n R.D.Congo &#8211; 10FEB.2025 &#8211; 16:30<\/a><\/p>\n\n\n\n<div style=\"height:27px\" aria-hidden=\"true\" class=\"wp-block-spacer\"><\/div>\n\n\n\n<p class=\"has-black-color has-text-color has-link-color wp-elements-cea45285cde92f28595382a34d6ba534\">10 de febrero, 2025: <a href=\"https:\/\/www.ejercito.mil.uy\/index.php\/2025\/02\/10\/actualizacion-situacion-r-d-congo-10feb-2025-1300-h\/\">Actualizaci\u00f3n situaci\u00f3n R.D.Congo &#8211; 10FEB.2025 &#8211; 13:00<\/a><\/p>\n\n\n\n<div style=\"height:27px\" aria-hidden=\"true\" class=\"wp-block-spacer\"><\/div>\n\n\n\n<p class=\"has-black-color has-text-color has-link-color wp-elements-f8c70df68c7eed2e552571b2ad403c32\">09 de febrero, 2025: <a href=\"https:\/\/www.ejercito.mil.uy\/index.php\/2025\/02\/09\/actualizacion-situacion-r-d-congo-09feb-2025-1300-h\/\">Actualizaci\u00f3n situaci\u00f3n R.D.Congo &#8211; 09FEB.2025 &#8211; 13:00<\/a><\/p>\n\n\n\n<div style=\"height:27px\" aria-hidden=\"true\" class=\"wp-block-spacer\"><\/div>\n\n\n\n<p class=\"has-black-color has-text-color has-link-color wp-elements-e3e2fe873954028c8dfa7101511ecebe\">08 de febrero, 2025: <a href=\"https:\/\/www.ejercito.mil.uy\/index.php\/2025\/02\/08\/actualizacion-situacion-r-d-congo-08feb-2025-1300-h\/\">Actualizaci\u00f3n situaci\u00f3n R.D.Congo &#8211; 08FEB.2025 &#8211; 13:00<\/a><\/p>\n\n\n\n<div style=\"height:27px\" aria-hidden=\"true\" class=\"wp-block-spacer\"><\/div>\n\n\n\n<p class=\"has-black-color has-text-color has-link-color wp-elements-a2c12751754ffefaa656c83c5be59d41\">07 de febrero, 2025: <a href=\"https:\/\/www.ejercito.mil.uy\/index.php\/2025\/02\/07\/actualizacion-situacion-r-d-congo-07feb-2025-1400-h\/\">Actualizaci\u00f3n situaci\u00f3n R.D.Congo &#8211; 07FEB.2025 &#8211; 14:00<\/a><\/p>\n\n\n\n<div style=\"height:27px\" aria-hidden=\"true\" class=\"wp-block-spacer\"><\/div>\n\n\n\n<p class=\"has-black-color has-text-color has-link-color wp-elements-b789d44d0631964012aebab763c9c46f\">06 de febrero, 2025: <a href=\"https:\/\/www.ejercito.mil.uy\/index.php\/2025\/02\/06\/actualizacion-situacion-r-d-congo-06feb-2025-1300-h\/\">Actualizaci\u00f3n situaci\u00f3n R.D.Congo &#8211; 06FEB.2025 &#8211; 13:00<\/a><\/p>\n\n\n\n<div style=\"height:27px\" aria-hidden=\"true\" class=\"wp-block-spacer\"><\/div>\n\n\n\n<p class=\"has-black-color has-text-color has-link-color wp-elements-ae2555899cec81a6032d8181c52e858f\">05 de febrero, 2025: <a href=\"https:\/\/www.ejercito.mil.uy\/index.php\/2025\/02\/04\/actualizacion-situacion-r-d-congo-04feb-2025-1300-h\/\">Actualizaci\u00f3n situaci\u00f3n R.D.Congo &#8211; 05FEB.2025 &#8211; 13:00<\/a><\/p>\n\n\n\n<div style=\"height:27px\" aria-hidden=\"true\" class=\"wp-block-spacer\"><\/div>\n\n\n\n<p class=\"has-black-color has-text-color has-link-color wp-elements-5182e6e4a80850ff1e94a29496cc5f26\">04 de febrero, 2025: <a href=\"https:\/\/www.ejercito.mil.uy\/index.php\/2025\/02\/04\/actualizacion-situacion-r-d-congo-04feb-2025-1300-h-2\/\">Actualizaci\u00f3n situaci\u00f3n R.D.Congo &#8211; 04FEB.2025 &#8211; 13:00<\/a><\/p>\n\n\n\n<div style=\"height:27px\" aria-hidden=\"true\" class=\"wp-block-spacer\"><\/div>\n\n\n\n<p class=\"has-black-color has-text-color has-link-color wp-elements-f3d8da00b08bd2621f0b993d0c6edc5b\">04 de febrero, 2025: <a href=\"https:\/\/www.ejercito.mil.uy\/index.php\/2025\/02\/04\/actualizacion-situacion-r-d-congo-04feb-2025-0830-h\/\">Actualizaci\u00f3n situaci\u00f3n R.D.Congo &#8211; 04FEB.2025 &#8211; 08:30<\/a><\/p>\n\n\n\n<div style=\"height:27px\" aria-hidden=\"true\" class=\"wp-block-spacer\"><\/div>\n\n\n\n<p class=\"has-black-color has-text-color has-link-color wp-elements-45d6d26247124ec9bc420eb75df84f77\" style=\"font-size:18px\">03 de febrero, 2025: <a href=\"https:\/\/www.ejercito.mil.uy\/index.php\/2025\/02\/03\/actualizacion-situacion-r-d-congo-03feb-2025-1300-h\/\">Actualizaci\u00f3n situaci\u00f3n R.D.Congo &#8211; 03FEB.2025 &#8211; 13:00<\/a><\/p>\n\n\n\n<div style=\"height:27px\" aria-hidden=\"true\" class=\"wp-block-spacer\"><\/div>\n\n\n\n<p class=\"has-black-color has-text-color has-link-color wp-elements-469f7c3df1527aaeb45b897b6bd47f87\" style=\"font-size:18px\">02 de febrero, 2025: <a href=\"https:\/\/www.ejercito.mil.uy\/index.php\/2025\/02\/02\/actualizacion-situacion-r-d-congo-02feb-2025-1200-h\/\">Actualizaci\u00f3n situaci\u00f3n R.D.Congo &#8211; 02FEB.2025 &#8211; 12:00<\/a><\/p>\n\n\n\n<div style=\"height:27px\" aria-hidden=\"true\" class=\"wp-block-spacer\"><\/div>\n\n\n\n<p class=\"has-black-color has-text-color has-link-color wp-elements-594957718c6f8c78ed7759bfddbc0272\" style=\"font-size:18px\">01 de febrero, 2025: <a href=\"https:\/\/www.ejercito.mil.uy\/index.php\/2025\/02\/01\/actualizacion-situacion-r-d-congo-01feb-2025-1900-h\/\">Actualizaci\u00f3n situaci\u00f3n R.D.Congo &#8211; 01FEB.2025 &#8211; 19:00<\/a><\/p>\n\n\n\n<div style=\"height:27px\" aria-hidden=\"true\" class=\"wp-block-spacer\"><\/div>\n\n\n\n<p class=\"has-black-color has-text-color has-link-color wp-elements-4fa7dc9894211e70afc50d965cc35c5d\" style=\"font-size:18px\">01 de febrero, 2025: <a href=\"https:\/\/www.ejercito.mil.uy\/index.php\/2025\/02\/01\/actualizacion-situacion-r-d-congo-301feb-2025-1300-h\/\">Actualizaci\u00f3n situaci\u00f3n R.D.Congo &#8211; 01FEB.2025 &#8211; 13:00<\/a><\/p>\n\n\n\n<div style=\"height:27px\" aria-hidden=\"true\" class=\"wp-block-spacer\"><\/div>\n\n\n\n<p class=\"has-black-color has-text-color has-link-color wp-elements-55aa6adf876b9015299d69ba29ea6ca8\" style=\"font-size:18px\">31 de enero, 2025: <a href=\"https:\/\/www.ejercito.mil.uy\/index.php\/2025\/01\/31\/actualizacion-situacion-r-d-congo-31ene-2025-1300-h\/\">Actualizaci\u00f3n situaci\u00f3n R.D.Congo &#8211; 31ENE.2025 &#8211; 13:00<\/a><\/p>\n\n\n\n<div style=\"height:27px\" aria-hidden=\"true\" class=\"wp-block-spacer\"><\/div>\n\n\n\n<p class=\"has-black-color has-text-color has-link-color wp-elements-77ea1e688e4419350211fe7005bf7869\" style=\"font-size:18px\">30 de enero, 2025: <a href=\"https:\/\/www.ejercito.mil.uy\/index.php\/2025\/01\/30\/actualizacion-situacion-r-d-congo-30ene-2025-1545-h\/\">Actualizaci\u00f3n situaci\u00f3n R.D.Congo &#8211; 30ENE.2025 &#8211; 15:45<\/a><\/p>\n\n\n\n<div style=\"height:27px\" aria-hidden=\"true\" class=\"wp-block-spacer\"><\/div>\n\n\n\n<p class=\"has-black-color has-text-color has-link-color wp-elements-fb6bbd3adfe02d9b30b600d0c3de281d\" style=\"font-size:18px\">30 de enero, 2025: <a href=\"https:\/\/www.ejercito.mil.uy\/index.php\/2025\/01\/30\/actualizacion-situacion-r-d-congo-30ene-2025-1300-h\/\">Actualizaci\u00f3n situaci\u00f3n R.D.Congo &#8211; 30ENE.2025 &#8211; 13:00<\/a><\/p>\n\n\n\n<div style=\"height:27px\" aria-hidden=\"true\" class=\"wp-block-spacer\"><\/div>\n\n\n\n<p class=\"has-black-color has-text-color has-link-color wp-elements-49b29d1de8a5c0fdaac8843ca863c7c6\" style=\"font-size:18px\">29 de enero, 2025: <a href=\"https:\/\/www.ejercito.mil.uy\/index.php\/2025\/01\/29\/actualizacion-situacion-r-d-congo-29ene-2025-1800-h\/\">Actualizaci\u00f3n situaci\u00f3n R.D.Congo &#8211; 29ENE.2025 &#8211; 18:00<\/a><\/p>\n\n\n\n<div style=\"height:27px\" aria-hidden=\"true\" class=\"wp-block-spacer\"><\/div>\n\n\n\n<p class=\"has-black-color has-text-color has-link-color wp-elements-1c8243dc4a7c48cb64789153b6cd6d99\" style=\"font-size:18px\">29 de enero, 2025: <a href=\"https:\/\/www.ejercito.mil.uy\/index.php\/2025\/01\/29\/actualizacion-situacion-r-d-congo-29ene-2025-0900-h\/\">Actualizaci\u00f3n situaci\u00f3n R.D.Congo &#8211; 29ENE.2025 &#8211; 09:00<\/a><\/p>\n\n\n\n<div style=\"height:27px\" aria-hidden=\"true\" class=\"wp-block-spacer\"><\/div>\n\n\n\n<p class=\"has-black-color has-text-color has-link-color wp-elements-61974ae6f74510cc43cf719c5e7a0e47\" style=\"font-size:18px\">28 de enero, 2025: <a href=\"https:\/\/www.ejercito.mil.uy\/index.php\/2025\/01\/28\/actualizacion-situacion-r-d-congo-28ene-2025-1800-h\/\">Actualizaci\u00f3n situaci\u00f3n R.D.Congo &#8211; 28ENE.2025 &#8211; 18:00<\/a><\/p>\n\n\n\n<div style=\"height:27px\" aria-hidden=\"true\" class=\"wp-block-spacer\"><\/div>\n\n\n\n<p class=\"has-black-color has-text-color has-link-color wp-elements-2db97e8d10b0b243d3ac005768437577\" style=\"font-size:18px\">28 de enero, 2025: <a href=\"https:\/\/www.ejercito.mil.uy\/index.php\/2025\/01\/28\/actualizacion-situacion-r-d-congo-28ene-2025-0800-h\/\">Actualizaci\u00f3n situaci\u00f3n R.D.Congo &#8211; 28ENE.2025 &#8211; 08:00<\/a><\/p>\n\n\n\n<div style=\"height:27px\" aria-hidden=\"true\" class=\"wp-block-spacer\"><\/div>\n\n\n\n<p class=\"has-black-color has-text-color has-link-color wp-elements-23960c256c4d1f7034dee142dd4e88d9\" style=\"font-size:18px\">27 de enero, 2025: <a href=\"https:\/\/www.ejercito.mil.uy\/index.php\/2025\/01\/27\/actualizacion-situacion-r-d-congo-27ene-2025-2000-h\/\">Actualizaci\u00f3n situaci\u00f3n R.D.Congo &#8211; 27ENE.2025 &#8211; 20:00<\/a><\/p>\n\n\n\n<div style=\"height:27px\" aria-hidden=\"true\" class=\"wp-block-spacer\"><\/div>\n\n\n\n<p class=\"has-black-color has-text-color has-link-color wp-elements-49d028433054410708f76c2f29da05ee\" style=\"font-size:18px\">27 de enero, 2025: <a href=\"https:\/\/www.ejercito.mil.uy\/index.php\/2025\/01\/27\/actualizacion-situacion-r-d-congo-27ene-2025-1800-h\/\">Actualizaci\u00f3n situaci\u00f3n R.D.Congo &#8211; 27ENE.2025 &#8211; 18:00<\/a><\/p>\n\n\n\n<div style=\"height:27px\" aria-hidden=\"true\" class=\"wp-block-spacer\"><\/div>\n\n\n\n<p class=\"has-black-color has-text-color has-link-color wp-elements-c6594e5be4e5a8b078ee331758a00594\" style=\"font-size:18px\">27 de enero, 2025: <a href=\"https:\/\/www.ejercito.mil.uy\/wp-admin\/post.php?post=40145&amp;action=edit\">Actualizaci\u00f3n situaci\u00f3n R.D.Congo &#8211; 27ENE.2025 &#8211; 09:00<\/a><\/p>\n\n\n\n<div style=\"height:27px\" aria-hidden=\"true\" class=\"wp-block-spacer\"><\/div>\n\n\n\n<p class=\"has-black-color has-text-color has-link-color wp-elements-e115243432f84ba860a57e02c5c9d225\" style=\"font-size:18px\">26 de enero, 2025: <a href=\"https:\/\/www.ejercito.mil.uy\/index.php\/2025\/01\/26\/actualizacion-situacion-r-d-congo-26ene-2025-1800\/\">Actualizaci\u00f3n situaci\u00f3n R.D.Congo &#8211; 26ENE.2025 &#8211; 18:00<\/a><\/p>\n\n\n\n<div style=\"height:27px\" aria-hidden=\"true\" class=\"wp-block-spacer\"><\/div>\n\n\n\n<p class=\"has-black-color has-text-color has-link-color wp-elements-d82dce977591f4fcbc6af06e5a2f6c3c\" style=\"font-size:18px\">26 de enero, 2025: <a href=\"https:\/\/www.ejercito.mil.uy\/wp-admin\/post.php?post=40124&amp;action=edit\">Actualizaci\u00f3n situaci\u00f3n R.D.Congo &#8211; 26ENE.2025 &#8211; 12:00<\/a><\/p>\n\n\n\n<div style=\"height:27px\" aria-hidden=\"true\" class=\"wp-block-spacer\"><\/div>\n\n\n\n<p class=\"has-black-color has-text-color has-link-color wp-elements-f5eb83dac95a930898d1fd040defe872\" style=\"font-size:18px\">25 de enero, 2025: <a href=\"https:\/\/www.ejercito.mil.uy\/index.php\/2025\/01\/25\/comunicado-traslado-del-sgto-adrian-fernandez\/\">Comunicado referente a traslado del Sgto. Adri\u00e1n Fern\u00e1ndez<\/a><\/p>\n\n\n\n<div style=\"height:27px\" aria-hidden=\"true\" class=\"wp-block-spacer\"><\/div>\n\n\n\n<p class=\"has-black-color has-text-color has-link-color wp-elements-143e81b7d0671825d2ebcd7064a71a29\" style=\"font-size:18px\">25 de enero, 2025: <a href=\"https:\/\/www.ejercito.mil.uy\/index.php\/2025\/01\/25\/comunicado-conferencia-de-prensa-25-de-enero-2025\/\">Comunicado Conferencia de prensa \u2013 25 de enero 2025<\/a><\/p>\n\n\n\n<div style=\"height:27px\" aria-hidden=\"true\" class=\"wp-block-spacer\"><\/div>\n\n\n\n<p class=\"has-black-color has-text-color has-link-color wp-elements-dd17294ab1d9d6ad761d9e31942d6c48\" style=\"font-size:18px\">25 de enero, 2025: <a href=\"https:\/\/www.ejercito.mil.uy\/index.php\/2025\/01\/25\/comunicado-fallecimiento-de-personal-militar-25-de-enero-2025\/\">Comunicado de prensa referente a fallecimiento de Personal Militar en la R. D. Congo<\/a><\/p>\n\n\n\n<div style=\"height:27px\" aria-hidden=\"true\" class=\"wp-block-spacer\"><\/div>\n\n\n\n<p class=\"has-black-color has-text-color has-link-color wp-elements-a2142e565584cf94ad2cdfc8e96813f3\" style=\"font-size:18px\">24 de enero, 2025: <a href=\"https:\/\/www.ejercito.mil.uy\/index.php\/2025\/01\/24\/comunicado-referente-a-relevo-de-efectivos-del-ejercito-en-la-r-d-congo-24-de-enero-2025\/\">Comunicado de prensa referente a relevo de efectivos del Ej\u00e9rcito en la R. D. Congo<\/a><\/p>\n\n\n\n<div style=\"height:27px\" aria-hidden=\"true\" class=\"wp-block-spacer\"><\/div>\n\n\n\n<p class=\"has-black-color has-text-color has-link-color wp-elements-ebc6b1de4483792d29b0fc30e30b2068\" style=\"font-size:18px\">23 de enero, 2025: <a href=\"https:\/\/www.ejercito.mil.uy\/index.php\/2025\/01\/23\/comunicado-referente-a-situacion-en-rdcongo-ene25\/\">Comunicado de prensa referente a situaci\u00f3n en R. D. Congo <\/a><\/p>\n\n\n\n<div style=\"height:27px\" aria-hidden=\"true\" class=\"wp-block-spacer\"><\/div>\n\n\n\n<div style=\"height:100px\" aria-hidden=\"true\" class=\"wp-block-spacer\"><\/div>\n\n\n\n<p style=\"font-size:14px\"><\/p>\n","protected":false},"excerpt":{"rendered":"<p>14 de febrero, 2025: Ante la estabilizaci\u00f3n de la situaci\u00f3n de seguridad, se informa que a partir del d\u00eda de la fecha, solo se emitir\u00e1n comunicados ante cambios significativos. 27 de agosto, 2025:\u00a0Actualizaci\u00f3n de situaci\u00f3n en R.D.Congo &#8211; 27AGO.25 &#8211; 17:30 15 de agosto, 2025:\u00a0Llegada de los efectivos a la R.D.Congo 06 de agosto, 2025:\u00a0Llegada <a href=\"https:\/\/www.ejercito.mil.uy\/index.php\/comunicados-de-prensa-rdcongo\/\" class=\"more-link\">&#8230;<span class=\"screen-reader-text\">  Comunicados de prensa R.D.CONGO<\/span><\/a><\/p>\n","protected":false},"author":4,"featured_media":0,"parent":0,"menu_order":0,"comment_status":"closed","ping_status":"closed","template":"","meta":{"_coblocks_attr":"","_coblocks_dimensions":"","_coblocks_responsive_height":"","_coblocks_accordion_ie_support":"","_monsterinsights_skip_tracking":false,"_monsterinsights_sitenote_active":false,"_monsterinsights_sitenote_note":"","_monsterinsights_sitenote_category":0,"_uf_show_specific_survey":0,"_uf_disable_surveys":false,"footnotes":""},"class_list":["post-40179","page","type-page","status-publish","hentry"],"aioseo_notices":[],"_links":{"self":[{"href":"https:\/\/www.ejercito.mil.uy\/index.php\/wp-json\/wp\/v2\/pages\/40179","targetHints":{"allow":["GET"]}}],"collection":[{"href":"https:\/\/www.ejercito.mil.uy\/index.php\/wp-json\/wp\/v2\/pages"}],"about":[{"href":"https:\/\/www.ejercito.mil.uy\/index.php\/wp-json\/wp\/v2\/types\/page"}],"author":[{"embeddable":true,"href":"https:\/\/www.ejercito.mil.uy\/index.php\/wp-json\/wp\/v2\/users\/4"}],"replies":[{"embeddable":true,"href":"https:\/\/www.ejercito.mil.uy\/index.php\/wp-json\/wp\/v2\/comments?post=40179"}],"version-history":[{"count":58,"href":"https:\/\/www.ejercito.mil.uy\/index.php\/wp-json\/wp\/v2\/pages\/40179\/revisions"}],"predecessor-version":[{"id":48327,"href":"https:\/\/www.ejercito.mil.uy\/index.php\/wp-json\/wp\/v2\/pages\/40179\/revisions\/48327"}],"wp:attachment":[{"href":"https:\/\/www.ejercito.mil.uy\/index.php\/wp-json\/wp\/v2\/media?parent=40179"}],"curies":[{"name":"wp","href":"https:\/\/api.w.org\/{rel}","templated":true}]}}