{"id":571,"date":"2021-02-11T15:54:16","date_gmt":"2021-02-11T18:54:16","guid":{"rendered":"http:\/\/10.1.99.112\/?page_id=571"},"modified":"2025-12-22T12:59:19","modified_gmt":"2025-12-22T15:59:19","slug":"liceo-militar-2","status":"publish","type":"page","link":"https:\/\/www.ejercito.mil.uy\/index.php\/liceo-militar-2\/","title":{"rendered":"Liceo Militar \u00abGeneral Artigas\u00bb"},"content":{"rendered":"\n<figure class=\"wp-block-embed is-type-video is-provider-youtube wp-block-embed-youtube wp-embed-aspect-16-9 wp-has-aspect-ratio\"><div class=\"wp-block-embed__wrapper\">\n<iframe title=\"Liceo Militar &quot;General Artigas&quot;  - Inscripciones 2021\" width=\"1778\" height=\"1000\" src=\"https:\/\/www.youtube.com\/embed\/XnXg1hLHTJ8?feature=oembed\" frameborder=\"0\" allow=\"accelerometer; autoplay; clipboard-write; encrypted-media; gyroscope; picture-in-picture; web-share\" referrerpolicy=\"strict-origin-when-cross-origin\" allowfullscreen><\/iframe>\n<\/div><\/figure>\n\n\n\n<div style=\"height:44px\" aria-hidden=\"true\" class=\"wp-block-spacer\"><\/div>\n\n\n\n<p class=\"has-white-color has-text-color has-background has-link-color has-medium-font-size wp-elements-3a53e710be19a4984143370a883ac1cd\" style=\"background-color:#003885;font-size:30px\"><strong>Sedes en Montevideo y Anexo Norte (Tacuaremb\u00f3)<\/strong><\/p>\n\n\n\n<div style=\"height:44px\" aria-hidden=\"true\" class=\"wp-block-spacer\"><\/div>\n\n\n\n<p class=\"has-black-color has-text-color has-link-color wp-elements-ba21d5a3bd1540890167b0893c2b5179\" style=\"font-size:18px\">El Liceo Militar \u00abGral. Artigas\u00bb es un Instituto de Ense\u00f1anza Secundaria Media con caracter\u00edsticas c\u00edvico \u2013 militar, fundado el 13 de marzo de 1947, por Decreto del Poder Ejecutivo N\u00ba 9.010, durante la presidencia del Dr. Tom\u00e1s Berreta.<\/p>\n\n\n\n<div style=\"height:44px\" aria-hidden=\"true\" class=\"wp-block-spacer\"><\/div>\n\n\n\n<p class=\"has-black-color has-text-color has-link-color wp-elements-f1a553663f6cbb5f319d5e82ab874277\" style=\"font-size:18px\">Naci\u00f3 como un centro educativo destinado a <em>\u201cimpartir Ense\u00f1anza Secundaria gratuita\u201d<\/em> sobre planes de estudios y programas establecidos, en su momento, por el Consejo Nacional de Ense\u00f1anza Secundaria y Preparatoria. Coincidente con un per\u00edodo de avance econ\u00f3mico y cultural del pa\u00eds, el Ej\u00e9rcito Nacional, propuso eliminar los cursos secundarios impartidos en la Escuela Militar y crear un \u00e1mbito espec\u00edfico de desarrollo educativo en esta etapa de la juventud, integr\u00e1ndose as\u00ed al esfuerzo del Estado para el desarrollo y formaci\u00f3n de sus ciudadanos.<\/p>\n\n\n\n<div style=\"height:44px\" aria-hidden=\"true\" class=\"wp-block-spacer\"><\/div>\n\n\n\n<p class=\"has-black-color has-text-color has-link-color wp-elements-4ab2a173342f1a12a8168a55c2a4e16e\" style=\"font-size:18px\">En el Liceo Militar podr\u00e1s conocer tu verdadera vocaci\u00f3n y desarrollar al m\u00e1ximo tu potencial.  Podr\u00e1s ingresar \u00fanicamente a 4\u00ba o 5\u00ba de liceo;  6\u00ba a\u00f1o est\u00e1 habilitado \u00fanicamente a aquellos que ya son alumnos del liceo. <\/p>\n\n\n\n<div style=\"height:66px\" aria-hidden=\"true\" class=\"wp-block-spacer\"><\/div>\n\n\n\n<p class=\"has-black-color has-text-color has-link-color has-medium-font-size wp-elements-771007c7bffffe6305d6f2075238cfe3\"><strong>Requisitos<\/strong>: <\/p>\n\n\n\n<p class=\"has-black-color has-text-color has-link-color wp-elements-607ae63f53acdef783837b8f35417d86\">\ud83d\udccc Ser ciudadano uruguayo natural o legal con 3 a\u00f1os de ejercicio (en caso de ciudadano legal, deber\u00e1 presentar constancia de inicio de tr\u00e1mite de revalidas)<\/p>\n\n\n\n<p><\/p>\n\n\n\n<p class=\"has-black-color has-text-color has-link-color wp-elements-a4c4217c9b115998f8526e6690293253\">\ud83d\udccc Ser soltero y sin descendencia, y mantener esa situaci\u00f3n durante su permanencia como alumno<\/p>\n\n\n\n<p><\/p>\n\n\n\n<p class=\"has-black-color has-text-color has-link-color wp-elements-103db2e1b81d8a3a423c242528ba08b4\">\ud83d\udccc Para el ingreso a 4\u00ba a\u00f1o, ser menor de 18 a\u00f1os al 1\u00ba de marzo del a\u00f1o de ingreso. Haber aprobado 3\u00ba de Ciclo B\u00e1sico y no tener materias previas <\/p>\n\n\n\n<p><\/p>\n\n\n\n<p class=\"has-black-color has-text-color has-link-color wp-elements-ba19eb7cefa4244060aa6eb3f1764028\">\ud83d\udccc Para el ingreso a 5\u00ba, haber aprobado 4\u00ba a\u00f1o y no tener materias previas<\/p>\n\n\n\n<p><\/p>\n\n\n\n<div style=\"height:30px\" aria-hidden=\"true\" class=\"wp-block-spacer\"><\/div>\n\n\n\n<p class=\"has-medium-font-size\"><strong>Para mas informaci\u00f3n visit\u00e1 el <a href=\"https:\/\/liceomilitar.edu.uy\/inscripciones-ano-2026--formularios---meterial-de-apoyo-.html\" target=\"_blank\" rel=\"noopener\" title=\"\">sitio web del Liceo Militar<\/a><\/strong><\/p>\n\n\n\n<div style=\"height:100px\" aria-hidden=\"true\" class=\"wp-block-spacer\"><\/div>\n\n\n\n<p class=\"has-black-color has-text-color has-link-color has-medium-font-size wp-elements-e531fa009fa958253def9a1899e447c0\"><strong>Ubicaci\u00f3n:<\/strong><\/p>\n\n\n\n<div style=\"height:33px\" aria-hidden=\"true\" class=\"wp-block-spacer\"><\/div>\n\n\n\n<div class=\"wp-block-group\"><div class=\"wp-block-group__inner-container is-layout-flow wp-block-group-is-layout-flow\">\n<div style=\"min-height:400px\" data-map-attr=\"\/qaddress\/q:\/qliceo militar general artigas, montevideo, uruguay\/q||\/qlat\/q:\/qundefined\/q||\/qlng\/q:\/qundefined\/q||\/qskin\/q:\/qstandard\/q||\/qzoom\/q:\/q15\/q||\/qiconSize\/q:\/q36\/q||\/qmapTypeControl\/q:\/qtrue\/q||\/qzoomControl\/q:\/qtrue\/q||\/qstreetViewControl\/q:\/qtrue\/q||\/qfullscreenControl\/q:\/qtrue\/q\" class=\"wp-block-coblocks-map\"><iframe title=\"Google Map\" frameborder=\"0\" style=\"width:100%;min-height:400px\" src=\"https:\/\/www.google.com\/maps?q=liceo%20militar%20general%20artigas%2C%20montevideo%2C%20uruguay&amp;output=embed&amp;hl=es-UY&amp;z=15\"><\/iframe><\/div>\n<\/div><\/div>\n\n\n\n<div style=\"height:66px\" aria-hidden=\"true\" class=\"wp-block-spacer\"><\/div>\n\n\n\n<div style=\"min-height:400px\" data-map-attr=\"\/qaddress\/q:\/qliceo militar, tacuaremb\u00f3, uruguay\/q||\/qlat\/q:\/qundefined\/q||\/qlng\/q:\/qundefined\/q||\/qskin\/q:\/qstandard\/q||\/qzoom\/q:\/q15\/q||\/qiconSize\/q:\/q36\/q||\/qmapTypeControl\/q:\/qtrue\/q||\/qzoomControl\/q:\/qtrue\/q||\/qstreetViewControl\/q:\/qtrue\/q||\/qfullscreenControl\/q:\/qtrue\/q\" class=\"wp-block-coblocks-map\"><iframe title=\"Google Map\" frameborder=\"0\" style=\"width:100%;min-height:400px\" src=\"https:\/\/www.google.com\/maps?q=liceo%20militar%2C%20tacuaremb%C3%B3%2C%20uruguay&amp;output=embed&amp;hl=es-UY&amp;z=15\"><\/iframe><\/div>\n\n\n\n<div style=\"height:100px\" aria-hidden=\"true\" class=\"wp-block-spacer\"><\/div>\n","protected":false},"excerpt":{"rendered":"<p>Sedes en Montevideo y Anexo Norte (Tacuaremb\u00f3) El Liceo Militar \u00abGral. Artigas\u00bb es un Instituto de Ense\u00f1anza Secundaria Media con caracter\u00edsticas c\u00edvico \u2013 militar, fundado el 13 de marzo de 1947, por Decreto del Poder Ejecutivo N\u00ba 9.010, durante la presidencia del Dr. Tom\u00e1s Berreta. Naci\u00f3 como un centro educativo destinado a \u201cimpartir Ense\u00f1anza Secundaria <a href=\"https:\/\/www.ejercito.mil.uy\/index.php\/liceo-militar-2\/\" class=\"more-link\">&#8230;<span class=\"screen-reader-text\">  Liceo Militar \u00abGeneral Artigas\u00bb<\/span><\/a><\/p>\n","protected":false},"author":1,"featured_media":0,"parent":0,"menu_order":0,"comment_status":"closed","ping_status":"closed","template":"","meta":{"_coblocks_attr":"","_coblocks_dimensions":"","_coblocks_responsive_height":"","_coblocks_accordion_ie_support":"","_monsterinsights_skip_tracking":false,"_monsterinsights_sitenote_active":false,"_monsterinsights_sitenote_note":"","_monsterinsights_sitenote_category":0,"_uf_show_specific_survey":0,"_uf_disable_surveys":false,"footnotes":""},"class_list":["post-571","page","type-page","status-publish","hentry"],"aioseo_notices":[],"_links":{"self":[{"href":"https:\/\/www.ejercito.mil.uy\/index.php\/wp-json\/wp\/v2\/pages\/571","targetHints":{"allow":["GET"]}}],"collection":[{"href":"https:\/\/www.ejercito.mil.uy\/index.php\/wp-json\/wp\/v2\/pages"}],"about":[{"href":"https:\/\/www.ejercito.mil.uy\/index.php\/wp-json\/wp\/v2\/types\/page"}],"author":[{"embeddable":true,"href":"https:\/\/www.ejercito.mil.uy\/index.php\/wp-json\/wp\/v2\/users\/1"}],"replies":[{"embeddable":true,"href":"https:\/\/www.ejercito.mil.uy\/index.php\/wp-json\/wp\/v2\/comments?post=571"}],"version-history":[{"count":11,"href":"https:\/\/www.ejercito.mil.uy\/index.php\/wp-json\/wp\/v2\/pages\/571\/revisions"}],"predecessor-version":[{"id":54207,"href":"https:\/\/www.ejercito.mil.uy\/index.php\/wp-json\/wp\/v2\/pages\/571\/revisions\/54207"}],"wp:attachment":[{"href":"https:\/\/www.ejercito.mil.uy\/index.php\/wp-json\/wp\/v2\/media?parent=571"}],"curies":[{"name":"wp","href":"https:\/\/api.w.org\/{rel}","templated":true}]}}